{"id":689733,"date":"2024-08-17T15:11:05","date_gmt":"2024-08-17T12:11:05","guid":{"rendered":"https:\/\/nbg.eu\/product\/firing-pin-3x16-kmr\/"},"modified":"2026-05-13T16:02:51","modified_gmt":"2026-05-13T13:02:51","slug":"firing-pin-3x16-kmr","status":"publish","type":"product","link":"https:\/\/nbg.eu\/hu\/termek\/firing-pin-3x16-kmr\/","title":{"rendered":"KMR \u00dct\u0151szeg R\u00f6gz\u00edt\u0151csap 3&#215;16 S-02"},"content":{"rendered":"<h2>Z\u00e1r\u00f3szerkezet 3X16 KMR: Gy\u00fajt\u00e1si megb\u00edzhat\u00f3s\u00e1g tervezve versenyszer\u0171 l\u00f6v\u00e9szetre<\/h2>\n<p>A versenyszer\u0171 l\u00f6v\u00e9szet k\u00f6vetelm\u00e9nyeire tervezve, a Z\u00e1r\u00f3szerkezet 3X16 KMR kompromisszummentes gy\u00fajt\u00e1si megb\u00edzhat\u00f3s\u00e1got \u00e9s \u00fct\u00e9s\u00e1ll\u00f3s\u00e1got ny\u00fajt. Nagy szil\u00e1rds\u00e1g\u00fa edzett ac\u00e9lb\u00f3l prec\u00edzen megmunk\u00e1lt 3&#215;16 mm-es m\u00e9retekben, ezt a z\u00e1r\u00f3szerkezetet arra tervezt\u00e9k, hogy ellen\u00e1lljon a gyors t\u0171zv\u00e1lt\u00e1s ism\u00e9tl\u0151d\u0151 mechanikai ig\u00e9nybev\u00e9tel\u00e9nek a hegycs\u00facs deform\u00e1l\u00f3d\u00e1sa vagy lev\u00e1l\u00e1sa n\u00e9lk\u00fcl.<\/p>\n<p>A k\u00f6vetkezetes, k\u00f6z\u00e9ppontos gy\u00fajt\u00f3szeg-\u00fct\u00e9sek megakad\u00e1lyozz\u00e1k a gyenge \u00fct\u00e9seket vagy nem-t\u00fczel\u00e9seket, biztos\u00edtva a megb\u00edzhat\u00f3 gy\u00fajt\u00e1st minden egyes l\u00f6v\u00e9sn\u00e9l. A Z\u00e1r\u00f3szerkezet 3X16 KMR robusztus fel\u00e9p\u00edt\u00e9se \u00e9s prec\u00edz t\u0171r\u00e9sei elengedhetetlen friss\u00edt\u00e9st jelentenek a komoly versenyl\u00f6v\u00e9szek sz\u00e1m\u00e1ra, akik teljes\u00edtm\u00e9ny\u00fck maximaliz\u00e1l\u00e1s\u00e1ra \u00e9s a meghib\u00e1sod\u00e1sok kik\u00fcsz\u00f6b\u00f6l\u00e9s\u00e9re t\u00f6rekszenek.<\/p>\n<p>F\u00fcggetlen\u00fcl att\u00f3l, hogy egy 3-fegyvernemes versenyen vesz r\u00e9szt vagy a KMR pisztoly k\u00e9pess\u00e9geinek hat\u00e1rait feszegeti, a Z\u00e1r\u00f3szerkezet 3X16 KMR a megb\u00edzhat\u00f3 gy\u00fajt\u00e1st \u00e9s a tart\u00f3s tart\u00f3ss\u00e1got biztos\u00edtja, amire sz\u00fcks\u00e9ge van a sikerhez. Friss\u00edtse KMR-j\u00e9t m\u00e9g ma, \u00e9s tapasztalja meg, hogy mit tehet a prec\u00edz m\u00e9rn\u00f6ki munka.<\/p>\n","protected":false},"excerpt":{"rendered":"<p>Prec\u00edzi\u00f3s 3&#215;16 mm-es ac\u00e9l z\u00e1r\u00f3csap, amely a KMR pisztolyok gy\u00fajt\u00e1s-megb\u00edzhat\u00f3s\u00e1g\u00e1t \u00e9s \u00fct\u00e9s\u00e1ll\u00f3s\u00e1g\u00e1t szolg\u00e1lja.<\/p>\n","protected":false},"featured_media":23995,"template":"","meta":{"_acf_changed":false},"product_brand":[11502],"product_cat":[12917,14769],"product_tag":[],"class_list":{"0":"post-689733","1":"product","2":"type-product","3":"status-publish","4":"has-post-thumbnail","6":"product_brand-kmr-precision","7":"product_cat-kmr-alkatreszek","8":"product_cat-utoszegek","10":"first","11":"instock","12":"taxable","13":"shipping-taxable","14":"product-type-simple"},"acf":[],"_links":{"self":[{"href":"https:\/\/nbg.eu\/hu\/wp-json\/wp\/v2\/product\/689733","targetHints":{"allow":["GET"]}}],"collection":[{"href":"https:\/\/nbg.eu\/hu\/wp-json\/wp\/v2\/product"}],"about":[{"href":"https:\/\/nbg.eu\/hu\/wp-json\/wp\/v2\/types\/product"}],"wp:featuredmedia":[{"embeddable":true,"href":"https:\/\/nbg.eu\/hu\/wp-json\/wp\/v2\/media\/23995"}],"wp:attachment":[{"href":"https:\/\/nbg.eu\/hu\/wp-json\/wp\/v2\/media?parent=689733"}],"wp:term":[{"taxonomy":"product_brand","embeddable":true,"href":"https:\/\/nbg.eu\/hu\/wp-json\/wp\/v2\/product_brand?post=689733"},{"taxonomy":"product_cat","embeddable":true,"href":"https:\/\/nbg.eu\/hu\/wp-json\/wp\/v2\/product_cat?post=689733"},{"taxonomy":"product_tag","embeddable":true,"href":"https:\/\/nbg.eu\/hu\/wp-json\/wp\/v2\/product_tag?post=689733"}],"curies":[{"name":"wp","href":"https:\/\/api.w.org\/{rel}","templated":true}]}}