{"id":689760,"date":"2024-08-17T18:12:25","date_gmt":"2024-08-17T15:12:25","guid":{"rendered":"https:\/\/nbg.eu\/product\/firing-pin-spring-kmr-s\/"},"modified":"2026-05-13T16:03:36","modified_gmt":"2026-05-13T13:03:36","slug":"firing-pin-spring-kmr-s","status":"publish","type":"product","link":"https:\/\/nbg.eu\/hu\/termek\/firing-pin-spring-kmr-s\/","title":{"rendered":"KMR \u00dct\u0151szeg Rug\u00f3 S"},"content":{"rendered":"<h2>Z\u00e1r\u00f3rudazat KMR S<\/h2>\n<p>A Z\u00e1r\u00f3rudazat KMR S egy kiv\u00e1l\u00f3 min\u0151s\u00e9g\u0171 p\u00f3tl\u00f3 rug\u00f3, amely k\u00fcl\u00f6nb\u00f6z\u0151 KMR fegyverrendszerekhez lett tervezve.<\/p>\n<p>Prec\u00edzi\u00f3s kidolgoz\u00e1ssal \u00e9s r\u00e9szletes figyelemmel k\u00e9sz\u00fclt, ez a z\u00e1r\u00f3rudazat megb\u00edzhat\u00f3 \u00e9s k\u00f6vetkezetes teljes\u00edtm\u00e9nyt biztos\u00edt az \u00d6n KMR fegyverrendszer\u00e9ben. Tart\u00f3s fel\u00e9p\u00edt\u00e9se \u00e9s kiv\u00e1l\u00f3 min\u0151s\u00e9g\u0171 anyagai r\u00e9v\u00e9n hosszan tart\u00f3 p\u00f3tl\u00e1si lehet\u0151s\u00e9get ny\u00fajt az \u00d6n l\u0151fegyver\u00e9nek optim\u00e1lis m\u0171k\u00f6d\u00e9s\u00e9nek fenntart\u00e1s\u00e1hoz.<\/p>\n<p>F\u00fcggetlen\u00fcl att\u00f3l, hogy \u00f6n professzion\u00e1lis mesterl\u00f6v\u00e9sz vagy elk\u00f6telezett lelkes, ez a rudazat elengedhetetlen kieg\u00e9sz\u00edt\u0151 ahhoz, hogy a KMR fegyver a legjobban m\u0171k\u00f6dj\u00f6n. Korszer\u0171s\u00edtse l\u0151fegyver\u00e9t ezzel a megb\u00edzhat\u00f3 \u00e9s tart\u00f3s alkatr\u00e9sszel, \u00e9s tapasztalja meg a k\u00fcl\u00f6nbs\u00e9get a l\u00f6v\u00e9si teljes\u00edtm\u00e9nyben.<\/p>\n<p>A k\u00f6vetkez\u0151 fegyverekhez:<\/p>\n<p>KMR S-01 LANCE (OR)<\/p>\n<p>KMR S-02 10 (OR) SR ADA<\/p>\n<p>KMR S-02 75 (OR) SR ADA<\/p>\n<p>KMR S-02 2024-t\u0151l<\/p>\n<p>KMR S-02 SH1 (OR) SR ADA<\/p>\n<p>KMR S-02 SH2 (OR) SR ADA<\/p>\n<p>KMR S-02 TS (OR) SR ADA<\/p>\n<p>KMR S-02 2023-ig<\/p>\n","protected":false},"excerpt":{"rendered":"<p>L\u00f6v\u0151szeg rug\u00f3 KMR S &#8211; a KMR S-01, KMR S-02 \u00e9s v\u00e1ltozataihoz.<\/p>\n","protected":false},"featured_media":24969,"template":"","meta":{"_acf_changed":false},"product_brand":[11502],"product_cat":[12917,12935],"product_tag":[],"class_list":{"0":"post-689760","1":"product","2":"type-product","3":"status-publish","4":"has-post-thumbnail","6":"product_brand-kmr-precision","7":"product_cat-kmr-alkatreszek","8":"product_cat-rugok","10":"first","11":"instock","12":"taxable","13":"shipping-taxable","14":"product-type-simple"},"acf":[],"_links":{"self":[{"href":"https:\/\/nbg.eu\/hu\/wp-json\/wp\/v2\/product\/689760","targetHints":{"allow":["GET"]}}],"collection":[{"href":"https:\/\/nbg.eu\/hu\/wp-json\/wp\/v2\/product"}],"about":[{"href":"https:\/\/nbg.eu\/hu\/wp-json\/wp\/v2\/types\/product"}],"wp:featuredmedia":[{"embeddable":true,"href":"https:\/\/nbg.eu\/hu\/wp-json\/wp\/v2\/media\/24969"}],"wp:attachment":[{"href":"https:\/\/nbg.eu\/hu\/wp-json\/wp\/v2\/media?parent=689760"}],"wp:term":[{"taxonomy":"product_brand","embeddable":true,"href":"https:\/\/nbg.eu\/hu\/wp-json\/wp\/v2\/product_brand?post=689760"},{"taxonomy":"product_cat","embeddable":true,"href":"https:\/\/nbg.eu\/hu\/wp-json\/wp\/v2\/product_cat?post=689760"},{"taxonomy":"product_tag","embeddable":true,"href":"https:\/\/nbg.eu\/hu\/wp-json\/wp\/v2\/product_tag?post=689760"}],"curies":[{"name":"wp","href":"https:\/\/api.w.org\/{rel}","templated":true}]}}