{"id":689791,"date":"2024-08-18T11:10:20","date_gmt":"2024-08-18T08:10:20","guid":{"rendered":"https:\/\/nbg.eu\/product\/firing-pin-screw-m4x5-din-913-kmr\/"},"modified":"2026-02-27T11:54:56","modified_gmt":"2026-02-27T08:54:56","slug":"firing-pin-screw-m4x5-din-913-kmr","status":"publish","type":"product","link":"https:\/\/nbg.eu\/hu\/termek\/firing-pin-screw-m4x5-din-913-kmr\/","title":{"rendered":"M4X5 DIN 913 KMR t\u00fczel\u0151szeg csavar"},"content":{"rendered":"<h2>T\u0171zcsap csavar M4X5 Din 913 KMR<\/h2>\n<p>Prec\u00edzen m\u00e9rn\u00f6ki tervez\u00e9ssel, magas min\u0151s\u00e9g\u0171 anyagokb\u00f3l k\u00e9sz\u00fclt a T\u0171zcsap csavar M4X5 Din 913 KMR, hogy ellen\u00e1lljon a k\u00f6vetelm\u00e9nyes haszn\u00e1lat megterhel\u00e9s\u00e9nek. Az M4 x 5 mm m\u00e9rete \u00e9s a DIN 913 kialak\u00edt\u00e1sa t\u00f6k\u00e9letesen illeszkedik a megjel\u00f6lt KMR fegyvermodellekhez, biztos\u00edtva a t\u0171zmechanizmus sz\u00e1m\u00e1ra a biztons\u00e1gos \u00e9s megb\u00edzhat\u00f3 csatlakoz\u00e1si pontot.<\/p>\n<p>F\u00fcggetlen\u00fcl att\u00f3l, hogy karbantartja, jav\u00edtja vagy friss\u00edti a KMR fegyverrendszer\u00e9t, a T\u0171zcsap csavar M4X5 Din 913 KMR elengedhetetlen alkatr\u00e9sz, amellyel rendelkeznie kell. Tart\u00f3ss\u00e1ga \u00e9s prec\u00edz tervez\u00e9se k\u00f6vetkezetes \u00e9s megb\u00edzhat\u00f3 teljes\u00edtm\u00e9nyt biztos\u00edt, hozz\u00e1j\u00e1rulva a fegyver \u00e1ltal\u00e1nos megb\u00edzhat\u00f3s\u00e1g\u00e1hoz \u00e9s hat\u00e9konys\u00e1g\u00e1hoz.<\/p>\n<\/p>\n<p>A k\u00f6vetkez\u0151 KMR fegyverekhez:<\/p>\n<\/p>\n<p>KMR S-01 LANCE (OR)<\/p>\n<\/p>\n<p>KMR S-02 10 (OR) SR ADA<\/p>\n<\/p>\n<p>KMR S-02 75 (OR) SR ADA<\/p>\n<\/p>\n<p>KMR S-02 2024-T\u0150L<\/p>\n<\/p>\n<p>KMR S-02 SH1 (OR) SR ADA<\/p>\n<\/p>\n<p>KMR S-02 SH2 (OR) SR ADA<\/p>\n<\/p>\n<p>KMR S-02 TS (OR) SR ADA<\/p>\n<\/p>\n<p>KMR S-02 2023-IG<\/p>\n","protected":false},"excerpt":{"rendered":"<p>M4X5 Din 913 t\u0171zcsapcsavar a KMR modellekhez.<\/p>\n","protected":false},"featured_media":25338,"template":"","meta":{"_acf_changed":false},"product_brand":[11502],"product_cat":[12917,14769],"product_tag":[],"class_list":{"0":"post-689791","1":"product","2":"type-product","3":"status-publish","4":"has-post-thumbnail","6":"product_brand-kmr-precision","7":"product_cat-kmr-alkatreszek","8":"product_cat-utoszegek","10":"first","11":"instock","12":"taxable","13":"shipping-taxable","14":"product-type-simple"},"acf":[],"_links":{"self":[{"href":"https:\/\/nbg.eu\/hu\/wp-json\/wp\/v2\/product\/689791","targetHints":{"allow":["GET"]}}],"collection":[{"href":"https:\/\/nbg.eu\/hu\/wp-json\/wp\/v2\/product"}],"about":[{"href":"https:\/\/nbg.eu\/hu\/wp-json\/wp\/v2\/types\/product"}],"wp:featuredmedia":[{"embeddable":true,"href":"https:\/\/nbg.eu\/hu\/wp-json\/wp\/v2\/media\/25338"}],"wp:attachment":[{"href":"https:\/\/nbg.eu\/hu\/wp-json\/wp\/v2\/media?parent=689791"}],"wp:term":[{"taxonomy":"product_brand","embeddable":true,"href":"https:\/\/nbg.eu\/hu\/wp-json\/wp\/v2\/product_brand?post=689791"},{"taxonomy":"product_cat","embeddable":true,"href":"https:\/\/nbg.eu\/hu\/wp-json\/wp\/v2\/product_cat?post=689791"},{"taxonomy":"product_tag","embeddable":true,"href":"https:\/\/nbg.eu\/hu\/wp-json\/wp\/v2\/product_tag?post=689791"}],"curies":[{"name":"wp","href":"https:\/\/api.w.org\/{rel}","templated":true}]}}