{"id":689835,"date":"2025-03-02T20:05:35","date_gmt":"2025-03-02T17:05:35","guid":{"rendered":"https:\/\/nbg.eu\/product\/fox-classic-hunter\/"},"modified":"2026-05-13T15:11:50","modified_gmt":"2026-05-13T12:11:50","slug":"fox-classic-hunter","status":"publish","type":"product","link":"https:\/\/nbg.eu\/hu\/termek\/fox-classic-hunter\/","title":{"rendered":"Fox Classic hunter"},"content":{"rendered":"<h2>Fox Classic Hunter L\u00f6ved\u00e9kek: Kiemelked\u0151en pontos \u00e9s \u00f3lommentes teljes\u00edtm\u00e9ny<\/h2>\n<p>Az eur\u00f3pai vad\u00e1szat szigor\u00fa k\u00f6vetelm\u00e9nyeinek megfelel\u0151en tervezt\u00e9k a Fox Classic Hunter L\u00f6ved\u00e9keket, amelyek k\u00edm\u00e9letlen teljes\u00edtm\u00e9nyt \u00e9s etikus, \u00f3lommentes vad\u00e1szatot ny\u00fajtanak. Szil\u00e1rd r\u00e9z-cink \u00f6tv\u00f6zetb\u0151l k\u00e9sz\u00fclnek, \u00e9s dupla \u00e1tm\u00e9r\u0151j\u0171 expanzi\u00f3val, valamint magas ballisztikus egy\u00fctthat\u00f3val (BC) rendelkeznek, ami lapos r\u00f6pp\u00e1ly\u00e1t \u00e9s rombol\u00f3 v\u00e9gbalistik\u00e1t eredm\u00e9nyez.<\/p>\n<p>Azok a vad\u00e1szok, akik megb\u00edzhat\u00f3, \u00f3lommentes l\u0151szerre v\u00e1gynak, megb\u00edzhatnak a Fox Classic Hunteradta m\u00e9ly behatol\u00e1sban \u00e9s maxim\u00e1lis s\u00falymeg\u0151rz\u00e9sben, ami egy tiszta, etikus elejt\u00e9st biztos\u00edt. A \u00f3lom szennyez\u0151d\u00e9s megsz\u00fcntet\u00e9s\u00e9vel ezek a l\u00f6ved\u00e9kek garant\u00e1lj\u00e1k, hogy a h\u00fas \u00e9rintetlen \u00e9s biztons\u00e1gos marad a fogyaszt\u00e1shoz, lehet\u0151v\u00e9 t\u00e9ve, hogy teljes m\u00e9rt\u00e9kben \u00e9lvezd a vad\u00e1szat gy\u00fcm\u00f6lcs\u00e9t.<\/p>\n<p>Fejlett tervez\u00e9s\u00e9vel \u00e9s anyag\u00f6sszet\u00e9tel\u00e9vel a Fox Classic Hunter ny\u00fajtja azt a teljes\u00edtm\u00e9nyt, amit elv\u00e1rsz an\u00e9lk\u00fcl, hogy kompromisszumot kellene k\u00f6tn\u00f6d az \u00e9rt\u00e9keidr\u0151l. Tapasztald meg a pontoss\u00e1g, az er\u0151 \u00e9s a k\u00f6rnyezeti felel\u0151ss\u00e9g t\u00f6k\u00e9letes egyens\u00faly\u00e1t minden l\u00f6v\u00e9sn\u00e9l.<\/p>\n","protected":false},"excerpt":{"rendered":"<p>Klassikus Fox Hunter: \u00d3lommentes vad\u00e1szl\u00f6ved\u00e9kek, melyek puszt\u00edt\u00f3 termin\u00e1lis balistik\u00e1val rendelkeznek.<\/p>\n","protected":false},"featured_media":0,"template":"","meta":{"_acf_changed":false},"product_brand":[],"product_cat":[12983],"product_tag":[],"class_list":{"0":"post-689835","1":"product","2":"type-product","3":"status-publish","5":"product_cat-kategorizalatlan","7":"first","8":"instock","9":"taxable","10":"shipping-taxable","11":"purchasable","12":"product-type-variable","13":"wvs-archive-product-wrapper"},"acf":[],"_links":{"self":[{"href":"https:\/\/nbg.eu\/hu\/wp-json\/wp\/v2\/product\/689835","targetHints":{"allow":["GET"]}}],"collection":[{"href":"https:\/\/nbg.eu\/hu\/wp-json\/wp\/v2\/product"}],"about":[{"href":"https:\/\/nbg.eu\/hu\/wp-json\/wp\/v2\/types\/product"}],"wp:attachment":[{"href":"https:\/\/nbg.eu\/hu\/wp-json\/wp\/v2\/media?parent=689835"}],"wp:term":[{"taxonomy":"product_brand","embeddable":true,"href":"https:\/\/nbg.eu\/hu\/wp-json\/wp\/v2\/product_brand?post=689835"},{"taxonomy":"product_cat","embeddable":true,"href":"https:\/\/nbg.eu\/hu\/wp-json\/wp\/v2\/product_cat?post=689835"},{"taxonomy":"product_tag","embeddable":true,"href":"https:\/\/nbg.eu\/hu\/wp-json\/wp\/v2\/product_tag?post=689835"}],"curies":[{"name":"wp","href":"https:\/\/api.w.org\/{rel}","templated":true}]}}