{"id":689953,"date":"2024-08-24T16:34:19","date_gmt":"2024-08-24T13:34:19","guid":{"rendered":"https:\/\/nbg.eu\/product\/flex-holster-right-hand-color-inlays\/"},"modified":"2025-12-28T21:30:47","modified_gmt":"2025-12-28T18:30:47","slug":"flex-holster-right-hand-color-inlays","status":"publish","type":"product","link":"https:\/\/nbg.eu\/hu\/termek\/flex-holster-right-hand-color-inlays\/","title":{"rendered":"Flex Holster Right Hand Color Inlays"},"content":{"rendered":"<div class=\"product-description\">\n<h2>Flex Holster Jobb K\u00e9zre Sz\u00ednes Bet\u00e9tek<\/h2>\n<p>Egyedies\u00edtsd a Jobb K\u00e9zre Flex tokot a prec\u00edzi\u00f3s l\u00e9zerv\u00e1gott m\u0171anyag log\u00f3bet\u00e9tekkel. Ezek a vibr\u00e1l\u00f3 sz\u00edn\u0171 kieg\u00e9sz\u00edt\u0151k szem\u00e9lyes st\u00edlust k\u00f6lcs\u00f6n\u00f6znek a tokoknak, mik\u00f6zben meg\u0151rzik azok eleg\u00e1ns megjelen\u00e9s\u00e9t.<\/p>\n<ul>\n<li>K\u00f6nny\u0171 felszerel\u00e9s el\u0151re felragasztott 3M ragaszt\u00f3szalag seg\u00edts\u00e9g\u00e9vel<\/li>\n<li>Elt\u00e1vol\u00edthat\u00f3 \u00e9s cser\u00e9lhet\u0151 a k\u00e9s\u0151bbi sz\u00ednv\u00e1ltoztat\u00e1shoz<\/li>\n<li>\u00c1tl\u00e1tsz\u00f3 v\u00e9d\u0151film mell\u00e9kelve (elt\u00e1vol\u00edthat\u00f3 a legjobb megjelen\u00e9s \u00e9rdek\u00e9ben)<\/li>\n<li>Kifejezetten a Jobb K\u00e9zre Flex toktestekhez tervezve<\/li>\n<\/ul>\n<p><strong>Megjegyz\u00e9s:<\/strong> B\u00e1r a bet\u00e9tek elt\u00e1vol\u00edthat\u00f3k \u00e9s kicser\u00e9lhet\u0151k, k\u00e9rj\u00fck, vegye figyelembe, hogy az eredeti bet\u00e9t elt\u00e1vol\u00edt\u00e1s k\u00f6zben elt\u00f6rhet. \u00d3vatosan j\u00e1rjon el a sz\u00ednek cser\u00e9je sor\u00e1n, hogy z\u00f6kken\u0151mentes legyen az \u00e1tmenet.<\/p>\n<p>Emeld meg a tok st\u00edlus\u00e1t ezekkel a szemet gy\u00f6ny\u00f6rk\u00f6dtet\u0151 sz\u00ednbet\u00e9tekkel m\u00e9g ma!<\/p>\n<\/div>\n","protected":false},"excerpt":{"rendered":"<p>Jobbkezes Flex tokokba illeszthet\u0151, testreszabhat\u00f3 sz\u00edn\u0171 bet\u00e9tek. Egyszer\u0171 beszerel\u00e9s.<\/p>\n","protected":false},"featured_media":29654,"template":"","meta":{"_acf_changed":false},"product_brand":[11267],"product_cat":[12975,12954,12948],"product_tag":[],"class_list":{"0":"post-689953","1":"product","2":"type-product","3":"status-publish","4":"has-post-thumbnail","6":"product_brand-doublealpha","7":"product_cat-felszereles","8":"product_cat-sport-tok","9":"product_cat-tok-tartozekok","11":"first","12":"instock","13":"taxable","14":"shipping-taxable","15":"purchasable","16":"product-type-variable","17":"wvs-archive-product-wrapper"},"acf":[],"_links":{"self":[{"href":"https:\/\/nbg.eu\/hu\/wp-json\/wp\/v2\/product\/689953","targetHints":{"allow":["GET"]}}],"collection":[{"href":"https:\/\/nbg.eu\/hu\/wp-json\/wp\/v2\/product"}],"about":[{"href":"https:\/\/nbg.eu\/hu\/wp-json\/wp\/v2\/types\/product"}],"wp:featuredmedia":[{"embeddable":true,"href":"https:\/\/nbg.eu\/hu\/wp-json\/wp\/v2\/media\/29654"}],"wp:attachment":[{"href":"https:\/\/nbg.eu\/hu\/wp-json\/wp\/v2\/media?parent=689953"}],"wp:term":[{"taxonomy":"product_brand","embeddable":true,"href":"https:\/\/nbg.eu\/hu\/wp-json\/wp\/v2\/product_brand?post=689953"},{"taxonomy":"product_cat","embeddable":true,"href":"https:\/\/nbg.eu\/hu\/wp-json\/wp\/v2\/product_cat?post=689953"},{"taxonomy":"product_tag","embeddable":true,"href":"https:\/\/nbg.eu\/hu\/wp-json\/wp\/v2\/product_tag?post=689953"}],"curies":[{"name":"wp","href":"https:\/\/api.w.org\/{rel}","templated":true}]}}