{"id":690278,"date":"2024-09-17T22:42:30","date_gmt":"2024-09-17T19:42:30","guid":{"rendered":"https:\/\/nbg.eu\/product\/firing-pin-spring-kmr\/"},"modified":"2026-05-13T16:04:40","modified_gmt":"2026-05-13T13:04:40","slug":"firing-pin-spring-kmr","status":"publish","type":"product","link":"https:\/\/nbg.eu\/hu\/termek\/firing-pin-spring-kmr\/","title":{"rendered":"KMR \u00dct\u0151szeg Rug\u00f3"},"content":{"rendered":"<h2>KMR Els\u00fct\u0151billenty\u0171 Rug\u00f3<\/h2>\n<p>A KMR Els\u00fct\u0151billenty\u0171 Rug\u00f3 egy kritikus alkatr\u00e9sz a k\u00fcl\u00f6nf\u00e9le fegyverrendszerekhez, amelynek feladata a megb\u00edzhat\u00f3 \u00e9s konzisztens teljes\u00edtm\u00e9ny biztos\u00edt\u00e1sa a KMR t\u0171zfegyverekben. Ezt a rug\u00f3t \u00fagy tervezt\u00e9k, hogy a sz\u00fcks\u00e9ges fesz\u00fclts\u00e9get \u00e9s er\u0151t biztos\u00edtsa az els\u00fct\u0151billenty\u0171 m\u0171k\u00f6dtet\u00e9s\u00e9hez, \u00edgy gondoskodva a sima \u00e9s megb\u00edzhat\u00f3 els\u00fct\u00e9sr\u0151l minden alkalommal.<\/p>\n<p>Ez az els\u00fct\u0151billenty\u0171 rug\u00f3 elengedhetetlen cserealkatr\u00e9sz a fegyver optim\u00e1lis m\u0171k\u00f6d\u00e9s\u00e9nek fenntart\u00e1s\u00e1hoz.<\/p>\n<p>Kiv\u00e1l\u00f3 min\u0151s\u00e9g\u0171 anyagokb\u00f3l k\u00e9sz\u00fclt, prec\u00edzi\u00f3s gy\u00e1rt\u00e1si elj\u00e1r\u00e1sokkal, a KMR Els\u00fct\u0151billenty\u0171 Rug\u00f3 a legig\u00e9nyesebb k\u00f6r\u00fclm\u00e9nyek k\u00f6z\u00f6tt is optim\u00e1lis teljes\u00edtm\u00e9nyt \u00e9s tart\u00f3ss\u00e1got biztos\u00edt. F\u00fcggetlen\u00fcl att\u00f3l, hogy versenyz\u0151 vagy felel\u0151ss\u00e9gteljes fegyvertulajdonos, ez az els\u00fct\u0151billenty\u0171 rug\u00f3 kritikus alkatr\u00e9sz a KMR t\u0171zfegyver megb\u00edzhat\u00f3s\u00e1g\u00e1nak \u00e9s teljes\u00edtm\u00e9ny\u00e9nek fenntart\u00e1s\u00e1hoz.<\/p>\n<\/p>\n<p>KMR fegyverekhez:\n<\/p>\n<p>KMR L-02 EMIQ<\/p>\n<\/p>\n<p>KMR L-02 EMIQ (OR)<\/p>\n<\/p>\n<p>KMR L-02 ORCA 2024-t\u0151l<\/p>\n<\/p>\n<p>KMR L-02 ORCA 2023-ig<\/p>\n<\/p>\n<p>KMR L-02 SPECTRA 2024-t\u0151l<\/p>\n<\/p>\n<p>KMR L-02 SPECTRA 2023-ig<\/p>\n<\/p>\n<p>KMR L-02 UMBRA (OR) SR<\/p>\n<\/p>\n<p>KMR W-02 CUDA (OR)<\/p>\n<\/p>\n<p>KMR W-02 UMBRA<\/p>\n<\/p>\n<p>KMR W-02 UMBRA (OR)<\/p>\n","protected":false},"excerpt":{"rendered":"<p>L\u0151szeggy\u00fajt\u00f3t\u0171 rug\u00f3 a KMR sorozat\u00fa fegyverekhez, a kompatibilis modellek list\u00e1zva.<\/p>\n","protected":false},"featured_media":24946,"template":"","meta":{"_acf_changed":false},"product_brand":[11502],"product_cat":[12917,12935],"product_tag":[],"class_list":{"0":"post-690278","1":"product","2":"type-product","3":"status-publish","4":"has-post-thumbnail","6":"product_brand-kmr-precision","7":"product_cat-kmr-alkatreszek","8":"product_cat-rugok","10":"first","11":"instock","12":"taxable","13":"shipping-taxable","14":"product-type-simple"},"acf":[],"_links":{"self":[{"href":"https:\/\/nbg.eu\/hu\/wp-json\/wp\/v2\/product\/690278","targetHints":{"allow":["GET"]}}],"collection":[{"href":"https:\/\/nbg.eu\/hu\/wp-json\/wp\/v2\/product"}],"about":[{"href":"https:\/\/nbg.eu\/hu\/wp-json\/wp\/v2\/types\/product"}],"wp:featuredmedia":[{"embeddable":true,"href":"https:\/\/nbg.eu\/hu\/wp-json\/wp\/v2\/media\/24946"}],"wp:attachment":[{"href":"https:\/\/nbg.eu\/hu\/wp-json\/wp\/v2\/media?parent=690278"}],"wp:term":[{"taxonomy":"product_brand","embeddable":true,"href":"https:\/\/nbg.eu\/hu\/wp-json\/wp\/v2\/product_brand?post=690278"},{"taxonomy":"product_cat","embeddable":true,"href":"https:\/\/nbg.eu\/hu\/wp-json\/wp\/v2\/product_cat?post=690278"},{"taxonomy":"product_tag","embeddable":true,"href":"https:\/\/nbg.eu\/hu\/wp-json\/wp\/v2\/product_tag?post=690278"}],"curies":[{"name":"wp","href":"https:\/\/api.w.org\/{rel}","templated":true}]}}