{"id":690516,"date":"2024-08-18T11:12:46","date_gmt":"2024-08-18T08:12:46","guid":{"rendered":"https:\/\/nbg.eu\/product\/front-sight-screw-m3x3-din-914-kmr\/"},"modified":"2026-05-13T15:10:01","modified_gmt":"2026-05-13T12:10:01","slug":"front-sight-screw-m3x3-din-914-kmr","status":"publish","type":"product","link":"https:\/\/nbg.eu\/hu\/termek\/front-sight-screw-m3x3-din-914-kmr\/","title":{"rendered":"KMR El\u0151ir\u00e1nyz\u00e9k Csavar M3x3 DIN 914"},"content":{"rendered":"<h2>Front Sight Screw M3X3 Din 914 KMR<\/h2>\n<p>Fegyver\u00e9nek teljes\u00edtm\u00e9ny\u00e9t a Front Sight Screw M3X3 Din 914 KMR-rel emelheti. Sz\u00e9les k\u00f6r\u0171 KMR-kompatibilit\u00e1s\u00e1nak k\u00f6sz\u00f6nhet\u0151en ez a csavar stabil \u00e9s pontos illeszked\u00e9st biztos\u00edt, n\u00f6velve a fegyver stabilit\u00e1s\u00e1t \u00e9s pontoss\u00e1g\u00e1t. A Front Sight Screw M3X3 Din 914 KMR magas min\u0151s\u00e9g\u0171 anyagokb\u00f3l k\u00e9sz\u00fclt, \u00edgy megfelel a taktikai \u00e9s versenyl\u00f6v\u00e9szeti k\u00f6rnyezet k\u00f6vetelm\u00e9nyeinek.<\/p>\n<p>Fegyverek KMR:<\/p>\n<p>KMR L-02 EMIQ (OR)<\/p>\n<p>KMR L-02 ORCA 2024-t\u0151l<\/p>\n<p>KMR L-02 ORCA 2023-ig<\/p>\n<p>KMR L-02 SPECTRA 2024-t\u0151l<\/p>\n<p>KMR L-02 SPECTRA 2023-ig<\/p>\n<p>KMR L-02 UMBRA (OR) SR<\/p>\n<p>KMR S-01 LANCE (OR)<\/p>\n<p>KMR S-02 10 (OR) SR ADA<\/p>\n<p>KMR S-02 75 (OR) SR ADA<\/p>\n<p>KMR S-02 2024-t\u0151l<\/p>\n<p>KMR S-02 SH1 (OR) SR ADA<\/p>\n<p>KMR S-02 SH2 (OR) SR ADA<\/p>\n<p>KMR S-02 TS (OR) SR ADA<\/p>\n<p>KMR S-02 2023-ig<\/p>\n<p>KMR W-02 CUDA (OR)<\/p>\n<p>KMR W-02 UMBRA<\/p>\n<p>KMR W-02 UMBRA (OR)<\/p>\n","protected":false},"excerpt":{"rendered":"<p>El\u00fcls\u0151 c\u00e9lz\u00f3f\u00e9ny csavar M3X3 Din 914 KMR fegyvermodellek.<\/p>\n","protected":false},"featured_media":25407,"template":"","meta":{"_acf_changed":false},"product_brand":[11502],"product_cat":[12917],"product_tag":[],"class_list":{"0":"post-690516","1":"product","2":"type-product","3":"status-publish","4":"has-post-thumbnail","6":"product_brand-kmr-precision","7":"product_cat-kmr-alkatreszek","9":"first","10":"instock","11":"taxable","12":"shipping-taxable","13":"product-type-simple"},"acf":[],"_links":{"self":[{"href":"https:\/\/nbg.eu\/hu\/wp-json\/wp\/v2\/product\/690516","targetHints":{"allow":["GET"]}}],"collection":[{"href":"https:\/\/nbg.eu\/hu\/wp-json\/wp\/v2\/product"}],"about":[{"href":"https:\/\/nbg.eu\/hu\/wp-json\/wp\/v2\/types\/product"}],"wp:featuredmedia":[{"embeddable":true,"href":"https:\/\/nbg.eu\/hu\/wp-json\/wp\/v2\/media\/25407"}],"wp:attachment":[{"href":"https:\/\/nbg.eu\/hu\/wp-json\/wp\/v2\/media?parent=690516"}],"wp:term":[{"taxonomy":"product_brand","embeddable":true,"href":"https:\/\/nbg.eu\/hu\/wp-json\/wp\/v2\/product_brand?post=690516"},{"taxonomy":"product_cat","embeddable":true,"href":"https:\/\/nbg.eu\/hu\/wp-json\/wp\/v2\/product_cat?post=690516"},{"taxonomy":"product_tag","embeddable":true,"href":"https:\/\/nbg.eu\/hu\/wp-json\/wp\/v2\/product_tag?post=690516"}],"curies":[{"name":"wp","href":"https:\/\/api.w.org\/{rel}","templated":true}]}}