{"id":690563,"date":"2024-11-27T10:37:53","date_gmt":"2024-11-27T07:37:53","guid":{"rendered":"https:\/\/nbg.eu\/product\/geissele-20-round-6mm-arc-magazine-black\/"},"modified":"2026-05-13T16:02:29","modified_gmt":"2026-05-13T13:02:29","slug":"geissele-20-round-6mm-arc-magazine-black","status":"publish","type":"product","link":"https:\/\/nbg.eu\/hu\/termek\/geissele-20-round-6mm-arc-magazine-black\/","title":{"rendered":"Geissele T\u00e1r 6mm ARC 20 L\u0151szer &#8211; Black"},"content":{"rendered":"<div class=\"product-description\">\n<h2><strong><span style=\"font-size: 170%\">Geissele 20-es 6mm ARC t\u00e1r \u2013 Fekete<\/span><\/strong><\/h2>\n<p>Tapasztalja meg a p\u00e1ratlan tart\u00f3ss\u00e1got \u00e9s megb\u00edzhat\u00f3s\u00e1got a Geissele 6mm ARC t\u00e1rban. Prec\u00edzen tervezett a 6mm ARC t\u00f6lt\u00e9nynek, ez a 20-as t\u00e1r egy robusztus egyr\u00e9szes konstrukci\u00f3val \u00e9s l\u00e9zerhegeszt\u00e9ssel rendelkezik a kiv\u00e1l\u00f3 szil\u00e1rds\u00e1g \u00e9rdek\u00e9ben.<\/p>\n<ul>\n<li>Ultra-tart\u00f3s 410-es rozsdamentes ac\u00e9l test fekete nitrit bevonattal<\/li>\n<li>Billen\u0151 al\u00e1t\u00e9t a sima adagol\u00e1s \u00e9rdek\u00e9ben<\/li>\n<li>Korr\u00f3zi\u00f3\u00e1ll\u00f3 kialak\u00edt\u00e1s a tart\u00f3ss\u00e1g \u00e9rdek\u00e9ben<\/li>\n<li>Rozsdamentes ac\u00e9l rug\u00f3 a konzisztens teljes\u00edtm\u00e9ny\u00e9rt<\/li>\n<li>\u00d6sszhossz: 6,1 h\u00fcvelyk<\/li>\n<li>B\u00fcszk\u00e9n k\u00e9sz\u00fclt az USA-ban<\/li>\n<\/ul>\n<p>Emelje l\u00f6v\u00e9si \u00e9lm\u00e9ny\u00e9t a Geissele min\u0151s\u00e9g \u00e9s precizit\u00e1s elk\u00f6telezetts\u00e9g\u00e9vel. Ezt a t\u00e1rat a nagy ig\u00e9nybev\u00e9tel ellen\u00e1ll\u00e1s\u00e1ra tervezt\u00e9k, mik\u00f6zben a hib\u00e1tlan m\u0171k\u00f6d\u00e9st fenntartj\u00e1k. V\u00e1lassza a Geissele-t a kompromisszummentes teljes\u00edtm\u00e9ny\u00e9rt minden l\u00f6v\u00e9skor.<\/p>\n<\/div>\n","protected":false},"excerpt":{"rendered":"<p>Tart\u00f3s 20-t\u00f6lt\u00e9ses 6 mm ARC-magazin. Buk\u00e1smentes, korr\u00f3zi\u00f3\u00e1ll\u00f3. Amerikai gy\u00e1rt\u00e1s\u00fa.<\/p>\n","protected":false},"featured_media":81845,"template":"","meta":{"_acf_changed":false},"product_brand":[11393],"product_cat":[12967,12974],"product_tag":[],"class_list":{"0":"post-690563","1":"product","2":"type-product","3":"status-publish","4":"has-post-thumbnail","6":"product_brand-geissele","7":"product_cat-puska","8":"product_cat-puska-tarak","10":"first","11":"instock","12":"taxable","13":"shipping-taxable","14":"product-type-simple"},"acf":[],"_links":{"self":[{"href":"https:\/\/nbg.eu\/hu\/wp-json\/wp\/v2\/product\/690563","targetHints":{"allow":["GET"]}}],"collection":[{"href":"https:\/\/nbg.eu\/hu\/wp-json\/wp\/v2\/product"}],"about":[{"href":"https:\/\/nbg.eu\/hu\/wp-json\/wp\/v2\/types\/product"}],"wp:featuredmedia":[{"embeddable":true,"href":"https:\/\/nbg.eu\/hu\/wp-json\/wp\/v2\/media\/81845"}],"wp:attachment":[{"href":"https:\/\/nbg.eu\/hu\/wp-json\/wp\/v2\/media?parent=690563"}],"wp:term":[{"taxonomy":"product_brand","embeddable":true,"href":"https:\/\/nbg.eu\/hu\/wp-json\/wp\/v2\/product_brand?post=690563"},{"taxonomy":"product_cat","embeddable":true,"href":"https:\/\/nbg.eu\/hu\/wp-json\/wp\/v2\/product_cat?post=690563"},{"taxonomy":"product_tag","embeddable":true,"href":"https:\/\/nbg.eu\/hu\/wp-json\/wp\/v2\/product_tag?post=690563"}],"curies":[{"name":"wp","href":"https:\/\/api.w.org\/{rel}","templated":true}]}}