{"id":690573,"date":"2025-08-20T18:30:18","date_gmt":"2025-08-20T15:30:18","guid":{"rendered":"https:\/\/nbg.eu\/product\/german-tactical-systems-adjustable-ak-rear-sight\/"},"modified":"2026-05-13T16:48:56","modified_gmt":"2026-05-13T13:48:56","slug":"german-tactical-systems-adjustable-ak-rear-sight","status":"publish","type":"product","link":"https:\/\/nbg.eu\/hu\/termek\/german-tactical-systems-adjustable-ak-rear-sight\/","title":{"rendered":"GERMAN TACTICAL SYSTEMS Adjustable AK Rear Sight"},"content":{"rendered":"<h2>GERMAN TACTICAL SYSTEMS \u00c1ll\u00edthat\u00f3 AK h\u00e1ts\u00f3 ir\u00e1nyz\u00e9k<\/h2>\n<p>Emelje meg az AK-platforma pontoss\u00e1g\u00e1t ezzel a prec\u00edzi\u00f3s m\u00e9rn\u00f6ki h\u00e1ts\u00f3 ir\u00e1nyz\u00e9kkal. Ellent\u00e9tben a hagyom\u00e1nyos AK-ir\u00e1nyz\u00e9kokkal, ez az innovat\u00edv tervez\u00e9s mind sz\u00e9lir\u00e1ny, mind pedig emel\u00e9si be\u00e1ll\u00edt\u00e1st k\u00edn\u00e1l a p\u00e1ratlan tal\u00e1lati pontoss\u00e1g \u00e9rdek\u00e9ben.<\/p>\n<ul>\n<li>K\u00e9tir\u00e1ny\u00fa be\u00e1ll\u00edt\u00e1s a sz\u00e9lir\u00e1nyhoz \u00e9s az emel\u00e9shez<\/li>\n<li>Tart\u00f3s ac\u00e9lszerkezet<\/li>\n<li>Szersz\u00e1m n\u00e9lk\u00fcli, gyors be\u00e1ll\u00edt\u00e1sok<\/li>\n<li>Kompatibilis a legt\u00f6bb AK v\u00e1ltozattal<\/li>\n<li>Alacsony profil\u00fa kialak\u00edt\u00e1s<\/li>\n<\/ul>\n<p>T\u00f6k\u00e9letes a versenyl\u00f6v\u0151knek, a taktikai oper\u00e1toroknak \u00e9s az AK-rajong\u00f3knak. Fokozza az AK-teljes\u00edtm\u00e9ny\u00e9t \u00e9s eszt\u00e9tik\u00e1j\u00e1t ezzel a sokoldal\u00fa, k\u00f6nnyen haszn\u00e1lhat\u00f3 ir\u00e1nyz\u00e9kkal. \u00c9rjen el kiv\u00e1l\u00f3 pontoss\u00e1got b\u00e1rmilyen k\u00f6r\u00fclm\u00e9nyek k\u00f6z\u00f6tt, a l\u0151t\u00e9rt\u0151l a terepen \u00e1t.<\/p>\n","protected":false},"excerpt":{"rendered":"<p>\u00c1ll\u00edthat\u00f3 AK h\u00e1ts\u00f3 c\u00e9lz\u00f3fegyver: Sz\u00e9lir\u00e1ny- \u00e9s magass\u00e1gszab\u00e1lyoz\u00e1s, tart\u00f3s ac\u00e9lb\u00f3l k\u00e9sz\u00fclt.<\/p>\n","protected":false},"featured_media":471145,"template":"","meta":{"_acf_changed":false},"product_brand":[],"product_cat":[12905,12967,12928],"product_tag":[],"class_list":{"0":"post-690573","1":"product","2":"type-product","3":"status-publish","4":"has-post-thumbnail","6":"product_cat-ak-tuning","7":"product_cat-puska","8":"product_cat-puska-tuning","10":"first","11":"outofstock","12":"taxable","13":"shipping-taxable","14":"purchasable","15":"product-type-simple"},"acf":[],"_links":{"self":[{"href":"https:\/\/nbg.eu\/hu\/wp-json\/wp\/v2\/product\/690573","targetHints":{"allow":["GET"]}}],"collection":[{"href":"https:\/\/nbg.eu\/hu\/wp-json\/wp\/v2\/product"}],"about":[{"href":"https:\/\/nbg.eu\/hu\/wp-json\/wp\/v2\/types\/product"}],"wp:featuredmedia":[{"embeddable":true,"href":"https:\/\/nbg.eu\/hu\/wp-json\/wp\/v2\/media\/471145"}],"wp:attachment":[{"href":"https:\/\/nbg.eu\/hu\/wp-json\/wp\/v2\/media?parent=690573"}],"wp:term":[{"taxonomy":"product_brand","embeddable":true,"href":"https:\/\/nbg.eu\/hu\/wp-json\/wp\/v2\/product_brand?post=690573"},{"taxonomy":"product_cat","embeddable":true,"href":"https:\/\/nbg.eu\/hu\/wp-json\/wp\/v2\/product_cat?post=690573"},{"taxonomy":"product_tag","embeddable":true,"href":"https:\/\/nbg.eu\/hu\/wp-json\/wp\/v2\/product_tag?post=690573"}],"curies":[{"name":"wp","href":"https:\/\/api.w.org\/{rel}","templated":true}]}}