{"id":690596,"date":"2024-08-17T14:52:53","date_gmt":"2024-08-17T11:52:53","guid":{"rendered":"https:\/\/nbg.eu\/product\/fully-adjustable-sight-kmr-black-wide\/"},"modified":"2026-02-27T15:51:02","modified_gmt":"2026-02-27T12:51:02","slug":"fully-adjustable-sight-kmr-black-wide","status":"publish","type":"product","link":"https:\/\/nbg.eu\/hu\/termek\/fully-adjustable-sight-kmr-black-wide\/","title":{"rendered":"Teljesen \u00e1ll\u00edthat\u00f3 Sight KMR Fekete-Sz\u00e9les"},"content":{"rendered":"<h2>Teljesen \u00e1ll\u00edthat\u00f3 c\u00e9lz\u00f3k\u00e9szlet KMR Black-Wide: Prec\u00edzi\u00f3s mesters\u00e9g a versenyl\u00f6v\u00e9szek sz\u00e1m\u00e1ra<\/h2>\n<p>A Teljesen \u00e1ll\u00edthat\u00f3 c\u00e9lz\u00f3k\u00e9szlet KMR Black-Wide a versenyl\u00f6v\u00e9szek sz\u00e1m\u00e1ra az \u00f6sszet\u00e9veszthetetlen precizit\u00e1s \u00e9s sokoldal\u00fas\u00e1g kieg\u00e9sz\u00edt\u0151je. A c\u00e9lz\u00e1s\/sz\u00e9lfuttat\u00e1s hangol\u00e1s\u00e1ra \u00e9s a nagy kontraszt\u00fa c\u00e9lfelv\u00e9telre \u00f6sszpontos\u00edtva ez a c\u00e9lz\u00f3k\u00e9szlet teljes\u00edtm\u00e9nyt ny\u00fajt, amire sz\u00fcks\u00e9ged van ahhoz, hogy urald a l\u0151teret.<\/p>\n<p>Mikrometeres \u00e1ll\u00edt\u00e1si lehet\u0151s\u00e9ggel a KMR Black-Wide lehet\u0151v\u00e9 teszi, hogy pontosan be\u00e1ll\u00edtsd a tal\u00e1lati pontot a specifikus t\u00f6ltetedhez \u00e9s t\u00e1vols\u00e1godhoz, biztos\u00edtva a kompromisszummentes pontoss\u00e1got. A &#8222;Sz\u00e9les&#8221; h\u00e1ts\u00f3 ny\u00edl\u00e1s jobb c\u00e9lk\u00e9pet biztos\u00edt a gyors \u00e1tmenetekhez, m\u00edg a f\u00e9nyvisszaver\u0151d\u00e9st cs\u00f6kkent\u0151, rec\u00e9zett matt fekete fel\u00fclet kik\u00fcsz\u00f6b\u00f6li a napf\u00e9ny vak\u00edt\u00e1s\u00e1t, \u00e9les, fekete-fekete profil\u00e9rt.<\/p>\n<p>F\u00fcggetlen\u00fcl att\u00f3l, hogy nagy t\u00e1vols\u00e1g\u00fa prec\u00edzi\u00f3s versenyeken veszel r\u00e9szt vagy dinamikus ac\u00e9l kih\u00edv\u00e1sokat navig\u00e1lsz, a Teljesen \u00e1ll\u00edthat\u00f3 c\u00e9lz\u00f3k\u00e9szlet KMR Black-Wide a kulcs val\u00f3di potenci\u00e1lod kiakn\u00e1z\u00e1s\u00e1hoz. Friss\u00edtsd fel a felszerel\u00e9st, \u00e9s vidd l\u00f6v\u00e9szetedet \u00faj magaslatokba ezzel a kiv\u00e9teles c\u00e9lz\u00f3rendszerrel.<\/p>\n","protected":false},"excerpt":{"rendered":"<p>Teljesen \u00e1ll\u00edthat\u00f3 Sight KMR Black-Wide &#8211; Prec\u00edzi\u00f3s emelked\u00e9s\/sz\u00e9lt\u0171z\u00e9s finomhangol\u00e1s \u00e9s magas kontraszt\u00fa c\u00e9ladat.<\/p>\n","protected":false},"featured_media":30344,"template":"","meta":{"_acf_changed":false},"product_brand":[11502],"product_cat":[12917],"product_tag":[],"class_list":{"0":"post-690596","1":"product","2":"type-product","3":"status-publish","4":"has-post-thumbnail","6":"product_brand-kmr-precision","7":"product_cat-kmr-alkatreszek","9":"first","10":"instock","11":"taxable","12":"shipping-taxable","13":"product-type-simple"},"acf":[],"_links":{"self":[{"href":"https:\/\/nbg.eu\/hu\/wp-json\/wp\/v2\/product\/690596","targetHints":{"allow":["GET"]}}],"collection":[{"href":"https:\/\/nbg.eu\/hu\/wp-json\/wp\/v2\/product"}],"about":[{"href":"https:\/\/nbg.eu\/hu\/wp-json\/wp\/v2\/types\/product"}],"wp:featuredmedia":[{"embeddable":true,"href":"https:\/\/nbg.eu\/hu\/wp-json\/wp\/v2\/media\/30344"}],"wp:attachment":[{"href":"https:\/\/nbg.eu\/hu\/wp-json\/wp\/v2\/media?parent=690596"}],"wp:term":[{"taxonomy":"product_brand","embeddable":true,"href":"https:\/\/nbg.eu\/hu\/wp-json\/wp\/v2\/product_brand?post=690596"},{"taxonomy":"product_cat","embeddable":true,"href":"https:\/\/nbg.eu\/hu\/wp-json\/wp\/v2\/product_cat?post=690596"},{"taxonomy":"product_tag","embeddable":true,"href":"https:\/\/nbg.eu\/hu\/wp-json\/wp\/v2\/product_tag?post=690596"}],"curies":[{"name":"wp","href":"https:\/\/api.w.org\/{rel}","templated":true}]}}