{"id":690941,"date":"2024-07-25T21:45:22","date_gmt":"2024-07-25T18:45:22","guid":{"rendered":"https:\/\/nbg.eu\/product\/hornady-6mm-arc-108gr-eld-match-ammunition\/"},"modified":"2026-01-21T11:46:10","modified_gmt":"2026-01-21T08:46:10","slug":"hornady-6mm-arc-108gr-eld-match-ammunition","status":"publish","type":"product","link":"https:\/\/nbg.eu\/hu\/termek\/hornady-6mm-arc-108gr-eld-match-ammunition\/","title":{"rendered":"Hornady 6mm ARC 108gr. ELD MATCH Ammunition"},"content":{"rendered":"<div class=\"product-description\">\n<h2>Hornady 6mm ARC 108gr. ELD MATCH L\u0151szer<\/h2>\n<p>Tapasztaljon p\u00e1ratlan teljes\u00edtm\u00e9nyt a Hornady 6mm ARC 108gr. ELD MATCH L\u0151szerrel. Ez a sokoldal\u00fa t\u00f6lt\u00e9nyfajta a k\u00f6vetkez\u0151ket ny\u00fajtja:<\/p>\n<ul>\n<li>Kiv\u00e9teles hat\u00e9konys\u00e1g magas ballisztikus egy\u00fctthat\u00f3j\u00fa l\u00f6ved\u00e9kekkel<\/li>\n<li>P\u00e9ld\u00e1tlan teljes\u00edtm\u00e9ny AR-15 fegyverrendszerekben<\/li>\n<li>Optim\u00e1lis eredm\u00e9nyek r\u00f6vid vagy mikr\u00f3 cs\u0151hossz eset\u00e9n<\/li>\n<li>Ide\u00e1lis versenyc\u00e9lokra, vad\u00e1szatra \u00e9s szem\u00e9lyes v\u00e9delemre<\/li>\n<li>Kiv\u00e1l\u00f3 v\u00e9gs\u0151 teljes\u00edtm\u00e9ny k\u00fcl\u00f6nb\u00f6z\u0151 alkalmaz\u00e1sokban<\/li>\n<\/ul>\n<p>A 6mm ARC a legkorszer\u0171bb t\u00f6lt\u00e9nytervez\u00e9st egyes\u00edti gondosan kiv\u00e1lasztott l\u00f6ved\u00e9kekkel, k\u00edn\u00e1lva a t\u00f6k\u00e9letes egyens\u00falyt a rendszer s\u00falya, teljes\u00edtm\u00e9nye \u00e9s kezelhet\u0151s\u00e9ge k\u00f6z\u00f6tt. F\u00fcggetlen\u00fcl att\u00f3l, hogy versenyz\u0151, vad\u00e1sz vagy rendv\u00e9delmi szakember vagy, ez a l\u0151szer biztos\u00edtja a sz\u00fcks\u00e9ges pontoss\u00e1got \u00e9s er\u0151t.<\/p>\n<\/div>\n","protected":false},"excerpt":{"rendered":"<p>Sokoldal\u00fa 6mm ARC: Prec\u00edzi\u00f3s l\u0151szer az AR-15 \u00e9s a z\u00e1rszerkezetes pusk\u00e1khoz.<\/p>\n","protected":false},"featured_media":690977,"template":"","meta":{"_acf_changed":false},"product_brand":[11447],"product_cat":[12970,12980],"product_tag":[],"class_list":{"0":"post-690941","1":"product","2":"type-product","3":"status-publish","4":"has-post-thumbnail","6":"product_brand-hornady","7":"product_cat-loszer","8":"product_cat-puska-loszer","10":"first","11":"instock","12":"taxable","13":"shipping-taxable","14":"purchasable","15":"product-type-simple"},"acf":[],"_links":{"self":[{"href":"https:\/\/nbg.eu\/hu\/wp-json\/wp\/v2\/product\/690941","targetHints":{"allow":["GET"]}}],"collection":[{"href":"https:\/\/nbg.eu\/hu\/wp-json\/wp\/v2\/product"}],"about":[{"href":"https:\/\/nbg.eu\/hu\/wp-json\/wp\/v2\/types\/product"}],"wp:featuredmedia":[{"embeddable":true,"href":"https:\/\/nbg.eu\/hu\/wp-json\/wp\/v2\/media\/690977"}],"wp:attachment":[{"href":"https:\/\/nbg.eu\/hu\/wp-json\/wp\/v2\/media?parent=690941"}],"wp:term":[{"taxonomy":"product_brand","embeddable":true,"href":"https:\/\/nbg.eu\/hu\/wp-json\/wp\/v2\/product_brand?post=690941"},{"taxonomy":"product_cat","embeddable":true,"href":"https:\/\/nbg.eu\/hu\/wp-json\/wp\/v2\/product_cat?post=690941"},{"taxonomy":"product_tag","embeddable":true,"href":"https:\/\/nbg.eu\/hu\/wp-json\/wp\/v2\/product_tag?post=690941"}],"curies":[{"name":"wp","href":"https:\/\/api.w.org\/{rel}","templated":true}]}}