{"id":691110,"date":"2025-03-04T21:24:07","date_gmt":"2025-03-04T18:24:07","guid":{"rendered":"https:\/\/nbg.eu\/product\/kmr-hand-stop-set-m-lok-alu-black\/"},"modified":"2026-05-13T15:56:48","modified_gmt":"2026-05-13T12:56:48","slug":"kmr-hand-stop-set-m-lok-alu-black","status":"publish","type":"product","link":"https:\/\/nbg.eu\/hu\/termek\/kmr-hand-stop-set-m-lok-alu-black\/","title":{"rendered":"KMR Hand Stop Szett M-LOK ALU Fekete"},"content":{"rendered":"<h2>KMR K\u00e9z\u00e1llv\u00e1ny K\u00e9szlet (M-LOK) \u2013 Alum\u00ednium, Fekete<\/h2>\n<p>Emelje szintre l\u00f6v\u00e9sz\u00e9lm\u00e9ny\u00e9t a KMR K\u00e9z\u00e1llv\u00e1ny K\u00e9szlettel, egy sokoldal\u00fa kieg\u00e9sz\u00edt\u0151vel, amely a visszar\u00fag\u00e1s-kezel\u00e9st, a k\u00e9zt\u00e1maszt \u00e9s az \u00e1ltal\u00e1nos fegyverellen\u0151rz\u00e9st is fokozza. K\u00f6nny\u0171, CNC-megmunk\u00e1lt alum\u00edniumb\u00f3l k\u00e9sz\u00fclt, matt fekete elox\u00e1lt fel\u00fclettel, amely t\u00f6k\u00e9letesen illeszkedik az M-LOK-kompatibilis l\u0151fegyver\u00e9hez.<\/p>\n<p>A modul\u00e1ris, k\u00e9tr\u00e9szes vagy textur\u00e1lt kialak\u00edt\u00e1s k\u00f6vetkezetes fizikai viszony\u00edt\u00e1si pontot biztos\u00edt a t\u00e1maszt\u00f3 kez\u00e9nek, garant\u00e1lva a megism\u00e9telhet\u0151 fog\u00e1st \u00e9s megakad\u00e1lyozva, hogy a keze a cs\u0151sz\u00e1j fel\u00e9 cs\u00fasszon. Azzal, hogy lehet\u0151v\u00e9 teszi a puska a v\u00e1llba h\u00faz\u00e1s\u00e1t, a KMR K\u00e9z\u00e1llv\u00e1ny K\u00e9szlet jelent\u0151sen laposabb l\u00f6v\u00e9st \u00e9s gyorsabb ut\u00e1nl\u00f6v\u00e9seket biztos\u00edt, jav\u00edtva az \u00f6sszpontos\u00edt\u00e1st \u00e9s a l\u00f6v\u00e9szteljes\u00edtm\u00e9nyt.<\/p>\n<p>Ak\u00e1r tapasztalt l\u00f6v\u00e9sz, ak\u00e1r lelkes hobbista \u00d6n, a KMR K\u00e9z\u00e1llv\u00e1ny K\u00e9szlet elengedhetetlen friss\u00edt\u00e9s a l\u0151fegyvere sz\u00e1m\u00e1ra. Emelje szintre l\u00f6v\u00e9sz\u00e9lm\u00e9ny\u00e9t, \u00e9s vigye k\u00e9szs\u00e9geit \u00faj magaslatokra ezzel az innovat\u00edv \u00e9s megb\u00edzhat\u00f3 kieg\u00e9sz\u00edt\u0151vel.<\/p>\n","protected":false},"excerpt":{"rendered":"<p>KMR K\u00c9ZISZ\u00c1R K\u00c9SZLET, M-LOK, ALU, FEKETE &#8211; Jav\u00edtott visszar\u00fag\u00e1s-kezel\u00e9s \u00e9s fegyverir\u00e1ny\u00edt\u00e1s.<\/p>\n","protected":false},"featured_media":236520,"template":"","meta":{"_acf_changed":false},"product_brand":[11502],"product_cat":[12917,12967,12925,12928],"product_tag":[],"class_list":{"0":"post-691110","1":"product","2":"type-product","3":"status-publish","4":"has-post-thumbnail","6":"product_brand-kmr-precision","7":"product_cat-kmr-alkatreszek","8":"product_cat-puska","9":"product_cat-puska-markolatok","10":"product_cat-puska-tuning","12":"first","13":"instock","14":"taxable","15":"shipping-taxable","16":"purchasable","17":"product-type-simple"},"acf":[],"_links":{"self":[{"href":"https:\/\/nbg.eu\/hu\/wp-json\/wp\/v2\/product\/691110","targetHints":{"allow":["GET"]}}],"collection":[{"href":"https:\/\/nbg.eu\/hu\/wp-json\/wp\/v2\/product"}],"about":[{"href":"https:\/\/nbg.eu\/hu\/wp-json\/wp\/v2\/types\/product"}],"wp:featuredmedia":[{"embeddable":true,"href":"https:\/\/nbg.eu\/hu\/wp-json\/wp\/v2\/media\/236520"}],"wp:attachment":[{"href":"https:\/\/nbg.eu\/hu\/wp-json\/wp\/v2\/media?parent=691110"}],"wp:term":[{"taxonomy":"product_brand","embeddable":true,"href":"https:\/\/nbg.eu\/hu\/wp-json\/wp\/v2\/product_brand?post=691110"},{"taxonomy":"product_cat","embeddable":true,"href":"https:\/\/nbg.eu\/hu\/wp-json\/wp\/v2\/product_cat?post=691110"},{"taxonomy":"product_tag","embeddable":true,"href":"https:\/\/nbg.eu\/hu\/wp-json\/wp\/v2\/product_tag?post=691110"}],"curies":[{"name":"wp","href":"https:\/\/api.w.org\/{rel}","templated":true}]}}