{"id":691177,"date":"2025-03-04T21:40:08","date_gmt":"2025-03-04T18:40:08","guid":{"rendered":"https:\/\/nbg.eu\/product\/kmr-qd-sling-swivel\/"},"modified":"2026-05-13T15:10:54","modified_gmt":"2026-05-13T12:10:54","slug":"kmr-qd-sling-swivel","status":"publish","type":"product","link":"https:\/\/nbg.eu\/hu\/termek\/kmr-qd-sling-swivel\/","title":{"rendered":"KMR QD Sz\u00edjkarika"},"content":{"rendered":"<h2>Gyors csatlakoz\u00e1s, nagyterhel\u00e9s\u0171 megb\u00edzhat\u00f3s\u00e1g: A KMR Gyors Lev\u00e1laszt\u00f3 (QD) Sz\u00edjcsavarzat<\/h2>\n<p>A gyors csatlakoz\u00e1sra tervezve, nagyterhel\u00e9s\u0171 megb\u00edzhat\u00f3s\u00e1got k\u00edn\u00e1l a KMR QD Sz\u00edjcsavarzat, amely t\u00f6k\u00e9letes kieg\u00e9sz\u00edt\u0151je l\u0151fegyver\u00e9nek. Magas h\u00faz\u00f3szil\u00e1rds\u00e1g\u00fa ac\u00e9lb\u00f3l k\u00e9sz\u00fclt, nyom\u00f3gombos kiold\u00f3mechanizmussal \u00e9s 360 fokos elfordul\u00e1ssal, ami lehet\u0151v\u00e9 teszi a sz\u00edj k\u00f6zel azonnali csatlakoztat\u00e1s\u00e1t vagy elt\u00e1vol\u00edt\u00e1s\u00e1t b\u00e1rmely QD-kompatibilis foglalatb\u00f3l, legyen az M-LOK, puska vagy k\u00e9zifog\u00f3.<\/p>\n<p>Magas h\u00faz\u00f3er\u0151knek \u00e9s durva terepk\u00f6r\u00fclm\u00e9nyeknek ellen\u00e1ll\u00f3 kialak\u00edt\u00e1s, a KMR QD Sz\u00edjcsavarzat biztos\u00edtja, hogy pusk\u00e1ja biztons\u00e1gosan legyen sz\u00edjazva dinamikus mozg\u00e1s k\u00f6zben is. A fekete fel\u00fcletkezel\u00e9s tov\u00e1bb n\u00f6veli a csavarzat tart\u00f3ss\u00e1g\u00e1t, megb\u00edzhat\u00f3 v\u00e1laszt\u00e1st k\u00edn\u00e1lva minden sz\u00edjr\u00f6gz\u00edt\u00e9si ig\u00e9ny\u00e9hez.<\/p>\n","protected":false},"excerpt":{"rendered":"<p>KMR QD SLING FORG\u00d3, SZABV\u00c1NYOS: Gyors csatlakoztat\u00e1s\/lev\u00e1laszt\u00e1s.<\/p>\n","protected":false},"featured_media":236794,"template":"","meta":{"_acf_changed":false},"product_brand":[11502],"product_cat":[12903,12928,14944],"product_tag":[],"class_list":{"0":"post-691177","1":"product","2":"type-product","3":"status-publish","4":"has-post-thumbnail","6":"product_brand-kmr-precision","7":"product_cat-hevederek","8":"product_cat-puska-tuning","9":"product_cat-sling-swivels-hu","11":"first","12":"instock","13":"taxable","14":"shipping-taxable","15":"purchasable","16":"product-type-simple"},"acf":[],"_links":{"self":[{"href":"https:\/\/nbg.eu\/hu\/wp-json\/wp\/v2\/product\/691177","targetHints":{"allow":["GET"]}}],"collection":[{"href":"https:\/\/nbg.eu\/hu\/wp-json\/wp\/v2\/product"}],"about":[{"href":"https:\/\/nbg.eu\/hu\/wp-json\/wp\/v2\/types\/product"}],"wp:featuredmedia":[{"embeddable":true,"href":"https:\/\/nbg.eu\/hu\/wp-json\/wp\/v2\/media\/236794"}],"wp:attachment":[{"href":"https:\/\/nbg.eu\/hu\/wp-json\/wp\/v2\/media?parent=691177"}],"wp:term":[{"taxonomy":"product_brand","embeddable":true,"href":"https:\/\/nbg.eu\/hu\/wp-json\/wp\/v2\/product_brand?post=691177"},{"taxonomy":"product_cat","embeddable":true,"href":"https:\/\/nbg.eu\/hu\/wp-json\/wp\/v2\/product_cat?post=691177"},{"taxonomy":"product_tag","embeddable":true,"href":"https:\/\/nbg.eu\/hu\/wp-json\/wp\/v2\/product_tag?post=691177"}],"curies":[{"name":"wp","href":"https:\/\/api.w.org\/{rel}","templated":true}]}}