{"id":691193,"date":"2025-03-04T21:26:30","date_gmt":"2025-03-04T18:26:30","guid":{"rendered":"https:\/\/nbg.eu\/product\/kmr-rail-set-m-lok-alu\/"},"modified":"2026-05-13T16:01:26","modified_gmt":"2026-05-13T13:01:26","slug":"kmr-rail-set-m-lok-alu","status":"publish","type":"product","link":"https:\/\/nbg.eu\/hu\/termek\/kmr-rail-set-m-lok-alu\/","title":{"rendered":"KMR Picatinny S\u00ednszett M-LOK ALU"},"content":{"rendered":"<h2>KMR S\u00cdNK\u00c9SZLET, M-LOK, ALU<\/h2>\n<p>N\u00f6velje M-LOK k\u00e9zv\u00e9d\u0151je sokoldal\u00fas\u00e1g\u00e1t a KMR S\u00cdNK\u00c9SZLET-tel, egy massz\u00edv \u00e9s k\u00f6nny\u0171 tartoz\u00e9k\u00e9p\u00edt\u00e9si megold\u00e1ssal. Prec\u00edz CNC-megmunk\u00e1l\u00e1ssal k\u00e9sz\u00fclt, nagy tisztas\u00e1g\u00fa 6061-T6 alum\u00edniumb\u00f3l k\u00e9sz\u00fclt, ez a s\u00ednk\u00e9szlet szabv\u00e1nyos Picatinny\/Mil-Std 1913 interf\u00e9szt k\u00edn\u00e1l, lehet\u0151v\u00e9 t\u00e9ve, hogy biztons\u00e1gosan r\u00f6gz\u00edtsen egy sz\u00e9les sk\u00e1l\u00e1j\u00fa taktikai tartoz\u00e9kot, mint p\u00e9ld\u00e1ul f\u00e9nyeket, l\u00e9zert, fog\u00f3kat \u00e9s l\u00e1bsz\u00e1mokat.<\/p>\n<p>Az alacsony profil\u00fa, fekete elox\u00e1lt fel\u00fclet maxim\u00e1lis tart\u00f3ss\u00e1got biztos\u00edt a fegyver elej\u00e9re ad\u00f3d\u00f3 s\u00faly vagy t\u00f6meg n\u00f6veked\u00e9se n\u00e9lk\u00fcl. A mell\u00e9kelt M-LOK r\u00f6gz\u00edt\u0151 alkatr\u00e9szekkel k\u00f6nnyed\u00e9n integr\u00e1lhatja ezt a s\u00ednk\u00e9szletet a megl\u00e9v\u0151 M-LOK k\u00e9zv\u00e9d\u0151j\u00e9be, l\u00e9trehozva egy modul\u00e1ris \u00e9s testreszabhat\u00f3 platformot, amely megfelel az \u00d6n egyedi ig\u00e9nyeinek.<\/p>\n<p>F\u00fcggetlen\u00fcl att\u00f3l, hogy fokozni szeretn\u00e9 a fegyvere funkcionalit\u00e1s\u00e1t, vagy csak egy megb\u00edzhat\u00f3 m\u00f3dot keres a kedvenc tartoz\u00e9kai r\u00f6gz\u00edt\u00e9s\u00e9re, a KMR S\u00cdNK\u00c9SZLET, M-LOK, ALU a t\u00f6k\u00e9letes megold\u00e1s. Teljes\u00edtm\u00e9ny \u00e9s tart\u00f3ss\u00e1g szempontj\u00e1b\u00f3l tervezve ez a tartoz\u00e9k seg\u00edt \u00d6nnek a l\u00f6v\u00e9si \u00e9lm\u00e9ny\u00e9t a k\u00f6vetkez\u0151 szintre emelni.<\/p>\n","protected":false},"excerpt":{"rendered":"<p>Modul\u00e1ris M-LOK s\u00ednk\u00e9szlet k\u00f6nny\u0171, tart\u00f3s alum\u00edniumb\u00f3l Picatinny-illeszt\u00e9ssel.<\/p>\n","protected":false},"featured_media":236683,"template":"","meta":{"_acf_changed":false},"product_brand":[11502],"product_cat":[12903,14958,12967,12928,12981],"product_tag":[],"class_list":{"0":"post-691193","1":"product","2":"type-product","3":"status-publish","4":"has-post-thumbnail","6":"product_brand-kmr-precision","7":"product_cat-hevederek","8":"product_cat-m-lok-rail-systems-hu","9":"product_cat-puska","10":"product_cat-puska-tuning","11":"product_cat-sinek","13":"first","14":"instock","15":"taxable","16":"shipping-taxable","17":"purchasable","18":"product-type-variable","19":"wvs-archive-product-wrapper"},"acf":[],"_links":{"self":[{"href":"https:\/\/nbg.eu\/hu\/wp-json\/wp\/v2\/product\/691193","targetHints":{"allow":["GET"]}}],"collection":[{"href":"https:\/\/nbg.eu\/hu\/wp-json\/wp\/v2\/product"}],"about":[{"href":"https:\/\/nbg.eu\/hu\/wp-json\/wp\/v2\/types\/product"}],"wp:featuredmedia":[{"embeddable":true,"href":"https:\/\/nbg.eu\/hu\/wp-json\/wp\/v2\/media\/236683"}],"wp:attachment":[{"href":"https:\/\/nbg.eu\/hu\/wp-json\/wp\/v2\/media?parent=691193"}],"wp:term":[{"taxonomy":"product_brand","embeddable":true,"href":"https:\/\/nbg.eu\/hu\/wp-json\/wp\/v2\/product_brand?post=691193"},{"taxonomy":"product_cat","embeddable":true,"href":"https:\/\/nbg.eu\/hu\/wp-json\/wp\/v2\/product_cat?post=691193"},{"taxonomy":"product_tag","embeddable":true,"href":"https:\/\/nbg.eu\/hu\/wp-json\/wp\/v2\/product_tag?post=691193"}],"curies":[{"name":"wp","href":"https:\/\/api.w.org\/{rel}","templated":true}]}}