{"id":692144,"date":"2025-03-04T21:42:27","date_gmt":"2025-03-04T18:42:27","guid":{"rendered":"https:\/\/nbg.eu\/product\/kmr-qd-sling-swivel-small-25-mm\/"},"modified":"2026-05-13T16:02:05","modified_gmt":"2026-05-13T13:02:05","slug":"kmr-qd-sling-swivel-small-25-mm","status":"publish","type":"product","link":"https:\/\/nbg.eu\/hu\/termek\/kmr-qd-sling-swivel-small-25-mm\/","title":{"rendered":"KMR QD Sz\u00edjkarika Kicsi 25mm"},"content":{"rendered":"<h2>KMR QD SLING SWIVEL, KISM\u00c9RET\u0170 25 mm<\/h2>\n<p>Gyors csatlakoz\u00e1sra tervezve, neh\u00e9zterh\u0171 megb\u00edzhat\u00f3s\u00e1ggal, a KMR QD Sling Swivel a t\u00f6k\u00e9letes k\u00eds\u00e9r\u0151je a l\u0151fegyver\u00e9nek. Magas szak\u00edt\u00f3szil\u00e1rds\u00e1g\u00fa ac\u00e9lb\u00f3l k\u00e9sz\u00fclt, ez a forg\u00f3csap egy nyom\u00f3gombos kiold\u00f3 mechanizmussal \u00e9s 360 fokos elfordul\u00e1ssal rendelkezik, lehet\u0151v\u00e9 t\u00e9ve a sz\u00edj azonnali csatlakoztat\u00e1s\u00e1t vagy elt\u00e1vol\u00edt\u00e1s\u00e1t b\u00e1rmely QD-kompatibilis aljzatb\u00f3l, legyen az M-LOK, t\u0151ke vagy k\u00e9ziv\u00e9d\u0151.<\/p>\n<p>Magas h\u00faz\u00f3er\u0151k \u00e9s neh\u00e9z terepen val\u00f3 haszn\u00e1latra tervezve, a KMR QD Sling Swivel biztos\u00edtja, hogy a puska biztons\u00e1gosan legyen fell\u00f3gatva dinamikus mozg\u00e1s k\u00f6zben is. A fekete fel\u00fclet tov\u00e1bb n\u00f6veli a forg\u00f3csap tart\u00f3ss\u00e1g\u00e1t, megb\u00edzhat\u00f3 v\u00e1laszt\u00e1st k\u00edn\u00e1lva minden sz\u00edjcsatlakoz\u00e1si ig\u00e9nyhez.<\/p>\n","protected":false},"excerpt":{"rendered":"<p>KMRQD SLING SWIVEL, KICSI 25 mm: Gyors r\u00f6gz\u00edt\u00e9s\/lev\u00e1laszt\u00e1s<\/p>\n","protected":false},"featured_media":236818,"template":"","meta":{"_acf_changed":false},"product_brand":[11502],"product_cat":[12903,12928,14944],"product_tag":[],"class_list":{"0":"post-692144","1":"product","2":"type-product","3":"status-publish","4":"has-post-thumbnail","6":"product_brand-kmr-precision","7":"product_cat-hevederek","8":"product_cat-puska-tuning","9":"product_cat-sling-swivels-hu","11":"first","12":"instock","13":"taxable","14":"shipping-taxable","15":"purchasable","16":"product-type-simple"},"acf":[],"_links":{"self":[{"href":"https:\/\/nbg.eu\/hu\/wp-json\/wp\/v2\/product\/692144","targetHints":{"allow":["GET"]}}],"collection":[{"href":"https:\/\/nbg.eu\/hu\/wp-json\/wp\/v2\/product"}],"about":[{"href":"https:\/\/nbg.eu\/hu\/wp-json\/wp\/v2\/types\/product"}],"wp:featuredmedia":[{"embeddable":true,"href":"https:\/\/nbg.eu\/hu\/wp-json\/wp\/v2\/media\/236818"}],"wp:attachment":[{"href":"https:\/\/nbg.eu\/hu\/wp-json\/wp\/v2\/media?parent=692144"}],"wp:term":[{"taxonomy":"product_brand","embeddable":true,"href":"https:\/\/nbg.eu\/hu\/wp-json\/wp\/v2\/product_brand?post=692144"},{"taxonomy":"product_cat","embeddable":true,"href":"https:\/\/nbg.eu\/hu\/wp-json\/wp\/v2\/product_cat?post=692144"},{"taxonomy":"product_tag","embeddable":true,"href":"https:\/\/nbg.eu\/hu\/wp-json\/wp\/v2\/product_tag?post=692144"}],"curies":[{"name":"wp","href":"https:\/\/api.w.org\/{rel}","templated":true}]}}