{"id":692300,"date":"2025-05-21T16:01:25","date_gmt":"2025-05-21T13:01:25","guid":{"rendered":"https:\/\/nbg.eu\/product\/magazine-kmr-l-02-orca-cal-9x19-19-rnds\/"},"modified":"2026-05-13T15:09:57","modified_gmt":"2026-05-13T12:09:57","slug":"magazine-kmr-l-02-orca-cal-9x19-19-rnds","status":"publish","type":"product","link":"https:\/\/nbg.eu\/hu\/termek\/magazine-kmr-l-02-orca-cal-9x19-19-rnds\/","title":{"rendered":"KMR T\u00e1r L-02 ORCA 9&#215;19 19 T\u00f6lt."},"content":{"rendered":"<h2>KMR L-02 ORCA cal. 9&#215;19 19 l\u0151szer<\/h2>\n<p>N\u00f6velje KMR L-02 ORCA pisztolya teljes\u00edtm\u00e9ny\u00e9t ezzel a nagy kapacit\u00e1s\u00fa t\u00e1rral. 19 darab 9&#215;19 mm l\u0151szer befogad\u00e1s\u00e1ra k\u00e9pes, ami megb\u00edzhat\u00f3 adagol\u00e1st \u00e9s sima m\u0171k\u00f6d\u00e9st biztos\u00edt, t\u00f6k\u00e9letes kieg\u00e9sz\u00edt\u0151je a fegyvernek. Kompatibilis a KMR L-02 EMIQ \u00e9s EMIQ (OR) modellekkel, elengedhetetlen tartoz\u00e9k azok sz\u00e1m\u00e1ra, akik t\u00f6bb l\u0151szer kapacit\u00e1sra \u00e9s fokozott funkcionalit\u00e1sra v\u00e1gynak.<\/p>\n<p>Cikksz\u00e1m: 1152-02402-0001<\/p>\n<p>Kompatibilis a k\u00f6vetkez\u0151kkel:<\/p>\n<ul>\n<li>KMR L-02 EMIQ<\/li>\n<li>KMR L-02 EMIQ (OR)<\/li>\n<li>KMR L-02 ORCA 2023-ig<\/li>\n<\/ul>\n","protected":false},"excerpt":{"rendered":"<p>Nagy kapacit\u00e1s\u00fa, 19-l\u0151szeres t\u00e1r a KMR L-02 ORCA 9&#215;19 pisztolyokhoz. Megb\u00edzhat\u00f3 t\u00f6lt\u00e9s \u00e9s sima m\u0171k\u00f6d\u00e9s.<\/p>\n","protected":false},"featured_media":365244,"template":"","meta":{"_acf_changed":false},"product_brand":[11502],"product_cat":[12917,12913],"product_tag":[],"class_list":{"0":"post-692300","1":"product","2":"type-product","3":"status-publish","4":"has-post-thumbnail","6":"product_brand-kmr-precision","7":"product_cat-kmr-alkatreszek","8":"product_cat-pisztoly-alkatreszek","10":"first","11":"instock","12":"taxable","13":"shipping-taxable","14":"product-type-simple"},"acf":[],"_links":{"self":[{"href":"https:\/\/nbg.eu\/hu\/wp-json\/wp\/v2\/product\/692300","targetHints":{"allow":["GET"]}}],"collection":[{"href":"https:\/\/nbg.eu\/hu\/wp-json\/wp\/v2\/product"}],"about":[{"href":"https:\/\/nbg.eu\/hu\/wp-json\/wp\/v2\/types\/product"}],"wp:featuredmedia":[{"embeddable":true,"href":"https:\/\/nbg.eu\/hu\/wp-json\/wp\/v2\/media\/365244"}],"wp:attachment":[{"href":"https:\/\/nbg.eu\/hu\/wp-json\/wp\/v2\/media?parent=692300"}],"wp:term":[{"taxonomy":"product_brand","embeddable":true,"href":"https:\/\/nbg.eu\/hu\/wp-json\/wp\/v2\/product_brand?post=692300"},{"taxonomy":"product_cat","embeddable":true,"href":"https:\/\/nbg.eu\/hu\/wp-json\/wp\/v2\/product_cat?post=692300"},{"taxonomy":"product_tag","embeddable":true,"href":"https:\/\/nbg.eu\/hu\/wp-json\/wp\/v2\/product_tag?post=692300"}],"curies":[{"name":"wp","href":"https:\/\/api.w.org\/{rel}","templated":true}]}}