{"id":692323,"date":"2025-05-20T23:13:22","date_gmt":"2025-05-20T20:13:22","guid":{"rendered":"https:\/\/nbg.eu\/product\/magazine-mec-gar-cal-9x19-17-rnds\/"},"modified":"2026-05-13T16:02:54","modified_gmt":"2026-05-13T13:02:54","slug":"magazine-mec-gar-cal-9x19-17-rnds","status":"publish","type":"product","link":"https:\/\/nbg.eu\/hu\/termek\/magazine-mec-gar-cal-9x19-17-rnds\/","title":{"rendered":"KMR T\u00e1r MEC-GAR 9&#215;19 17 T\u00f6lt."},"content":{"rendered":"<h2>MAGAZINE MEC-GAR 9&#215;19 mm-es, 17 l\u0151szeres<\/h2>\n<p>Referencia: 1152-01901-0000<\/p>\n<p>Nagy kapacit\u00e1s\u00fa, 17 l\u0151szeres magazin 9x19mm-es pisztolyokhoz. Kompatibilis k\u00fcl\u00f6nb\u00f6z\u0151 KMR modellekkel, bele\u00e9rtve a SPECTRA, UMBRA \u00e9s CUDA (2023 \u00e9s 2024-es v\u00e1ltozatok) t\u00edpusokat. Emellett illeszkedik a CZ SHADOW 1, SHADOW 2 \u00e9s SP-01 pisztolyokhoz is. A megb\u00edzhat\u00f3 adogat\u00e1s \u00e9s a tart\u00f3s kialak\u00edt\u00e1s biztos\u00edtja a fegyver optim\u00e1lis teljes\u00edtm\u00e9ny\u00e9t.<\/p>\n","protected":false},"excerpt":{"rendered":"<p>Nagykapacit\u00e1s\u00fa 9mm-es t\u00e1r a KMR \u00e9s CZ pisztolyokhoz. 17 t\u00f6lt\u00e9nyes.<\/p>\n","protected":false},"featured_media":365192,"template":"","meta":{"_acf_changed":false},"product_brand":[11502],"product_cat":[12917,12913],"product_tag":[],"class_list":{"0":"post-692323","1":"product","2":"type-product","3":"status-publish","4":"has-post-thumbnail","6":"product_brand-kmr-precision","7":"product_cat-kmr-alkatreszek","8":"product_cat-pisztoly-alkatreszek","10":"first","11":"instock","12":"taxable","13":"shipping-taxable","14":"product-type-simple"},"acf":[],"_links":{"self":[{"href":"https:\/\/nbg.eu\/hu\/wp-json\/wp\/v2\/product\/692323","targetHints":{"allow":["GET"]}}],"collection":[{"href":"https:\/\/nbg.eu\/hu\/wp-json\/wp\/v2\/product"}],"about":[{"href":"https:\/\/nbg.eu\/hu\/wp-json\/wp\/v2\/types\/product"}],"wp:featuredmedia":[{"embeddable":true,"href":"https:\/\/nbg.eu\/hu\/wp-json\/wp\/v2\/media\/365192"}],"wp:attachment":[{"href":"https:\/\/nbg.eu\/hu\/wp-json\/wp\/v2\/media?parent=692323"}],"wp:term":[{"taxonomy":"product_brand","embeddable":true,"href":"https:\/\/nbg.eu\/hu\/wp-json\/wp\/v2\/product_brand?post=692323"},{"taxonomy":"product_cat","embeddable":true,"href":"https:\/\/nbg.eu\/hu\/wp-json\/wp\/v2\/product_cat?post=692323"},{"taxonomy":"product_tag","embeddable":true,"href":"https:\/\/nbg.eu\/hu\/wp-json\/wp\/v2\/product_tag?post=692323"}],"curies":[{"name":"wp","href":"https:\/\/api.w.org\/{rel}","templated":true}]}}