{"id":692363,"date":"2024-08-17T15:42:34","date_gmt":"2024-08-17T12:42:34","guid":{"rendered":"https:\/\/nbg.eu\/product\/magwell-kmr-l-02-alu-brass\/"},"modified":"2026-05-13T15:10:44","modified_gmt":"2026-05-13T12:10:44","slug":"magwell-kmr-l-02-alu-brass","status":"publish","type":"product","link":"https:\/\/nbg.eu\/hu\/termek\/magwell-kmr-l-02-alu-brass\/","title":{"rendered":"KMR Magwell L-02 S\u00e1rgar\u00e9z"},"content":{"rendered":"<h2>Magwell KMR L-02 Brass: Fegyverfriss\u00edt\u00e9s KMR platformokhoz<\/h2>\n<p>Bemutatjuk a Magwell KMR L-02 Brass term\u00e9ket, egy pr\u00e9mium komponenst, amely a KMR-kompatibilis fegyverek teljes\u00edtm\u00e9ny\u00e9t \u00e9s funkcionalit\u00e1s\u00e1t n\u00f6veli. Prec\u00edz kivitelez\u00e9ssel \u00e9s r\u00e9szletekre val\u00f3 figyelemmel k\u00e9sz\u00fclt, \u00e9s t\u00f6k\u00e9letesen illeszkedik a KMR platformra, eleg\u00e1ns \u00e9s tart\u00f3s friss\u00edt\u00e9st ny\u00fajtva.<\/p>\n<p>A kiv\u00e1l\u00f3 min\u0151s\u00e9g\u0171 s\u00e1rgar\u00e9z anyagb\u00f3l k\u00e9sz\u00fclt Magwell KMR L-02 Brass kiv\u00e9teles tart\u00f3ss\u00e1got \u00e9s pr\u00e9mium megjelen\u00e9st biztos\u00edt a fegyver sz\u00e1m\u00e1ra. Eleg\u00e1ns kialak\u00edt\u00e1sa \u00e9s z\u00f6kken\u0151mentes illeszked\u00e9se garant\u00e1lja a sima \u00e9s zavar\u00f3 t\u00e9nyez\u0151kt\u0151l mentes friss\u00edt\u00e9st, lehet\u0151v\u00e9 t\u00e9ve, hogy meg\u0151rizze a KMR platform teljes\u00edtm\u00e9ny- \u00e9s kezel\u00e9si jellemz\u0151it.<\/p>\n<p>Fegyverekhez KMR<\/p>\n<p>KMR L-02 EMIQ<\/p>\n<p>KMR L-02 EMIQ (VAGY)<\/p>\n<p>KMR L-02 ORCA 2023-IG<\/p>\n<p>KMR L-02 SPECTRA 2023-IG<\/p>\n<p>Referencia 0531-01101-0316<\/p>\n","protected":false},"excerpt":{"rendered":"<p>Fegyverekhez val\u00f3 Magwell KMR L-02 S\u00e1rgar\u00e9z<\/p>\n","protected":false},"featured_media":720250,"template":"","meta":{"_acf_changed":false},"product_brand":[11502],"product_cat":[14982,12937,12913],"product_tag":[],"class_list":{"0":"post-692363","1":"product","2":"type-product","3":"status-publish","4":"has-post-thumbnail","6":"product_brand-kmr-precision","7":"product_cat-pistol-magwells-hu","8":"product_cat-pisztoly","9":"product_cat-pisztoly-alkatreszek","11":"first","12":"outofstock","13":"taxable","14":"shipping-taxable","15":"product-type-simple"},"acf":[],"_links":{"self":[{"href":"https:\/\/nbg.eu\/hu\/wp-json\/wp\/v2\/product\/692363","targetHints":{"allow":["GET"]}}],"collection":[{"href":"https:\/\/nbg.eu\/hu\/wp-json\/wp\/v2\/product"}],"about":[{"href":"https:\/\/nbg.eu\/hu\/wp-json\/wp\/v2\/types\/product"}],"wp:featuredmedia":[{"embeddable":true,"href":"https:\/\/nbg.eu\/hu\/wp-json\/wp\/v2\/media\/720250"}],"wp:attachment":[{"href":"https:\/\/nbg.eu\/hu\/wp-json\/wp\/v2\/media?parent=692363"}],"wp:term":[{"taxonomy":"product_brand","embeddable":true,"href":"https:\/\/nbg.eu\/hu\/wp-json\/wp\/v2\/product_brand?post=692363"},{"taxonomy":"product_cat","embeddable":true,"href":"https:\/\/nbg.eu\/hu\/wp-json\/wp\/v2\/product_cat?post=692363"},{"taxonomy":"product_tag","embeddable":true,"href":"https:\/\/nbg.eu\/hu\/wp-json\/wp\/v2\/product_tag?post=692363"}],"curies":[{"name":"wp","href":"https:\/\/api.w.org\/{rel}","templated":true}]}}