{"id":692390,"date":"2024-08-18T11:19:05","date_gmt":"2024-08-18T08:19:05","guid":{"rendered":"https:\/\/nbg.eu\/product\/mag-release-button-screw-m3x6-iso-14581-kmr\/"},"modified":"2026-05-13T16:03:49","modified_gmt":"2026-05-13T13:03:49","slug":"mag-release-button-screw-m3x6-iso-14581-kmr","status":"publish","type":"product","link":"https:\/\/nbg.eu\/hu\/termek\/mag-release-button-screw-m3x6-iso-14581-kmr\/","title":{"rendered":"KMR T\u00e1r Kiold\u00f3gomb Csavar M3x6 ISO 14581"},"content":{"rendered":"<h2>Mag Release Button Csavar M3X6 Iso 14581 KMR<\/h2>\n<p>Ez a Mag Release Button Csavar M3X6 Iso 14581 egy elengedhetetlen alkatr\u00e9sz a KMR fegyverek sz\u00e9les k\u00f6r\u00e9ben. Az ISO 14581 szabv\u00e1nyoknak megfelel\u0151en k\u00e9sz\u00fclt, ez a csavar biztons\u00e1gos \u00e9s megb\u00edzhat\u00f3 kapcsolatot biztos\u00edt a t\u00e1rfelv\u00e9teli gomb sz\u00e1m\u00e1ra, lehet\u0151v\u00e9 t\u00e9ve a fegyver z\u00f6kken\u0151mentes m\u0171k\u00f6d\u00e9s\u00e9t \u00e9s karbantart\u00e1s\u00e1t. M3x6-os m\u00e9ret\u00e9vel ez a tartoz\u00e9k n\u00e9lk\u00fcl\u00f6zhetetlen b\u00e1rmely KMR-kompatibilis l\u0151fegyver szervizel\u00e9se vagy friss\u00edt\u00e9se sor\u00e1n.<\/p>\n<p>KMR Fegyverekhez<\/p>\n<p>KMR L-02 EMIQ<\/p>\n<p>KMR L-02 EMIQ (OR)<\/p>\n<p>KMR L-02 ORCA 2024-T\u0150L<\/p>\n<p>KMR L-02 ORCA 2023-IG<\/p>\n<p>KMR L-02 SPECTRA 2024-T\u0150L<\/p>\n<p>KMR L-02 SPECTRA 2023-IG<\/p>\n<p>KMR L-02 UMBRA (OR) SR<\/p>\n<p>KMR S-01 LANCE (OR)<\/p>\n<p>KMR S-02 2024-T\u0150L<\/p>\n<p>KMR S-02 2023-IG<\/p>\n<p>KMR W-02 CUDA (OR)<\/p>\n<p>KMR W-02 UMBRA<\/p>\n<p>KMR W-02 UMBRA (OR<\/p>\n","protected":false},"excerpt":{"rendered":"<p>Mag kienged\u0151 gomb csavar M3X6 Iso 14581 KMR k\u00fcl\u00f6nb\u00f6z\u0151 KMR fegyverekhez.<\/p>\n","protected":false},"featured_media":25477,"template":"","meta":{"_acf_changed":false},"product_brand":[11502],"product_cat":[12917],"product_tag":[],"class_list":{"0":"post-692390","1":"product","2":"type-product","3":"status-publish","4":"has-post-thumbnail","6":"product_brand-kmr-precision","7":"product_cat-kmr-alkatreszek","9":"first","10":"instock","11":"taxable","12":"shipping-taxable","13":"product-type-simple"},"acf":[],"_links":{"self":[{"href":"https:\/\/nbg.eu\/hu\/wp-json\/wp\/v2\/product\/692390","targetHints":{"allow":["GET"]}}],"collection":[{"href":"https:\/\/nbg.eu\/hu\/wp-json\/wp\/v2\/product"}],"about":[{"href":"https:\/\/nbg.eu\/hu\/wp-json\/wp\/v2\/types\/product"}],"wp:featuredmedia":[{"embeddable":true,"href":"https:\/\/nbg.eu\/hu\/wp-json\/wp\/v2\/media\/25477"}],"wp:attachment":[{"href":"https:\/\/nbg.eu\/hu\/wp-json\/wp\/v2\/media?parent=692390"}],"wp:term":[{"taxonomy":"product_brand","embeddable":true,"href":"https:\/\/nbg.eu\/hu\/wp-json\/wp\/v2\/product_brand?post=692390"},{"taxonomy":"product_cat","embeddable":true,"href":"https:\/\/nbg.eu\/hu\/wp-json\/wp\/v2\/product_cat?post=692390"},{"taxonomy":"product_tag","embeddable":true,"href":"https:\/\/nbg.eu\/hu\/wp-json\/wp\/v2\/product_tag?post=692390"}],"curies":[{"name":"wp","href":"https:\/\/api.w.org\/{rel}","templated":true}]}}