{"id":692587,"date":"2024-08-17T15:26:04","date_gmt":"2024-08-17T12:26:04","guid":{"rendered":"https:\/\/nbg.eu\/product\/main-spring-plug-pin-kmr\/"},"modified":"2026-05-13T16:01:56","modified_gmt":"2026-05-13T13:01:56","slug":"main-spring-plug-pin-kmr","status":"publish","type":"product","link":"https:\/\/nbg.eu\/hu\/termek\/main-spring-plug-pin-kmr\/","title":{"rendered":"KMR F\u0151 Rug\u00f3 Dug\u00f3 Csap"},"content":{"rendered":"<h2>F\u0151rug\u00f3 dug\u00f3- \u00e9s csapszeg KMR<\/h2>\n<p>A F\u0151rug\u00f3 dug\u00f3- \u00e9s csapszeg KMR prec\u00edzen k\u00e9sz\u00fclt \u00e9s tart\u00f3s, amely elengedhetetlen alkatr\u00e9sz a l\u0151fegyver teljes\u00edtm\u00e9ny\u00e9nek fenntart\u00e1s\u00e1hoz \u00e9s optimaliz\u00e1l\u00e1s\u00e1hoz. Ez a csapszeg biztons\u00e1gosan r\u00f6gz\u00edti a f\u0151rug\u00f3t, biztos\u00edtva a megb\u00edzhat\u00f3 m\u0171k\u00f6d\u00e9st \u00e9s az egyenletes ravasz-m\u0171k\u00f6d\u00e9st. Kiv\u00e1l\u00f3 min\u0151s\u00e9g\u0171 anyagokb\u00f3l k\u00e9sz\u00fclt, \u00e9s elb\u00edrja a rendszeres haszn\u00e1lat terhel\u00e9seit, \u00edgy a l\u0151fegyver-rajong\u00f3k \u00e9s szakemberek megb\u00edzhat\u00f3 v\u00e1laszt\u00e1sa.<\/p>\n<p>Eleg\u00e1ns \u00e9s \u00e1ramvonalas kialak\u00edt\u00e1sa r\u00e9v\u00e9n a F\u0151rug\u00f3 dug\u00f3- \u00e9s csapszeg KMR z\u00f6kken\u0151mentesen illeszkedik a l\u0151fegyver bels\u0151 mechanizmus\u00e1ba, diszkr\u00e9t megjelen\u00e9st biztos\u00edtva. Kompakt m\u00e9rete k\u00f6nny\u0171 beszerel\u00e9st \u00e9s cser\u00e9t tesz lehet\u0151v\u00e9, leegyszer\u0171s\u00edtve a fegyver karbantart\u00e1s\u00e1t. Legyen sz\u00f3 ak\u00e1r versenyl\u00f6v\u0151r\u0151l, ak\u00e1r hobbi-fegyvertulajdonosr\u00f3l, ez a csapszeg n\u00e9lk\u00fcl\u00f6zhetetlen tartoz\u00e9ka a l\u0151fegyver optim\u00e1lis teljes\u00edtm\u00e9ny\u00e9nek biztos\u00edt\u00e1s\u00e1hoz.<\/p>\n<p>A min\u0151s\u00e9g ir\u00e1nti elk\u00f6telezetts\u00e9ggel t\u00e1mogatva, ez a csapszeg a megb\u00edzhat\u00f3 v\u00e1laszt\u00e1s a l\u0151fegyver integrit\u00e1s\u00e1nak meg\u0151rz\u00e9s\u00e9hez. Tart\u00f3s fel\u00e9p\u00edt\u00e9se \u00e9s prec\u00edz m\u00e9rn\u00f6ki tervez\u00e9se \u00e9rt\u00e9kes kieg\u00e9sz\u00edt\u0151v\u00e9 teszi a fegyver-karbantart\u00e1si k\u00e9szlet\u00e9t, garant\u00e1lva a l\u0151fegyver cs\u00facsteljes\u00edtm\u00e9ny\u00e9t az \u00e9vek sor\u00e1n.<\/p>\n","protected":false},"excerpt":{"rendered":"<p>F\u0151 rug\u00f3 dug\u00f3p\u00e1lca KMR &#8211; Tart\u00f3s \u00e9s megb\u00edzhat\u00f3 az optim\u00e1lis teljes\u00edtm\u00e9ny \u00e9rdek\u00e9ben.<\/p>\n","protected":false},"featured_media":24110,"template":"","meta":{"_acf_changed":false},"product_brand":[11502],"product_cat":[12917],"product_tag":[],"class_list":{"0":"post-692587","1":"product","2":"type-product","3":"status-publish","4":"has-post-thumbnail","6":"product_brand-kmr-precision","7":"product_cat-kmr-alkatreszek","9":"first","10":"instock","11":"taxable","12":"shipping-taxable","13":"product-type-simple"},"acf":[],"_links":{"self":[{"href":"https:\/\/nbg.eu\/hu\/wp-json\/wp\/v2\/product\/692587","targetHints":{"allow":["GET"]}}],"collection":[{"href":"https:\/\/nbg.eu\/hu\/wp-json\/wp\/v2\/product"}],"about":[{"href":"https:\/\/nbg.eu\/hu\/wp-json\/wp\/v2\/types\/product"}],"wp:featuredmedia":[{"embeddable":true,"href":"https:\/\/nbg.eu\/hu\/wp-json\/wp\/v2\/media\/24110"}],"wp:attachment":[{"href":"https:\/\/nbg.eu\/hu\/wp-json\/wp\/v2\/media?parent=692587"}],"wp:term":[{"taxonomy":"product_brand","embeddable":true,"href":"https:\/\/nbg.eu\/hu\/wp-json\/wp\/v2\/product_brand?post=692587"},{"taxonomy":"product_cat","embeddable":true,"href":"https:\/\/nbg.eu\/hu\/wp-json\/wp\/v2\/product_cat?post=692587"},{"taxonomy":"product_tag","embeddable":true,"href":"https:\/\/nbg.eu\/hu\/wp-json\/wp\/v2\/product_tag?post=692587"}],"curies":[{"name":"wp","href":"https:\/\/api.w.org\/{rel}","templated":true}]}}