{"id":692604,"date":"2024-11-03T10:02:34","date_gmt":"2024-11-03T07:02:34","guid":{"rendered":"https:\/\/nbg.eu\/product\/norma-cal-6-5-creedmoore-target-match-8-4g-130gr\/"},"modified":"2026-05-13T16:04:50","modified_gmt":"2026-05-13T13:04:50","slug":"norma-cal-6-5-creedmoore-target-match-8-4g-130gr","status":"publish","type":"product","link":"https:\/\/nbg.eu\/hu\/termek\/norma-cal-6-5-creedmoore-target-match-8-4g-130gr\/","title":{"rendered":"NORMA cal. 6.5 Creedmoore Target Match 8.4g\/130gr."},"content":{"rendered":"<h2>NORMA cal. 6.5 Creedmoore C\u00e9lz\u00f3 Tal\u00e1lat 8,4g\/130gr<\/h2>\n<p>\u00c9lvezze a precizit\u00e1st a NORMA 6,5 Creedmoor C\u00e9lz\u00f3 Tal\u00e1lat l\u0151szerrel. 2007-ben fejlesztett\u00e9k ki ezt a t\u00f6lt\u00e9nyt, amely kiv\u00e1l\u00f3 a hossz\u00fa t\u00e1v\u00fa c\u00e9lbal\u00f6v\u00e9sben \u00e9s vad\u00e1szatban. A 6,5 mm-es l\u00f6ved\u00e9k kiv\u00e1l\u00f3 keresztmetszeti s\u0171r\u0171s\u00e9gekkel \u00e9s ballisztikai egy\u00fctthat\u00f3kkal rendelkezik, ami biztos\u00edtja a kiv\u00e1l\u00f3 teljes\u00edtm\u00e9nyt nagyobb t\u00e1vols\u00e1gokon.<\/p>\n<h3>Jellemz\u0151k:<\/h3>\n<ul>\n<li>Kaliber: 6,5 Creedmoor<\/li>\n<li>T\u00f6meg: 8,4g\/130gr<\/li>\n<li>Ballisztikai egy\u00fctthat\u00f3: G1 0,548 \/ G7 0,294<\/li>\n<li>T\u00edpus: Golden Target<\/li>\n<li>Gy\u00fajt\u00e1s: K\u00f6zponti gy\u00fajt\u00e1s\u00fa<\/li>\n<\/ul>\n<h3>Sebess\u00e9g:<\/h3>\n<ul>\n<li>V0: 869 m\/s<\/li>\n<li>V100: 813 m\/s<\/li>\n<li>V200: 759 m\/s<\/li>\n<li>V300: 708 m\/s<\/li>\n<\/ul>\n","protected":false},"excerpt":{"rendered":"<p>Prec\u00edzi\u00f3s 6.5 Creedmoor l\u0151szer hossz\u00fat\u00e1v\u00fa c\u00e9lpontl\u00f6v\u00e9shez.<\/p>\n","protected":false},"featured_media":76698,"template":"","meta":{"_acf_changed":false},"product_brand":[14484],"product_cat":[12980],"product_tag":[],"class_list":{"0":"post-692604","1":"product","2":"type-product","3":"status-publish","4":"has-post-thumbnail","6":"product_brand-norma-precision","7":"product_cat-puska-loszer","9":"first","10":"instock","11":"taxable","12":"shipping-taxable","13":"purchasable","14":"product-type-simple"},"acf":[],"_links":{"self":[{"href":"https:\/\/nbg.eu\/hu\/wp-json\/wp\/v2\/product\/692604","targetHints":{"allow":["GET"]}}],"collection":[{"href":"https:\/\/nbg.eu\/hu\/wp-json\/wp\/v2\/product"}],"about":[{"href":"https:\/\/nbg.eu\/hu\/wp-json\/wp\/v2\/types\/product"}],"wp:featuredmedia":[{"embeddable":true,"href":"https:\/\/nbg.eu\/hu\/wp-json\/wp\/v2\/media\/76698"}],"wp:attachment":[{"href":"https:\/\/nbg.eu\/hu\/wp-json\/wp\/v2\/media?parent=692604"}],"wp:term":[{"taxonomy":"product_brand","embeddable":true,"href":"https:\/\/nbg.eu\/hu\/wp-json\/wp\/v2\/product_brand?post=692604"},{"taxonomy":"product_cat","embeddable":true,"href":"https:\/\/nbg.eu\/hu\/wp-json\/wp\/v2\/product_cat?post=692604"},{"taxonomy":"product_tag","embeddable":true,"href":"https:\/\/nbg.eu\/hu\/wp-json\/wp\/v2\/product_tag?post=692604"}],"curies":[{"name":"wp","href":"https:\/\/api.w.org\/{rel}","templated":true}]}}