{"id":692632,"date":"2025-03-07T13:29:53","date_gmt":"2025-03-07T10:29:53","guid":{"rendered":"https:\/\/nbg.eu\/product\/nitehog-18650-rechargeable-battery\/"},"modified":"2026-05-13T16:02:19","modified_gmt":"2026-05-13T13:02:19","slug":"nitehog-18650-rechargeable-battery","status":"publish","type":"product","link":"https:\/\/nbg.eu\/hu\/termek\/nitehog-18650-rechargeable-battery\/","title":{"rendered":"Nitehog 18650 Rechargeable Battery"},"content":{"rendered":"<h2>Nitehog 18650 \u00fajrat\u00f6lthet\u0151 l\u00edtium-ion akku: megb\u00edzhat\u00f3 energiaell\u00e1t\u00e1s h\u0151kamer\u00e1s \u00e9s \u00e9jjell\u00e1t\u00f3 eszk\u00f6z\u00f6kh\u00f6z<\/h2>\n<p>Haszn\u00e1lja ki Nitehog h\u0151kamer\u00e1s \u00e9s \u00e9jjell\u00e1t\u00f3 eszk\u00f6zeinek teljes potenci\u00e1lj\u00e1t a Nitehog 18650 \u00fajrat\u00f6lthet\u0151 l\u00edtium-ion akkumul\u00e1torral. Tipikusan 3500 mAh-s nagy kapacit\u00e1ssal rendelkezik, \u00e9s egyenletes, nagy \u00e1ramlead\u00e1sra k\u00e9pes, ami elengedhetetlen a fejlett digit\u00e1lis \u00e9rz\u00e9kel\u0151k \u00e9s h\u0151k\u00e9pz\u00e9rdekl\u0151d\u00e9s sz\u00e1m\u00e1ra.<\/p>\n<p>Az optim\u00e1lis teljes\u00edtm\u00e9ny \u00e9rdek\u00e9ben kialak\u00edtott Nitehog 18650 akku 3,7 V n\u00e9vleges fesz\u00fclts\u00e9ggel \u00e9s integr\u00e1lt v\u00e9delmi \u00e1ramk\u00f6rrel (PCB) rendelkezik, amely megakad\u00e1lyozza a t\u00falt\u00f6lt\u00e9st \u00e9s a m\u00e9lykis\u00fcl\u00e9st. Ez a biztons\u00e1gi funkci\u00f3 maximaliz\u00e1lja az \u00e9lettartamot \u00e9s a biztons\u00e1got, lehet\u0151v\u00e9 t\u00e9ve, hogy megb\u00edzzon ebben a t\u00e1pforr\u00e1sban hossz\u00fa \u00e9jszakai vad\u00e1szatok vagy taktikai m\u0171veletek sor\u00e1n.<\/p>\n<p>Ak\u00e1r a vadonban k\u00f6veti a zs\u00e1km\u00e1nyt, ak\u00e1r titkos m\u0171veleteket v\u00e9gez, a Nitehog 18650 \u00fajrat\u00f6lthet\u0151 akku megb\u00edzhat\u00f3, nagy kapacit\u00e1s\u00fa energi\u00e1t biztos\u00edt eszk\u00f6zeinek. Tapasztalja meg a megszak\u00edt\u00e1s n\u00e9lk\u00fcli teljes\u00edtm\u00e9nyt \u00e9s a v\u00e9dett kialak\u00edt\u00e1sb\u00f3l ered\u0151 biztons\u00e1g\u00e9rzetet, ami t\u00f6k\u00e9letes kieg\u00e9sz\u00edt\u0151je a Nitehog h\u0151kamer\u00e1s \u00e9s \u00e9jjell\u00e1t\u00f3 felszerel\u00e9s\u00e9nek.<\/p>\n","protected":false},"excerpt":{"rendered":"<p>Nitehog 18650 \u00fajrat\u00f6lthet\u0151 Li-ion akkumul\u00e1tor: Nagy kapacit\u00e1s, megb\u00edzhat\u00f3 \u00e1ramell\u00e1t\u00e1s h\u0151kamer\u00e1khoz\/\u00e9jjell\u00e1t\u00f3 eszk\u00f6z\u00f6kh\u00f6z.<\/p>\n","protected":false},"featured_media":246179,"template":"","meta":{"_acf_changed":false},"product_brand":[11589],"product_cat":[12978,12918,12943,12938],"product_tag":[],"class_list":{"0":"post-692632","1":"product","2":"type-product","3":"status-publish","4":"has-post-thumbnail","6":"product_brand-nitehog","7":"product_cat-akkumulatorok","8":"product_cat-celzas","9":"product_cat-celzo-kiegeszitok","10":"product_cat-hokamera","12":"first","13":"instock","14":"taxable","15":"shipping-taxable","16":"purchasable","17":"product-type-simple"},"acf":[],"_links":{"self":[{"href":"https:\/\/nbg.eu\/hu\/wp-json\/wp\/v2\/product\/692632","targetHints":{"allow":["GET"]}}],"collection":[{"href":"https:\/\/nbg.eu\/hu\/wp-json\/wp\/v2\/product"}],"about":[{"href":"https:\/\/nbg.eu\/hu\/wp-json\/wp\/v2\/types\/product"}],"wp:featuredmedia":[{"embeddable":true,"href":"https:\/\/nbg.eu\/hu\/wp-json\/wp\/v2\/media\/246179"}],"wp:attachment":[{"href":"https:\/\/nbg.eu\/hu\/wp-json\/wp\/v2\/media?parent=692632"}],"wp:term":[{"taxonomy":"product_brand","embeddable":true,"href":"https:\/\/nbg.eu\/hu\/wp-json\/wp\/v2\/product_brand?post=692632"},{"taxonomy":"product_cat","embeddable":true,"href":"https:\/\/nbg.eu\/hu\/wp-json\/wp\/v2\/product_cat?post=692632"},{"taxonomy":"product_tag","embeddable":true,"href":"https:\/\/nbg.eu\/hu\/wp-json\/wp\/v2\/product_tag?post=692632"}],"curies":[{"name":"wp","href":"https:\/\/api.w.org\/{rel}","templated":true}]}}