{"id":692653,"date":"2024-08-17T14:49:07","date_gmt":"2024-08-17T11:49:07","guid":{"rendered":"https:\/\/nbg.eu\/product\/mounting-kit-for-l-02-w-02-steel-black\/"},"modified":"2026-05-13T16:01:41","modified_gmt":"2026-05-13T13:01:41","slug":"mounting-kit-for-l-02-w-02-steel-black","status":"publish","type":"product","link":"https:\/\/nbg.eu\/hu\/termek\/mounting-kit-for-l-02-w-02-steel-black\/","title":{"rendered":"KMR Szerel\u0151k\u00e9szlet for L-02, W-02 Ac\u00e9l Fekete"},"content":{"rendered":"<h2>KMR Optic Ready (OR) Szerel\u0151k\u00e9szlet \u2013 Ac\u00e9l, Fekete<\/h2>\n<p>Emelje L-02 \u00e9s W-02 KMR platformjait a KMR Optic Ready (OR) Szerel\u0151k\u00e9szlettel. A nagy szil\u00e1rds\u00e1g\u00fa ac\u00e9lb\u00f3l k\u00e9sz\u00fclt, ez a szerel\u00e9si megold\u00e1s p\u00e1ratlan tart\u00f3ss\u00e1got \u00e9s merevs\u00e9get biztos\u00edt annak \u00e9rdek\u00e9ben, hogy az optika megtartsa a c\u00e9lpontot, m\u00e9g a versenyszer\u0171 l\u00f6v\u00e9s er\u0151s visszar\u00fag\u00f3 erej\u00e9nek hat\u00e1s\u00e1ra is.<\/p>\n<p>A modellspecifikus l\u00e1bnyommal rendelkez\u0151 OR Szerel\u0151k\u00e9szlet arra lett tervezve, hogy biztons\u00e1gosan illeszkedjen a Trijicon RMR, Leupold DeltaPoint Pro vagy Shield optik\u00e1khoz, szil\u00e1rd alapot biztos\u00edtva a c\u00e9lz\u00f3rendszerhez. Ellent\u00e9tben a szok\u00e1sos alum\u00ednium lemezekkel, az ac\u00e9lszerkezet megakad\u00e1lyozza a menet kiszakad\u00e1s\u00e1t, \u00e9s t\u00f6k\u00e9letes illeszked\u00e9st tart fenn az L-02 \u00e9s W-02 Optic Ready cs\u00faszkalemezekkel, meg\u0151rizve befektet\u00e9s\u00e9t.<\/p>\n<p>Matt fekete, korr\u00f3zi\u00f3\u00e1ll\u00f3 bevonattal ell\u00e1tva, ez a szerel\u0151k\u00e9szlet nemcsak j\u00f3l n\u00e9z ki, hanem az id\u0151j\u00e1r\u00e1si k\u00f6r\u00fclm\u00e9nyeknek is ellen\u00e1ll, biztos\u00edtva a megb\u00edzhat\u00f3 teljes\u00edtm\u00e9nyt minden k\u00f6r\u00fclm\u00e9nyek k\u00f6z\u00f6tt. Friss\u00edtse KMR platformj\u00e1t a KMR Optic Ready (OR) Szerel\u0151k\u00e9szlettel \u2013 a nagy teherb\u00edr\u00e1s\u00fa optikai integr\u00e1ci\u00f3 t\u00f6k\u00e9letes megold\u00e1sa.<\/p>\n","protected":false},"excerpt":{"rendered":"<p>Magas szil\u00e1rds\u00e1gi ac\u00e9l szerel\u0151k\u00e9szlet az L-02, W-02 KMR optikai integr\u00e1ci\u00f3hoz.<\/p>\n","protected":false},"featured_media":30369,"template":"","meta":{"_acf_changed":false},"product_brand":[],"product_cat":[12917,12913,12949,14922],"product_tag":[],"class_list":{"0":"post-692653","1":"product","2":"type-product","3":"status-publish","4":"has-post-thumbnail","6":"product_cat-kmr-alkatreszek","7":"product_cat-pisztoly-alkatreszek","8":"product_cat-pisztoly-iranyzekok","9":"product_cat-red-dot-sights-mounts-hu","11":"first","12":"instock","13":"taxable","14":"shipping-taxable","15":"purchasable","16":"product-type-variable","17":"wvs-archive-product-wrapper"},"acf":[],"_links":{"self":[{"href":"https:\/\/nbg.eu\/hu\/wp-json\/wp\/v2\/product\/692653","targetHints":{"allow":["GET"]}}],"collection":[{"href":"https:\/\/nbg.eu\/hu\/wp-json\/wp\/v2\/product"}],"about":[{"href":"https:\/\/nbg.eu\/hu\/wp-json\/wp\/v2\/types\/product"}],"wp:featuredmedia":[{"embeddable":true,"href":"https:\/\/nbg.eu\/hu\/wp-json\/wp\/v2\/media\/30369"}],"wp:attachment":[{"href":"https:\/\/nbg.eu\/hu\/wp-json\/wp\/v2\/media?parent=692653"}],"wp:term":[{"taxonomy":"product_brand","embeddable":true,"href":"https:\/\/nbg.eu\/hu\/wp-json\/wp\/v2\/product_brand?post=692653"},{"taxonomy":"product_cat","embeddable":true,"href":"https:\/\/nbg.eu\/hu\/wp-json\/wp\/v2\/product_cat?post=692653"},{"taxonomy":"product_tag","embeddable":true,"href":"https:\/\/nbg.eu\/hu\/wp-json\/wp\/v2\/product_tag?post=692653"}],"curies":[{"name":"wp","href":"https:\/\/api.w.org\/{rel}","templated":true}]}}