{"id":692957,"date":"2024-11-02T11:43:26","date_gmt":"2024-11-02T08:43:26","guid":{"rendered":"https:\/\/nbg.eu\/product\/norma-308-win-whitetail-150gr-soft-point-hunting-ammo\/"},"modified":"2026-05-13T16:03:41","modified_gmt":"2026-05-13T13:03:41","slug":"norma-308-win-whitetail-150gr-soft-point-hunting-ammo","status":"publish","type":"product","link":"https:\/\/nbg.eu\/hu\/termek\/norma-308-win-whitetail-150gr-soft-point-hunting-ammo\/","title":{"rendered":"NORMA .308 Win Whitetail 150gr Soft Point Hunting Ammo"},"content":{"rendered":"<div class=\"product-description\">\n<h2>NORMA cal. .308 Win SP Whitetail 9,7g\/150gr<\/h2>\n<p>Tapasztalja meg a NORMA .308 Win SP Whitetail l\u0151szer\u00e9nek p\u00e1ratlan pontoss\u00e1g\u00e1t \u00e9s teljes\u00edtm\u00e9ny\u00e9t. Ez a 150gr (9,7g) Soft Point l\u00f6ved\u00e9k:<\/p>\n<ul>\n<li>Kiv\u00e9teles pontoss\u00e1got ny\u00fajt szarvas- \u00e9s nagyvadak vad\u00e1szat\u00e1hoz<\/li>\n<li>Lapos alj\u00fa kialak\u00edt\u00e1s a k\u00f6vetkezetes teljes\u00edtm\u00e9ny \u00e9rdek\u00e9ben<\/li>\n<li>Szabadon l\u00e9v\u0151 \u00f3lomhegy a gyors expanzi\u00f3 \u00e9rdek\u00e9ben<\/li>\n<li>M\u00e9ly behatol\u00e1s \u00e9s hat\u00e9kony energia\u00e1tad\u00e1s<\/li>\n<\/ul>\n<h3>F\u0151bb m\u0171szaki adatok:<\/h3>\n<ul>\n<li>Term\u00e9ksz\u00e1m: 20177382<\/li>\n<li>Kalib\u0435\u0440: .308 Win<\/li>\n<li>S\u00faly: 9,7g\/150gr<\/li>\n<li>Ballisztikai t\u00e9nyez\u0151 (G1): 0,274<\/li>\n<li>Torkolati sebess\u00e9g (V0): 850 m\/s<\/li>\n<\/ul>\n<p>Sv\u00e9dorsz\u00e1gban, \u00c5motfors-ban gy\u00e1rtva, a NORMA \u00e1ltal ismert pontoss\u00e1ggal \u00e9s kiv\u00e1l\u00f3 min\u0151s\u00e9g\u0171 l\u0151port\u00f6lt\u00e9nyh\u00fcvelyekkel, ez a l\u0151szer kiv\u00e1l\u00f3 konzisztenci\u00e1t \u00e9s kiv\u00e1l\u00f3 \u00fajrat\u00f6lthet\u0151s\u00e9get biztos\u00edt.<\/p>\n<\/div>\n<div class=\"panel panel--no-padding\">\n<div class=\"panel__inner\">\n<table class=\"ballistic-table\">\n<thead>\n<tr>\n<th scope=\"col\"><\/th>\n<th scope=\"col\">50yds<\/th>\n<th scope=\"col\">75yds<\/th>\n<th scope=\"col\">100yds<\/th>\n<th scope=\"col\">150yds<\/th>\n<th scope=\"col\">200yds<\/th>\n<th scope=\"col\">300yds<\/th>\n<\/tr>\n<\/thead>\n<tbody>\n<tr>\n<th scope=\"row\">50<\/th>\n<td><\/td>\n<td>0<\/td>\n<td>0,4<\/td>\n<td>-0,7<\/td>\n<td>-3,3<\/td>\n<td>-14,4<\/td>\n<\/tr>\n<tr>\n<th scope=\"row\">100<\/th>\n<td>-0,2<\/td>\n<td>&#8211;<\/td>\n<td><\/td>\n<td>-1,2<\/td>\n<td>-4<\/td>\n<td>-15,5<\/td>\n<\/tr>\n<tr>\n<th scope=\"row\">150<\/th>\n<td>0,2<\/td>\n<td>&#8211;<\/td>\n<td>0,8<\/td>\n<td><\/td>\n<td>-2,4<\/td>\n<td>-13<\/td>\n<\/tr>\n<tr>\n<th scope=\"row\">200<\/th>\n<td>0,8<\/td>\n<td>&#8211;<\/td>\n<td>2<\/td>\n<td>1,8<\/td>\n<td><\/td>\n<td>-9,4<\/td>\n<\/tr>\n<\/tbody>\n<\/table>\n<\/div>\n<\/div>\n","protected":false},"excerpt":{"rendered":"<p>.308 Win SP Whitetail NORMA: Pontos \u00e9s er\u0151s l\u0151szer szarvasvad\u00e1szatra.<\/p>\n","protected":false},"featured_media":76628,"template":"","meta":{"_acf_changed":false},"product_brand":[14484],"product_cat":[12970],"product_tag":[],"class_list":{"0":"post-692957","1":"product","2":"type-product","3":"status-publish","4":"has-post-thumbnail","6":"product_brand-norma-precision","7":"product_cat-loszer","9":"first","10":"instock","11":"taxable","12":"shipping-taxable","13":"purchasable","14":"product-type-simple"},"acf":[],"_links":{"self":[{"href":"https:\/\/nbg.eu\/hu\/wp-json\/wp\/v2\/product\/692957","targetHints":{"allow":["GET"]}}],"collection":[{"href":"https:\/\/nbg.eu\/hu\/wp-json\/wp\/v2\/product"}],"about":[{"href":"https:\/\/nbg.eu\/hu\/wp-json\/wp\/v2\/types\/product"}],"wp:featuredmedia":[{"embeddable":true,"href":"https:\/\/nbg.eu\/hu\/wp-json\/wp\/v2\/media\/76628"}],"wp:attachment":[{"href":"https:\/\/nbg.eu\/hu\/wp-json\/wp\/v2\/media?parent=692957"}],"wp:term":[{"taxonomy":"product_brand","embeddable":true,"href":"https:\/\/nbg.eu\/hu\/wp-json\/wp\/v2\/product_brand?post=692957"},{"taxonomy":"product_cat","embeddable":true,"href":"https:\/\/nbg.eu\/hu\/wp-json\/wp\/v2\/product_cat?post=692957"},{"taxonomy":"product_tag","embeddable":true,"href":"https:\/\/nbg.eu\/hu\/wp-json\/wp\/v2\/product_tag?post=692957"}],"curies":[{"name":"wp","href":"https:\/\/api.w.org\/{rel}","templated":true}]}}