{"id":692967,"date":"2024-09-17T08:37:52","date_gmt":"2024-09-17T05:37:52","guid":{"rendered":"https:\/\/nbg.eu\/product\/or-cover-22-lr-screw-m3x6-iso-14580-kmr\/"},"modified":"2026-05-13T16:02:38","modified_gmt":"2026-05-13T13:02:38","slug":"or-cover-22-lr-screw-m3x6-iso-14580-kmr","status":"publish","type":"product","link":"https:\/\/nbg.eu\/hu\/termek\/or-cover-22-lr-screw-m3x6-iso-14580-kmr\/","title":{"rendered":"KMR OR Fed\u00e9l Csavar .22 LR M3x6 ISO 14580"},"content":{"rendered":"<h2>OR COVER 22 LR CSAVAR M3x6 ISO 14580 KMR<\/h2>\n<p>Az OR COVER 22 LR CSAVAR M3x6 ISO 14580 KMR egy kritikus komponens a k\u00fcl\u00f6nb\u00f6z\u0151 KMR fegyverrendszerekhez. Az ISO 14580 specifik\u00e1ci\u00f3knak megfelel\u0151en tervezt\u00e9k, ez a csavar egy biztons\u00e1gos \u00e9s megb\u00edzhat\u00f3 kapcsolatot biztos\u00edt, fenntartva a fegyverrendszer integrit\u00e1s\u00e1t.<\/p>\n<p>Fegyverekhez KMR:<\/p>\n<p>KMR S-01 LANCE (OR)<\/p>\n<p>KMR S-02 75 (OR) SR ADA<\/p>\n<p>KMR S-02 FROM 2024<\/p>\n<p>KMR S-02 SH1 (OR) SR ADA<\/p>\n<p>KMR S-02 SH2 (OR) SR ADA<\/p>\n<p>KMR S-02 TS (OR) SR ADA<\/p>\n<p>KMR S-02 UNTIL 2023<\/p>\n","protected":false},"excerpt":{"rendered":"<p>Vagy fedezze le a 22 LR SCREW M3x6 ISO 14580 KMR term\u00e9ket a KMR sorozat\u00fa fegyverekhez.<\/p>\n","protected":false},"featured_media":63656,"template":"","meta":{"_acf_changed":false},"product_brand":[11502],"product_cat":[12917],"product_tag":[],"class_list":{"0":"post-692967","1":"product","2":"type-product","3":"status-publish","4":"has-post-thumbnail","6":"product_brand-kmr-precision","7":"product_cat-kmr-alkatreszek","9":"first","10":"instock","11":"taxable","12":"shipping-taxable","13":"product-type-simple"},"acf":[],"_links":{"self":[{"href":"https:\/\/nbg.eu\/hu\/wp-json\/wp\/v2\/product\/692967","targetHints":{"allow":["GET"]}}],"collection":[{"href":"https:\/\/nbg.eu\/hu\/wp-json\/wp\/v2\/product"}],"about":[{"href":"https:\/\/nbg.eu\/hu\/wp-json\/wp\/v2\/types\/product"}],"wp:featuredmedia":[{"embeddable":true,"href":"https:\/\/nbg.eu\/hu\/wp-json\/wp\/v2\/media\/63656"}],"wp:attachment":[{"href":"https:\/\/nbg.eu\/hu\/wp-json\/wp\/v2\/media?parent=692967"}],"wp:term":[{"taxonomy":"product_brand","embeddable":true,"href":"https:\/\/nbg.eu\/hu\/wp-json\/wp\/v2\/product_brand?post=692967"},{"taxonomy":"product_cat","embeddable":true,"href":"https:\/\/nbg.eu\/hu\/wp-json\/wp\/v2\/product_cat?post=692967"},{"taxonomy":"product_tag","embeddable":true,"href":"https:\/\/nbg.eu\/hu\/wp-json\/wp\/v2\/product_tag?post=692967"}],"curies":[{"name":"wp","href":"https:\/\/api.w.org\/{rel}","templated":true}]}}