{"id":693115,"date":"2024-09-02T13:32:58","date_gmt":"2024-09-02T10:32:58","guid":{"rendered":"https:\/\/nbg.eu\/product\/pelican-1015-micro-case\/"},"modified":"2026-05-13T15:09:55","modified_gmt":"2026-05-13T12:09:55","slug":"pelican-1015-micro-case","status":"publish","type":"product","link":"https:\/\/nbg.eu\/hu\/termek\/pelican-1015-micro-case\/","title":{"rendered":"Pelican 1015 Micro Case"},"content":{"rendered":"<div class=\"product-description\">\n<p><strong><span style=\"font-size: 170%\">Pelican 1015 Micro Tok<\/span><\/strong><\/p>\n<p>V\u00e9dje \u00e9rt\u00e9kes kis elektronikus eszk\u00f6zeit a Pelican 1015 Micro Tokkal. Ez a t\u00f6r\u00e9s\u00e1ll\u00f3, v\u00edz\u00e1ll\u00f3 \u00e9s pormentes tok t\u00f6k\u00e9letes okostelefonokhoz, kamer\u00e1khoz \u00e9s m\u00e1s \u00e9rz\u00e9keny berendez\u00e9sekhez.<\/p>\n<h2>F\u0151bb jellemz\u0151k:<\/h2>\n<ul>\n<li>Tart\u00f3s polikarbon\u00e1t test<\/li>\n<li>V\u00edz\u00e1ll\u00f3 \u00e9s pormentes kialak\u00edt\u00e1s<\/li>\n<li>Gumi b\u00e9l\u00e9s a fokozott v\u00e9delemhez \u00e9s O-gy\u0171r\u0171 t\u00f6m\u00edt\u00e9s<\/li>\n<li>K\u00f6nnyen nyithat\u00f3 z\u00e1r \u00e9s rozsdamentes ac\u00e9l hardver<\/li>\n<li>Akt\u00edv sport karabiner a biztons\u00e1gos r\u00f6gz\u00edt\u00e9shez<\/li>\n<li>Bels\u0151 m\u00e9retek: 13,05 cm x 6,71 cm x 3,48 cm<\/li>\n<li>K\u00fcls\u0151 m\u00e9retek: 16,97 cm x 9,86 cm x 4,72 cm<\/li>\n<li>K\u00f6nny\u0171, mind\u00f6ssze 0,21 kg<\/li>\n<\/ul>\n<p>A Pelican \u00c9lettartam Garanci\u00e1j\u00e1val t\u00e1mogatva, ez a mikro tok p\u00e1ratlan v\u00e9delmet ny\u00fajt felszerel\u00e9s\u00e9nek b\u00e1rmilyen k\u00f6rnyezetben.<\/p>\n<\/div>\n","protected":false},"excerpt":{"rendered":"<p>Robusztus, v\u00edz\u00e1ll\u00f3 tok kism\u00e9ret\u0171 elektronikai eszk\u00f6z\u00f6kh\u00f6z. \u00d6sszenyom\u00f3d\u00e1s elleni v\u00e9delem.<\/p>\n","protected":false},"featured_media":35245,"template":"","meta":{"_acf_changed":false},"product_brand":[11624],"product_cat":[12933],"product_tag":[],"class_list":{"0":"post-693115","1":"product","2":"type-product","3":"status-publish","4":"has-post-thumbnail","6":"product_brand-pelican","7":"product_cat-hordtaskak","9":"first","10":"outofstock","11":"taxable","12":"shipping-taxable","13":"purchasable","14":"product-type-simple"},"acf":[],"_links":{"self":[{"href":"https:\/\/nbg.eu\/hu\/wp-json\/wp\/v2\/product\/693115","targetHints":{"allow":["GET"]}}],"collection":[{"href":"https:\/\/nbg.eu\/hu\/wp-json\/wp\/v2\/product"}],"about":[{"href":"https:\/\/nbg.eu\/hu\/wp-json\/wp\/v2\/types\/product"}],"wp:featuredmedia":[{"embeddable":true,"href":"https:\/\/nbg.eu\/hu\/wp-json\/wp\/v2\/media\/35245"}],"wp:attachment":[{"href":"https:\/\/nbg.eu\/hu\/wp-json\/wp\/v2\/media?parent=693115"}],"wp:term":[{"taxonomy":"product_brand","embeddable":true,"href":"https:\/\/nbg.eu\/hu\/wp-json\/wp\/v2\/product_brand?post=693115"},{"taxonomy":"product_cat","embeddable":true,"href":"https:\/\/nbg.eu\/hu\/wp-json\/wp\/v2\/product_cat?post=693115"},{"taxonomy":"product_tag","embeddable":true,"href":"https:\/\/nbg.eu\/hu\/wp-json\/wp\/v2\/product_tag?post=693115"}],"curies":[{"name":"wp","href":"https:\/\/api.w.org\/{rel}","templated":true}]}}