{"id":693131,"date":"2024-08-18T11:29:17","date_gmt":"2024-08-18T08:29:17","guid":{"rendered":"https:\/\/nbg.eu\/product\/recoil-spring-guide-kmr-45-stainless\/"},"modified":"2026-02-06T18:00:05","modified_gmt":"2026-02-06T15:00:05","slug":"recoil-spring-guide-kmr-45-stainless","status":"publish","type":"product","link":"https:\/\/nbg.eu\/hu\/termek\/recoil-spring-guide-kmr-45-stainless\/","title":{"rendered":"Visszar\u00fag\u00f3-vezet\u0151r\u00fad KMR 4,5&#8243; Rozsdamentes"},"content":{"rendered":"<h2>Recoil Spring Guide KMR 4,5&#8243; Rozsdamentes<\/h2>\n<p>A Recoil Spring Guide KMR 4,5&#8243; Rozsdamentes egy pr\u00e9mium min\u0151s\u00e9g\u0171 kieg\u00e9sz\u00edt\u0151, amely a KMR sorozatba tartoz\u00f3 fegyverekben haszn\u00e1lhat\u00f3. Ez a tart\u00f3s, rozsdamentes ac\u00e9lb\u00f3l k\u00e9sz\u00fclt alkatr\u00e9sz elengedhetetlen a fegyver sima m\u0171k\u00f6d\u00e9s\u00e9nek \u00e9s megb\u00edzhat\u00f3s\u00e1g\u00e1nak fenntart\u00e1s\u00e1hoz.<\/p>\n<p>Tart\u00f3ss\u00e1g: Kiv\u00e1l\u00f3 min\u0151s\u00e9g\u0171 rozsdamentes ac\u00e9lb\u00f3l k\u00e9sz\u00fclt, \u00edgy ez a visszarug\u00f3 rug\u00f3vezet\u0151 k\u00e9pes elviselni a rendszeres haszn\u00e1lat terhel\u00e9seit. Korr\u00f3zi\u00f3\u00e1ll\u00f3 \u00e9s tart\u00f3s, ami biztos\u00edtja, hogy a fegyver a legjobb teljes\u00edtm\u00e9nyt ny\u00fajtsa.<\/p>\n<p>Egyszer\u0171 telep\u00edt\u00e9s: A KMR fegyver Recoil Spring Guide KMR 4,5&#8243; Rozsdamentes alkatr\u00e9sszel t\u00f6rt\u00e9n\u0151 friss\u00edt\u00e9se egyszer\u0171 folyamat, \u00edgy mind a tapasztalt, mind a kezd\u0151 fegyvertulajdonosok sz\u00e1m\u00e1ra k\u00e9nyelmes v\u00e1laszt\u00e1s.<\/p>\n<p>A k\u00f6vetkez\u0151 fegyverekhez:<\/p>\n<p>KMR L-02 UMBRA 2024-t\u0151l<\/p>\n<p>KMR L-02 UMBRA 2023-ig<\/p>\n<p>KMR W-02 UMBRA<\/p>\n<p>KMR W-02 UMBRA (OR)<\/p>\n","protected":false},"excerpt":{"rendered":"<p>Visszah\u00faz\u00f3 rug\u00f3 vezet\u0151je 4,5&#8243; Rozsdamentes ac\u00e9l a KMR L-02 UMBRA \u00e9s KMR W-02 UMBRA fegyverekhez.<\/p>\n","protected":false},"featured_media":25639,"template":"","meta":{"_acf_changed":false},"product_brand":[11502],"product_cat":[12917,12935],"product_tag":[],"class_list":{"0":"post-693131","1":"product","2":"type-product","3":"status-publish","4":"has-post-thumbnail","6":"product_brand-kmr-precision","7":"product_cat-kmr-alkatreszek","8":"product_cat-rugok","10":"first","11":"instock","12":"taxable","13":"shipping-taxable","14":"product-type-simple"},"acf":[],"_links":{"self":[{"href":"https:\/\/nbg.eu\/hu\/wp-json\/wp\/v2\/product\/693131","targetHints":{"allow":["GET"]}}],"collection":[{"href":"https:\/\/nbg.eu\/hu\/wp-json\/wp\/v2\/product"}],"about":[{"href":"https:\/\/nbg.eu\/hu\/wp-json\/wp\/v2\/types\/product"}],"wp:featuredmedia":[{"embeddable":true,"href":"https:\/\/nbg.eu\/hu\/wp-json\/wp\/v2\/media\/25639"}],"wp:attachment":[{"href":"https:\/\/nbg.eu\/hu\/wp-json\/wp\/v2\/media?parent=693131"}],"wp:term":[{"taxonomy":"product_brand","embeddable":true,"href":"https:\/\/nbg.eu\/hu\/wp-json\/wp\/v2\/product_brand?post=693131"},{"taxonomy":"product_cat","embeddable":true,"href":"https:\/\/nbg.eu\/hu\/wp-json\/wp\/v2\/product_cat?post=693131"},{"taxonomy":"product_tag","embeddable":true,"href":"https:\/\/nbg.eu\/hu\/wp-json\/wp\/v2\/product_tag?post=693131"}],"curies":[{"name":"wp","href":"https:\/\/api.w.org\/{rel}","templated":true}]}}