{"id":693529,"date":"2024-08-16T21:03:31","date_gmt":"2024-08-16T18:03:31","guid":{"rendered":"https:\/\/nbg.eu\/product\/rhh-leg-strap\/"},"modified":"2026-05-13T16:03:28","modified_gmt":"2026-05-13T13:03:28","slug":"rhh-leg-strap","status":"publish","type":"product","link":"https:\/\/nbg.eu\/hu\/termek\/rhh-leg-strap\/","title":{"rendered":"RHH Leg Strap"},"content":{"rendered":"<h2>RHH l\u00e1b sz\u00edj: Fokozott tok stabilit\u00e1s dinamikus tev\u00e9kenys\u00e9gekhez<\/h2>\n<p>Az RHH l\u00e1b sz\u00edj egy sokoldal\u00fa kieg\u00e9sz\u00edt\u0151, amely kiv\u00e9teles stabilit\u00e1st \u00e9s mozg\u00e1scs\u00f6kkent\u00e9st biztos\u00edt a combra vagy der\u00e9kra szerelhet\u0151 tokok sz\u00e1m\u00e1ra dinamikus tev\u00e9kenys\u00e9gek sor\u00e1n. Neh\u00e9z elasztikus nejlon hevederb\u0151l k\u00e9sz\u00fclt, \u00e9s nagy \u00fct\u00e9s\u00e1ll\u00f3s\u00e1g\u00fa m\u0171anyag csattal rendelkezik, amely biztos\u00edtja a k\u00e9nyelmes, szoros illeszked\u00e9st a combra.<\/p>\n<p>A be\u00e9p\u00edtett cs\u00fasz\u00e1smentes gum\u00edrozott varr\u00e1s \u00e9rdes fel\u00fcletet ad, hat\u00e9konyan megsz\u00fcntetve a &#8222;tok t\u00e1ncol\u00e1s\u00e1t&#8221;, ami fut\u00e1s, t\u00e9rdel\u00e9s vagy m\u00e1s intenz\u00edv mozg\u00e1sok sor\u00e1n fordulhat el\u0151. Az elasztikus szerkezet lehet\u0151v\u00e9 teszi, hogy a sz\u00edj kit\u00e1guljon \u00e9s \u00f6sszeh\u00faz\u00f3djon a l\u00e1b izmaival, \u00edgy a tok mindig konzisztens poz\u00edci\u00f3ban marad a megb\u00edzhat\u00f3 \u00e9s akad\u00e1lytalan kiv\u00e9tel \u00e9rdek\u00e9ben.<\/p>\n<p>Ak\u00e1r akt\u00edv szolg\u00e1latban l\u00e9v\u0151 rend\u0151r, versenyl\u00f6v\u00e9sz vagy szenved\u00e9lyes szabadt\u00e9ri ember, az RHH l\u00e1b sz\u00edj a t\u00f6k\u00e9letes megold\u00e1s a tok er\u0151s r\u00f6gz\u00edt\u00e9s\u00e9re an\u00e9lk\u00fcl, hogy korl\u00e1tozn\u00e1 a mozg\u00e1startom\u00e1nyt vagy a v\u00e9rkering\u00e9st. Tapasztalja meg a tok fokozott stabilit\u00e1s\u00e1t \u00e9s felszerel\u00e9s\u00e9ben val\u00f3 magabiztoss\u00e1got, m\u00e9g a legig\u00e9nyesebb helyzetekben is.<\/p>\n","protected":false},"excerpt":{"rendered":"<p>Biztos\u00edtsa a tokj\u00e1t az RHH L\u00e1bp\u00e1nt tart\u00f3s elasztikus najlonj\u00e1val \u00e9s cs\u00fasz\u00e1smentes kialak\u00edt\u00e1s\u00e1val.<\/p>\n","protected":false},"featured_media":0,"template":"","meta":{"_acf_changed":false},"product_brand":[11643],"product_cat":[12948],"product_tag":[],"class_list":{"0":"post-693529","1":"product","2":"type-product","3":"status-publish","5":"product_brand-rh-holsters","6":"product_cat-tok-tartozekok","8":"first","9":"instock","10":"taxable","11":"shipping-taxable","12":"purchasable","13":"product-type-simple"},"acf":[],"_links":{"self":[{"href":"https:\/\/nbg.eu\/hu\/wp-json\/wp\/v2\/product\/693529","targetHints":{"allow":["GET"]}}],"collection":[{"href":"https:\/\/nbg.eu\/hu\/wp-json\/wp\/v2\/product"}],"about":[{"href":"https:\/\/nbg.eu\/hu\/wp-json\/wp\/v2\/types\/product"}],"wp:attachment":[{"href":"https:\/\/nbg.eu\/hu\/wp-json\/wp\/v2\/media?parent=693529"}],"wp:term":[{"taxonomy":"product_brand","embeddable":true,"href":"https:\/\/nbg.eu\/hu\/wp-json\/wp\/v2\/product_brand?post=693529"},{"taxonomy":"product_cat","embeddable":true,"href":"https:\/\/nbg.eu\/hu\/wp-json\/wp\/v2\/product_cat?post=693529"},{"taxonomy":"product_tag","embeddable":true,"href":"https:\/\/nbg.eu\/hu\/wp-json\/wp\/v2\/product_tag?post=693529"}],"curies":[{"name":"wp","href":"https:\/\/api.w.org\/{rel}","templated":true}]}}