{"id":693579,"date":"2025-03-07T20:56:56","date_gmt":"2025-03-07T17:56:56","guid":{"rendered":"https:\/\/nbg.eu\/product\/rusan-modular-qr-adapter-for-guide-arta435\/"},"modified":"2026-05-13T16:01:23","modified_gmt":"2026-05-13T13:01:23","slug":"rusan-modular-qr-adapter-for-guide-arta435","status":"publish","type":"product","link":"https:\/\/nbg.eu\/hu\/termek\/rusan-modular-qr-adapter-for-guide-arta435\/","title":{"rendered":"Rusan Modular QR Adapter for Guide | ARTA435"},"content":{"rendered":"<h2>Rusan Modular QR Adapter a Guide-hoz | ARTA435<\/h2>\n<p>Emelje prec\u00edzi\u00f3s l\u00f6v\u00e9szete szintj\u00e9t a Rusan Modular QR Adapter a Guide-hoz (ARTA435) haszn\u00e1lat\u00e1val. Kifejezetten a Guide h\u0151k\u00e9palkot\u00f3 kieg\u00e9sz\u00edt\u0151k z\u00f6kken\u0151mentes integr\u00e1l\u00e1s\u00e1ra tervezt\u00e9k, ez a gyorsr\u00f6gz\u00edt\u0151s (QR) r\u00f6gz\u00edt\u0151megold\u00e1s p\u00e1ratlan k\u00e9nyelmet \u00e9s ism\u00e9telhet\u0151s\u00e9get k\u00edn\u00e1l.<\/p>\n<p>Az M52x0,75-\u00f6s bels\u0151 menettel rendelkez\u0151 adapter egy robusztus QR-karos rendszert haszn\u00e1l, amely lehet\u0151v\u00e9 teszi a h\u0151k\u00e9palkot\u00f3 clip-on gyors felszerel\u00e9s\u00e9t \u00e9s elt\u00e1vol\u00edt\u00e1s\u00e1t a fegyver nullpontj\u00e1nak megtart\u00e1sa mellett. A modul\u00e1ris kialak\u00edt\u00e1s egy feszess\u00e9g-szab\u00e1lyozhat\u00f3 z\u00e1rat biztos\u00edt, meg\u0151rizve a precizit\u00e1st m\u00e9g a legig\u00e9nyesebb k\u00f6r\u00fclm\u00e9nyek k\u00f6z\u00f6tt is.<\/p>\n<p>A nagy min\u0151s\u00e9g\u0171 alum\u00edniumb\u00f3l k\u00e9sz\u00fclt Rusan Modular QR Adapter k\u00e9pes ellen\u00e1llni a terephaszn\u00e1lat viszontags\u00e1gainak. A Rusan ARADA gy\u0171r\u0171kkel val\u00f3 kompatibilit\u00e1sa tov\u00e1bb n\u00f6veli a rendszer sokoldal\u00fas\u00e1g\u00e1t, lehet\u0151v\u00e9 t\u00e9ve az egyedi ig\u00e9nyekhez igaz\u00edtott megold\u00e1st.<\/p>\n<p>Tapasztalja meg a v\u00e9gs\u0151 csendes, szersz\u00e1m n\u00e9lk\u00fcli m\u0171k\u00f6d\u00e9st a Rusan Modular QR Adapterrel. Emelje l\u00f6v\u00e9szteljes\u00edtm\u00e9ny\u00e9t, \u00e9s szabad\u00edtsa fel a Guide h\u0151k\u00e9palkot\u00f3 kieg\u00e9sz\u00edt\u0151k teljes potenci\u00e1lj\u00e1t ezzel az innovat\u00edv r\u00f6gz\u00edt\u0151megold\u00e1ssal.<\/p>\n","protected":false},"excerpt":{"rendered":"<p>Prec\u00edzi\u00f3s QR r\u00f6gz\u00edt\u00e9s a Guide termikus tartoz\u00e9kok sz\u00e1m\u00e1ra. M52x0.75 menet, modul\u00e1ris, nagy min\u0151s\u00e9g\u0171 alum\u00ednium.<\/p>\n","protected":false},"featured_media":248598,"template":"","meta":{"_acf_changed":false},"product_brand":[11683],"product_cat":[12918,12943,12938],"product_tag":[],"class_list":{"0":"post-693579","1":"product","2":"type-product","3":"status-publish","4":"has-post-thumbnail","6":"product_brand-rusan","7":"product_cat-celzas","8":"product_cat-celzo-kiegeszitok","9":"product_cat-hokamera","11":"first","12":"outofstock","13":"taxable","14":"shipping-taxable","15":"purchasable","16":"product-type-variable","17":"wvs-archive-product-wrapper"},"acf":[],"_links":{"self":[{"href":"https:\/\/nbg.eu\/hu\/wp-json\/wp\/v2\/product\/693579","targetHints":{"allow":["GET"]}}],"collection":[{"href":"https:\/\/nbg.eu\/hu\/wp-json\/wp\/v2\/product"}],"about":[{"href":"https:\/\/nbg.eu\/hu\/wp-json\/wp\/v2\/types\/product"}],"wp:featuredmedia":[{"embeddable":true,"href":"https:\/\/nbg.eu\/hu\/wp-json\/wp\/v2\/media\/248598"}],"wp:attachment":[{"href":"https:\/\/nbg.eu\/hu\/wp-json\/wp\/v2\/media?parent=693579"}],"wp:term":[{"taxonomy":"product_brand","embeddable":true,"href":"https:\/\/nbg.eu\/hu\/wp-json\/wp\/v2\/product_brand?post=693579"},{"taxonomy":"product_cat","embeddable":true,"href":"https:\/\/nbg.eu\/hu\/wp-json\/wp\/v2\/product_cat?post=693579"},{"taxonomy":"product_tag","embeddable":true,"href":"https:\/\/nbg.eu\/hu\/wp-json\/wp\/v2\/product_tag?post=693579"}],"curies":[{"name":"wp","href":"https:\/\/api.w.org\/{rel}","templated":true}]}}