{"id":694121,"date":"2024-08-17T18:11:52","date_gmt":"2024-08-17T15:11:52","guid":{"rendered":"https:\/\/nbg.eu\/product\/safety-detent-plunger-spring-kmr\/"},"modified":"2026-05-13T16:03:31","modified_gmt":"2026-05-13T13:03:31","slug":"safety-detent-plunger-spring-kmr","status":"publish","type":"product","link":"https:\/\/nbg.eu\/hu\/termek\/safety-detent-plunger-spring-kmr\/","title":{"rendered":"KMR Biztons\u00e1gi Reteszel\u0151 Rug\u00f3"},"content":{"rendered":"<h2>Biztons\u00e1gi r\u00f6gz\u00edt\u0151 tol\u00f3rug\u00f3 KMR<\/h2>\n<p>Biztos\u00edtsa a fegyver megb\u00edzhat\u00f3 \u00e9s biztons\u00e1gos teljes\u00edtm\u00e9ny\u00e9t a Biztons\u00e1gi r\u00f6gz\u00edt\u0151 tol\u00f3rug\u00f3 KMR-rel.<\/p>\n<p>A precizit\u00e1s \u00e9s a tart\u00f3ss\u00e1g szem el\u0151tt tart\u00e1s\u00e1val k\u00e9sz\u00fclt Biztons\u00e1gi r\u00f6gz\u00edt\u0151 tol\u00f3rug\u00f3 KMR seg\u00edti a fegyver biztons\u00e1gi mechanizmus\u00e1nak megfelel\u0151 m\u0171k\u00f6d\u00e9s\u00e9t. Megb\u00edzhat\u00f3 kialak\u00edt\u00e1sa garant\u00e1lja a sima, k\u00f6vetkezetes m\u0171k\u00f6d\u00e9st, cs\u00f6kkentve a v\u00e9letlen kil\u00f6v\u00e9s kock\u00e1zat\u00e1t, \u00e9s n\u00f6velve az \u00e1ltal\u00e1nos biztons\u00e1got a haszn\u00e1lat sor\u00e1n.<\/p>\n<p>F\u00fcggetlen\u00fcl att\u00f3l, hogy megl\u00e9v\u0151 KMR fegyver\u00e9t friss\u00edti vagy elhaszn\u00e1l\u00f3dott alkatr\u00e9szt cser\u00e9l, a Biztons\u00e1gi r\u00f6gz\u00edt\u0151 tol\u00f3rug\u00f3 KMR n\u00e9lk\u00fcl\u00f6zhetetlen kieg\u00e9sz\u00edt\u0151 a fegyver integrit\u00e1s\u00e1nak \u00e9s teljes\u00edtm\u00e9ny\u00e9nek fenntart\u00e1s\u00e1hoz. Ruh\u00e1zzon be ebbe a megb\u00edzhat\u00f3 alkatr\u00e9szbe, hogy fegyvere biztons\u00e1ga \u00e9s m\u0171k\u00f6d\u00e9se a legmagasabb szinten maradjon.<\/p>\n<p>KMR fegyverekhez:<\/p>\n<p>KMR L-02 EMIQ<\/p>\n<p>KMR L-02 EMIQ (OR)<\/p>\n<p>KMR L-02 ORCA 2024-t\u0151l<\/p>\n<p>KMR L-02 ORCA 2023-ig<\/p>\n<p>KMR L-02 SPECTRA 2024-t\u0151l<\/p>\n<p>KMR L-02 SPECTRA 2023-ig<\/p>\n<p>KMR L-02 UMBRA (OR) SR<\/p>\n<p>KMR S-01 LANCE (OR)<\/p>\n<p>KMR S-02 2024-t\u0151l<\/p>\n<p>KMR S-02 2023-ig<\/p>\n<p>KMR W-02 CUDA (OR)<\/p>\n<p>KMR W-02 UMBRA<\/p>\n<p>KMR W-02 UMBRA (OR)<\/p>\n","protected":false},"excerpt":{"rendered":"<p>Biztons\u00e1gi fojt\u00f3szelep rug\u00f3 a KMR fegyverekhez.<\/p>\n","protected":false},"featured_media":24923,"template":"","meta":{"_acf_changed":false},"product_brand":[11502],"product_cat":[12917,12935],"product_tag":[],"class_list":{"0":"post-694121","1":"product","2":"type-product","3":"status-publish","4":"has-post-thumbnail","6":"product_brand-kmr-precision","7":"product_cat-kmr-alkatreszek","8":"product_cat-rugok","10":"first","11":"instock","12":"taxable","13":"shipping-taxable","14":"product-type-simple"},"acf":[],"_links":{"self":[{"href":"https:\/\/nbg.eu\/hu\/wp-json\/wp\/v2\/product\/694121","targetHints":{"allow":["GET"]}}],"collection":[{"href":"https:\/\/nbg.eu\/hu\/wp-json\/wp\/v2\/product"}],"about":[{"href":"https:\/\/nbg.eu\/hu\/wp-json\/wp\/v2\/types\/product"}],"wp:featuredmedia":[{"embeddable":true,"href":"https:\/\/nbg.eu\/hu\/wp-json\/wp\/v2\/media\/24923"}],"wp:attachment":[{"href":"https:\/\/nbg.eu\/hu\/wp-json\/wp\/v2\/media?parent=694121"}],"wp:term":[{"taxonomy":"product_brand","embeddable":true,"href":"https:\/\/nbg.eu\/hu\/wp-json\/wp\/v2\/product_brand?post=694121"},{"taxonomy":"product_cat","embeddable":true,"href":"https:\/\/nbg.eu\/hu\/wp-json\/wp\/v2\/product_cat?post=694121"},{"taxonomy":"product_tag","embeddable":true,"href":"https:\/\/nbg.eu\/hu\/wp-json\/wp\/v2\/product_tag?post=694121"}],"curies":[{"name":"wp","href":"https:\/\/api.w.org\/{rel}","templated":true}]}}