{"id":694187,"date":"2024-08-18T12:14:07","date_gmt":"2024-08-18T09:14:07","guid":{"rendered":"https:\/\/nbg.eu\/product\/safety-detent-plunger-left-kmr\/"},"modified":"2026-05-13T16:02:59","modified_gmt":"2026-05-13T13:02:59","slug":"safety-detent-plunger-left-kmr","status":"publish","type":"product","link":"https:\/\/nbg.eu\/hu\/termek\/safety-detent-plunger-left-kmr\/","title":{"rendered":"KMR Biztons\u00e1gi Reteszel\u0151 Bal"},"content":{"rendered":"<h2>Biztons\u00e1gi r\u00f6gz\u00edt\u0151 szegecs &#8211; Bal KMR<\/h2>\n<p>A k\u00fcl\u00f6nb\u00f6z\u0151 KMR fegyvermodellekkel val\u00f3 haszn\u00e1latra tervezt\u00e9k, a Biztons\u00e1gi r\u00f6gz\u00edt\u0151 szegecs &#8211; Bal KMR egy alapvet\u0151 alkatr\u00e9sz, amely hozz\u00e1j\u00e1rul a fegyver biztons\u00e1gos \u00e9s megb\u00edzhat\u00f3 m\u0171k\u00f6d\u00e9s\u00e9hez. Ez a szegecs kulcsfontoss\u00e1g\u00fa szerepet j\u00e1tszik a fegyver biztons\u00e1gi mechanizmusaiban.<\/p>\n<p>A pontoss\u00e1gra \u00e9s tart\u00f3ss\u00e1gra tervezve a Biztons\u00e1gi r\u00f6gz\u00edt\u0151 szegecs &#8211; Bal KMR biztos \u00e9s megb\u00edzhat\u00f3 csatlakoz\u00e1st biztos\u00edt, nyugalmat adva a m\u0171k\u00f6d\u00e9s sor\u00e1n.<\/p>\n<p>KMR fegyverekhez<\/p>\n<p>KMR L-02 EMIQ<\/p>\n<p>KMR L-02 EMIQ (OR)<\/p>\n<p>KMR L-02 ORCA 2023-ig<\/p>\n<p>KMR L-02 SPECTRA 2023-ig<\/p>\n<p>KMR L-02 UMBRA (OR) SR<\/p>\n<p>KMR S-01 LANCE (OR)<\/p>\n<p>KMR S-02 2023-ig<\/p>\n<p>KMR W-02 CUDA (OR)<\/p>\n<p>KMR W-02 UMBRA<\/p>\n<p>KMR W-02 UMBRA (OR)<\/p>\n<p>Referencia 1130-00302-0401<\/p>\n","protected":false},"excerpt":{"rendered":"<p>Biztons\u00e1gos R\u00f6gz\u00edt\u0151 Dugatty\u00fa &#8211; Bal KMR Fegyverekhez KMR, kompatibilis k\u00fcl\u00f6nf\u00e9le modellekkel.<\/p>\n","protected":false},"featured_media":25915,"template":"","meta":{"_acf_changed":false},"product_brand":[11502],"product_cat":[12917],"product_tag":[],"class_list":{"0":"post-694187","1":"product","2":"type-product","3":"status-publish","4":"has-post-thumbnail","6":"product_brand-kmr-precision","7":"product_cat-kmr-alkatreszek","9":"first","10":"instock","11":"taxable","12":"shipping-taxable","13":"product-type-simple"},"acf":[],"_links":{"self":[{"href":"https:\/\/nbg.eu\/hu\/wp-json\/wp\/v2\/product\/694187","targetHints":{"allow":["GET"]}}],"collection":[{"href":"https:\/\/nbg.eu\/hu\/wp-json\/wp\/v2\/product"}],"about":[{"href":"https:\/\/nbg.eu\/hu\/wp-json\/wp\/v2\/types\/product"}],"wp:featuredmedia":[{"embeddable":true,"href":"https:\/\/nbg.eu\/hu\/wp-json\/wp\/v2\/media\/25915"}],"wp:attachment":[{"href":"https:\/\/nbg.eu\/hu\/wp-json\/wp\/v2\/media?parent=694187"}],"wp:term":[{"taxonomy":"product_brand","embeddable":true,"href":"https:\/\/nbg.eu\/hu\/wp-json\/wp\/v2\/product_brand?post=694187"},{"taxonomy":"product_cat","embeddable":true,"href":"https:\/\/nbg.eu\/hu\/wp-json\/wp\/v2\/product_cat?post=694187"},{"taxonomy":"product_tag","embeddable":true,"href":"https:\/\/nbg.eu\/hu\/wp-json\/wp\/v2\/product_tag?post=694187"}],"curies":[{"name":"wp","href":"https:\/\/api.w.org\/{rel}","templated":true}]}}