{"id":694268,"date":"2024-08-16T23:19:01","date_gmt":"2024-08-16T20:19:01","guid":{"rendered":"https:\/\/nbg.eu\/product\/sear-pin-kmr\/"},"modified":"2026-05-13T15:11:28","modified_gmt":"2026-05-13T12:11:28","slug":"sear-pin-kmr","status":"publish","type":"product","link":"https:\/\/nbg.eu\/hu\/termek\/sear-pin-kmr\/","title":{"rendered":"KMR Ravaszkamp\u00f3 Csap"},"content":{"rendered":"<h2>Sear Pin KMR pisztolyokhoz: Prec\u00edzi\u00f3s forg\u00e1si pont a ravasz konzisztenci\u00e1j\u00e1\u00e9rt<\/h2>\n<p>A KMR pisztolyokhoz val\u00f3 Sear Pin kritikus alkatr\u00e9sz, amely biztos\u00edtja a t\u0171zfegyver ravasz\u00e1nak megb\u00edzhat\u00f3s\u00e1g\u00e1t \u00e9s konzisztenci\u00e1j\u00e1t. Prec\u00edzi\u00f3s csiszolt, edzett szersz\u00e1mac\u00e9lb\u00f3l k\u00e9sz\u00fclt, \u00e9s a szigor\u00fa KMR gy\u00e1ri t\u0171r\u00e9shat\u00e1rok betart\u00e1s\u00e1val gy\u00e1rtj\u00e1k, ami kiv\u00e9teles kop\u00e1s\u00e1ll\u00f3s\u00e1got \u00e9s sima, megb\u00edzhat\u00f3 teljes\u00edtm\u00e9nyt biztos\u00edt.<\/p>\n<p>A sear mechanizmus k\u00f6zep\u00e9n a Sear Pin szolg\u00e1l a forg\u00e1si tengelyk\u00e9nt, lehet\u0151v\u00e9 t\u00e9ve, hogy a sear pontosan \u00e9s konzisztensen mozogjon. Az ultra-sima fel\u00fclet \u00e9s a pontos \u00e1tm\u00e9r\u0151 ennek az alkatr\u00e9sznek l\u00e9tfontoss\u00e1g\u00fa a KMR versenypisztolyok \u00e9les, kisz\u00e1m\u00edthat\u00f3 ravaszt\u00f6r\u00e9se \u00e9s megb\u00edzhat\u00f3 vissza\u00e1ll\u00e1sa szempontj\u00e1b\u00f3l.<\/p>\n<p>Stabil, nagy precizit\u00e1s\u00fa forg\u00e1si pontot biztos\u00edtva a Sear Pin seg\u00edt kik\u00fcsz\u00f6b\u00f6lni azokat a ravaszkonsisztencia-probl\u00e9m\u00e1kat, amelyek befoly\u00e1solhatj\u00e1k a pontoss\u00e1got \u00e9s a teljes\u00edtm\u00e9nyt. Ak\u00e1r versenyszer\u0171 l\u00f6v\u00e9szetben, ak\u00e1r KMR pisztolya szem\u00e9lyes v\u00e9delemre val\u00f3 haszn\u00e1latakor, ez az alapvet\u0151 alkatr\u00e9sz hozz\u00e1j\u00e1rul a konzisztens, megb\u00edzhat\u00f3 ravaszt\u00f6r\u00e9s\u00e9hez minden egyes alkalommal.<\/p>\n<p>Friss\u00edtse KMR pisztoly\u00e1t a Sear Pin alkatr\u00e9sszel, \u00e9s tapasztalja meg, hogy mit jelent a prec\u00edzi\u00f3s m\u00e9rn\u00f6ki munka. Emelje l\u00f6v\u00e9szteljes\u00edtm\u00e9ny\u00e9t erre az alapvet\u0151 alkatr\u00e9szre, amely a ravasz teljes\u00edtm\u00e9ny\u00e9nek t\u00f6k\u00e9letess\u00e9g\u00e9re van tervezve.<\/p>\n","protected":false},"excerpt":{"rendered":"<p>Prec\u00edzi\u00f3s s\u00fct\u0151\u00e1llv\u00e1ny biztos\u00edtja a konzisztens KMR els\u00fct\u0151billenty\u0171 m\u0171k\u00f6d\u00e9s\u00e9t.<\/p>\n","protected":false},"featured_media":23803,"template":"","meta":{"_acf_changed":false},"product_brand":[11502],"product_cat":[12917],"product_tag":[],"class_list":{"0":"post-694268","1":"product","2":"type-product","3":"status-publish","4":"has-post-thumbnail","6":"product_brand-kmr-precision","7":"product_cat-kmr-alkatreszek","9":"first","10":"instock","11":"taxable","12":"shipping-taxable","13":"product-type-simple"},"acf":[],"_links":{"self":[{"href":"https:\/\/nbg.eu\/hu\/wp-json\/wp\/v2\/product\/694268","targetHints":{"allow":["GET"]}}],"collection":[{"href":"https:\/\/nbg.eu\/hu\/wp-json\/wp\/v2\/product"}],"about":[{"href":"https:\/\/nbg.eu\/hu\/wp-json\/wp\/v2\/types\/product"}],"wp:featuredmedia":[{"embeddable":true,"href":"https:\/\/nbg.eu\/hu\/wp-json\/wp\/v2\/media\/23803"}],"wp:attachment":[{"href":"https:\/\/nbg.eu\/hu\/wp-json\/wp\/v2\/media?parent=694268"}],"wp:term":[{"taxonomy":"product_brand","embeddable":true,"href":"https:\/\/nbg.eu\/hu\/wp-json\/wp\/v2\/product_brand?post=694268"},{"taxonomy":"product_cat","embeddable":true,"href":"https:\/\/nbg.eu\/hu\/wp-json\/wp\/v2\/product_cat?post=694268"},{"taxonomy":"product_tag","embeddable":true,"href":"https:\/\/nbg.eu\/hu\/wp-json\/wp\/v2\/product_tag?post=694268"}],"curies":[{"name":"wp","href":"https:\/\/api.w.org\/{rel}","templated":true}]}}