{"id":694304,"date":"2024-08-18T12:10:09","date_gmt":"2024-08-18T09:10:09","guid":{"rendered":"https:\/\/nbg.eu\/product\/sear-kmr\/"},"modified":"2026-05-13T15:10:51","modified_gmt":"2026-05-13T12:10:51","slug":"sear-kmr","status":"publish","type":"product","link":"https:\/\/nbg.eu\/hu\/termek\/sear-kmr\/","title":{"rendered":"KMR Ravaszkamp\u00f3"},"content":{"rendered":"<h2>KMR Prec\u00edzi\u00f3s Kar<\/h2>\n<p>A KMR Kar egy alapvet\u0151 bels\u0151 alkatr\u00e9sz, amely azok sz\u00e1m\u00e1ra k\u00e9sz\u00fclt, akik a legmagasabb szint\u0171 ravaszh\u00faz\u00e1si teljes\u00edtm\u00e9nyt k\u00f6vetelik meg. Mint a gy\u00fajt\u00e1si rendszer els\u0151dleges eleme, a kar visszatartja a kakas kalap\u00e1cs\u00e1t mindaddig, am\u00edg a lead\u00e1s pontos pillanata el nem \u00e9rkezik. Ez az eredeti KMR alkatr\u00e9sz \u00fagy van kialak\u00edtva, hogy a &#8222;\u00fcvegszem\u00e9t&#8221; morzsol\u00f3 megszak\u00edt\u00e1s jellemezze, amely a KMR m\u00e1rka v\u00e9djegy\u00e9v\u00e9 v\u00e1lt.<\/p>\n<h3>Versenyk\u00e9pes Gy\u00fajt\u00e1si Rendszer<\/h3>\n<p>A KMR Kar geometri\u00e1j\u00e1t gondosan sz\u00e1m\u00edtj\u00e1k ki, hogy minimaliz\u00e1lj\u00e1k a h\u00faz\u00e1s \u00e9s a t\u00falh\u00faz\u00e1s m\u00e9rt\u00e9k\u00e9t. A nagy szil\u00e1rds\u00e1g\u00fa, edzett ac\u00e9l felhaszn\u00e1l\u00e1s\u00e1val a KMR biztos\u00edtja, hogy az \u00e9rintkez\u00e9si \u00e9lek \u00e9lesek \u00e9s k\u00f6vetkezetesek maradjanak t\u00f6bb sz\u00e1zezer cikluson \u00e1t. Ak\u00e1r egy egyedi versenyj\u00e1rm\u0171 \u00e9p\u00edt\u00e9s\u00e9r\u0151l, ak\u00e1r pisztoly\u00e1nak gy\u00e1ri teljes\u00edtm\u00e9ny\u00e9nek helyre\u00e1ll\u00edt\u00e1s\u00e1r\u00f3l van sz\u00f3, ez a kar a kulcs a megism\u00e9telhet\u0151 \u00e9s biztons\u00e1gos ravaszh\u00faz\u00e1shoz.<\/p>\n<h3>M\u0171szaki Specifik\u00e1ci\u00f3k:<\/h3>\n<ul>\n<li><strong>Nagykem\u00e9nys\u00e9g\u0171 \u00d6tv\u00f6z\u00f6tt Ac\u00e9l:<\/strong> Kov\u00e1csol\u00e1ssal el\u0151\u00e1ll\u00edtott, rendk\u00edv\u00fcl tart\u00f3s \u00e9s kop\u00e1s\u00e1ll\u00f3 az \u00e9rintkez\u00e9si pontok terhel\u00e9se alatt.<\/li>\n<li><strong>Prec\u00edzi\u00f3s Megmunk\u00e1l\u00e1s:<\/strong> A legmagasabb t\u0171r\u00e9shat\u00e1rok k\u00f6z\u00f6tt gy\u00e1rtva, hogy t\u00f6k\u00e9letes illeszked\u00e9st biztos\u00edtson a kakas kamp\u00f3ival.<\/li>\n<li><strong>Optimaliz\u00e1lt Vissza\u00fctk\u00f6z\u00e9si Geometria:<\/strong> \u00dagy tervezt\u00e9k, hogy r\u00f6vid, hat\u00e1rozott vissza\u00fctk\u00f6z\u00e9st tegyen lehet\u0151v\u00e9 a gyors sorozatl\u00f6v\u00e9sekhez dinamikus l\u00f6v\u00e9szeti helyzetekben.<\/li>\n<li><strong>Univerz\u00e1lis KMR Illeszked\u00e9s:<\/strong> Kompatibilis a KMR L-02 \u00e9s W-02 sorozat\u00fa v\u00e1zakkal.<\/li>\n<\/ul>\n<h3>F\u0151bb El\u0151ny\u00f6k:<\/h3>\n<ul>\n<li><strong>A Ravaszh\u00faz\u00e1s Megsz\u00fcntet\u00e9se:<\/strong> \u00c9les, azonnali kiold\u00e1st biztos\u00edt, ami n\u00f6veli a pontoss\u00e1got az\u00e1ltal, hogy cs\u00f6kkenti a l\u00f6v\u00e9s elhib\u00e1z\u00e1s\u00e1nak es\u00e9ly\u00e9t.<\/li>\n<li><strong>Fokozott Biztons\u00e1g:<\/strong> A prec\u00edzi\u00f3san csiszolt fel\u00fcletek biztos kakasr\u00f6gz\u00edt\u00e9st garant\u00e1lnak, fenntartva a mechanikus biztons\u00e1got m\u00e9g intenz\u00edv haszn\u00e1lat eset\u00e9n is.<\/li>\n<li><strong>Csiszol\u00e1s N\u00e9lk\u00fcl is Kiv\u00e1l\u00f3:<\/strong> B\u00e1r a fegyverm\u0171ves illeszt\u00e9s mindig aj\u00e1nlott a legfinomabb ravaszh\u00faz\u00e1s \u00e9rdek\u00e9ben, ez az OEM alkatr\u00e9sz a legmegb\u00edzhat\u00f3bb alapot ny\u00fajtja a professzion\u00e1lis ravaszmunka elv\u00e9gz\u00e9s\u00e9hez.<\/li>\n<\/ul>\n<p><em><strong>Megjegyz\u00e9s:<\/strong> Mivel a kar kritikus biztons\u00e1gi alkatr\u00e9sz, a KMR azt javasolja, hogy a beszerel\u00e9st \u00e9s az esetleges tov\u00e1bbi pol\u00edroz\u00e1st szakk\u00e9pzett fegyverm\u0171ves v\u00e9gezze, hogy a kar-kakas kapcsolat megfelel\u0151 legyen.<\/em><\/p>\n","protected":false},"excerpt":{"rendered":"<p>1110-00106-0401<\/p>\n","protected":false},"featured_media":25800,"template":"","meta":{"_acf_changed":false},"product_brand":[11502],"product_cat":[12917],"product_tag":[],"class_list":{"0":"post-694304","1":"product","2":"type-product","3":"status-publish","4":"has-post-thumbnail","6":"product_brand-kmr-precision","7":"product_cat-kmr-alkatreszek","9":"first","10":"instock","11":"taxable","12":"shipping-taxable","13":"product-type-simple"},"acf":[],"_links":{"self":[{"href":"https:\/\/nbg.eu\/hu\/wp-json\/wp\/v2\/product\/694304","targetHints":{"allow":["GET"]}}],"collection":[{"href":"https:\/\/nbg.eu\/hu\/wp-json\/wp\/v2\/product"}],"about":[{"href":"https:\/\/nbg.eu\/hu\/wp-json\/wp\/v2\/types\/product"}],"wp:featuredmedia":[{"embeddable":true,"href":"https:\/\/nbg.eu\/hu\/wp-json\/wp\/v2\/media\/25800"}],"wp:attachment":[{"href":"https:\/\/nbg.eu\/hu\/wp-json\/wp\/v2\/media?parent=694304"}],"wp:term":[{"taxonomy":"product_brand","embeddable":true,"href":"https:\/\/nbg.eu\/hu\/wp-json\/wp\/v2\/product_brand?post=694304"},{"taxonomy":"product_cat","embeddable":true,"href":"https:\/\/nbg.eu\/hu\/wp-json\/wp\/v2\/product_cat?post=694304"},{"taxonomy":"product_tag","embeddable":true,"href":"https:\/\/nbg.eu\/hu\/wp-json\/wp\/v2\/product_tag?post=694304"}],"curies":[{"name":"wp","href":"https:\/\/api.w.org\/{rel}","templated":true}]}}