{"id":694350,"date":"2025-09-05T00:02:56","date_gmt":"2025-09-04T21:02:56","guid":{"rendered":"https:\/\/nbg.eu\/product\/sig-sauer-taper-cap-for-5-56-barrels-1-2-28-thread\/"},"modified":"2026-05-13T16:41:24","modified_gmt":"2026-05-13T13:41:24","slug":"sig-sauer-taper-cap-for-5-56-barrels-1-2-28-thread","status":"publish","type":"product","link":"https:\/\/nbg.eu\/hu\/termek\/sig-sauer-taper-cap-for-5-56-barrels-1-2-28-thread\/","title":{"rendered":"Sig Sauer Taper Cap for 5.56 Barrels, 1\/2-28 thread"},"content":{"rendered":"<div class=\"product-description\">\n<h2>Sig Sauer Taper Cap for 5.56 NATO Barrels<\/h2>\n<p>Jav\u00edtja a Sig Sauer t\u0171zfegyver v\u00e9delm\u00e9t \u00e9s megjelen\u00e9s\u00e9t ezzel a 5.56 NATO cs\u00f6vekhez tervezett, 1\/2-28 menetes kialak\u00edt\u00e1s\u00fa min\u0151s\u00e9gi taper sapk\u00e1val.<\/p>\n<ul>\n<li>Kompatibilis a jelenlegi Sig Sauer 5.56 NATO modellekkel, bele\u00e9rtve az MCX-et \u00e9s az M400-at<\/li>\n<li>Prec\u00edzen m\u00e9retezett az 1\/2-28 menetes cs\u00f6vekhez<\/li>\n<li>Kiv\u00e1l\u00f3 v\u00e9delmet ny\u00fajt a cs\u0151menet sz\u00e1m\u00e1ra, amikor nem haszn\u00e1lj\u00e1k<\/li>\n<li>Egyszer\u0171 felszerelni \u00e9s elt\u00e1vol\u00edtani<\/li>\n<li>Eleg\u00e1ns diz\u00e1jn, amely j\u00f3l illik a fegyver megjelen\u00e9s\u00e9hez<\/li>\n<\/ul>\n<p>Ez a taper sapka elengedhetetlen kieg\u00e9sz\u00edt\u0151 a Sig Sauer 5.56 NATO t\u0171zfegyver karbantart\u00e1s\u00e1hoz. Seg\u00edt megakad\u00e1lyozni a cs\u0151menet s\u00e9r\u00fcl\u00e9s\u00e9t, \u00e9s t\u00e1vol tartja a szennyez\u0151d\u00e9seket, \u00edgy a fegyver mindig kifog\u00e1stalan \u00e1llapotban marad. F\u00fcggetlen\u00fcl att\u00f3l, hogy a fegyvert t\u00e1rolja vagy a l\u0151t\u00e9rre megy, ez a taper sapka gyakorlati v\u00e9delmet \u00e9s professzion\u00e1lis megjelen\u00e9st biztos\u00edt.<\/p>\n<\/div>\n","protected":false},"excerpt":{"rendered":"<p>Sig Sauer 5.56 cs\u0151re szerelhet\u0151 menet\u00f3v\u00f3, 1\/2-28 menettel.<\/p>\n","protected":false},"featured_media":496357,"template":"","meta":{"_acf_changed":false},"product_brand":[15115],"product_cat":[12930,12950],"product_tag":[],"class_list":{"0":"post-694350","1":"product","2":"type-product","3":"status-publish","4":"has-post-thumbnail","6":"product_brand-sig-sauer","7":"product_cat-hangtompito-kiegeszitok","8":"product_cat-puska-hangtompitok","10":"first","11":"instock","12":"taxable","13":"shipping-taxable","14":"purchasable","15":"product-type-simple"},"acf":[],"_links":{"self":[{"href":"https:\/\/nbg.eu\/hu\/wp-json\/wp\/v2\/product\/694350","targetHints":{"allow":["GET"]}}],"collection":[{"href":"https:\/\/nbg.eu\/hu\/wp-json\/wp\/v2\/product"}],"about":[{"href":"https:\/\/nbg.eu\/hu\/wp-json\/wp\/v2\/types\/product"}],"wp:featuredmedia":[{"embeddable":true,"href":"https:\/\/nbg.eu\/hu\/wp-json\/wp\/v2\/media\/496357"}],"wp:attachment":[{"href":"https:\/\/nbg.eu\/hu\/wp-json\/wp\/v2\/media?parent=694350"}],"wp:term":[{"taxonomy":"product_brand","embeddable":true,"href":"https:\/\/nbg.eu\/hu\/wp-json\/wp\/v2\/product_brand?post=694350"},{"taxonomy":"product_cat","embeddable":true,"href":"https:\/\/nbg.eu\/hu\/wp-json\/wp\/v2\/product_cat?post=694350"},{"taxonomy":"product_tag","embeddable":true,"href":"https:\/\/nbg.eu\/hu\/wp-json\/wp\/v2\/product_tag?post=694350"}],"curies":[{"name":"wp","href":"https:\/\/api.w.org\/{rel}","templated":true}]}}