{"id":694409,"date":"2024-09-16T14:42:04","date_gmt":"2024-09-16T11:42:04","guid":{"rendered":"https:\/\/nbg.eu\/product\/slide-stop-kmr-s\/"},"modified":"2026-05-13T16:02:57","modified_gmt":"2026-05-13T13:02:57","slug":"slide-stop-kmr-s","status":"publish","type":"product","link":"https:\/\/nbg.eu\/hu\/termek\/slide-stop-kmr-s\/","title":{"rendered":"KMR Tol\u00f3z\u00e1r Fog\u00f3 S"},"content":{"rendered":"<h2>SLIDE STOP S &#8211; Az \u00d6n fegyvere l\u00e9nyeges biztons\u00e1gi funkci\u00f3ja<\/h2>\n<p>A SLIDE STOP S egy l\u00e9tfontoss\u00e1g\u00fa alkatr\u00e9sz az \u00d6n fegyver\u00e9hez, amely a biztons\u00e1g \u00e9s a m\u0171k\u00f6d\u00e9s jav\u00edt\u00e1s\u00e1ra szolg\u00e1l. Amikor a t\u00e1r ki\u00fcr\u00fcl, a cs\u00faszka-elakaszt\u00f3 automatikusan r\u00f6gz\u00edti a cs\u00faszk\u00e1t a h\u00e1ts\u00f3 helyzetben, egy\u00e9rtelm\u0171en jelezve a l\u00f6v\u00e9sznek, hogy \u00faj t\u00e1rat kell bet\u00f6lteni.<\/p>\n<p>Ez a funkci\u00f3 lehet\u0151v\u00e9 teszi a z\u00f6kken\u0151mentes \u00fajrat\u00f6lt\u00e9st, mivel a l\u00f6v\u00e9sz egyszer\u0171en lenyomhatja a z\u00e1rkasart, hogy feloldja a cs\u00faszk\u00e1t, \u00e9s az els\u0151 l\u00f6ved\u00e9ket a cs\u0151be t\u00f6ltse. A SLIDE STOP S biztons\u00e1gi mechanizmusk\u00e9nt szolg\u00e1l, megakad\u00e1lyozva a v\u00e9letlen els\u00fct\u00e9st, am\u00edg a t\u00e1r megfelel\u0151en be nem van helyezve, \u00e9s a fegyver k\u00e9szen nem \u00e1ll a haszn\u00e1latra.<\/p>\n<p>Kompatibilis a k\u00f6vetkez\u0151 fegyvermodellekkel:<\/p>\n<p>KMR S-01 LANCE (OR)<\/p>\n<p>KMR S-02 75 (OR) SR ADA,<\/p>\n<p>KMR S-02 2024-T\u0150L,<\/p>\n<p>KMR S-02 SH1 (OR) SR ADA,<\/p>\n<p>KMR S-02 2023-IG.<\/p>\n<p>Cikksz\u00e1m: 1110-01503-0400.<\/p>\n","protected":false},"excerpt":{"rendered":"<p>Tolja h\u00e1tra a cs\u00fasz\u00e1rz\u00e1rat, ami \u00fcres t\u00e1rra utal. Lehet\u0151v\u00e9 teszi az \u00faj l\u0151szer bet\u00f6lt\u00e9s\u00e9t. Biztons\u00e1gi funkci\u00f3, megakad\u00e1lyozza a v\u00e9letlen els\u00fct\u00e9st.<\/p>\n","protected":false},"featured_media":25892,"template":"","meta":{"_acf_changed":false},"product_brand":[11502],"product_cat":[12917],"product_tag":[],"class_list":{"0":"post-694409","1":"product","2":"type-product","3":"status-publish","4":"has-post-thumbnail","6":"product_brand-kmr-precision","7":"product_cat-kmr-alkatreszek","9":"first","10":"instock","11":"taxable","12":"shipping-taxable","13":"product-type-simple"},"acf":[],"_links":{"self":[{"href":"https:\/\/nbg.eu\/hu\/wp-json\/wp\/v2\/product\/694409","targetHints":{"allow":["GET"]}}],"collection":[{"href":"https:\/\/nbg.eu\/hu\/wp-json\/wp\/v2\/product"}],"about":[{"href":"https:\/\/nbg.eu\/hu\/wp-json\/wp\/v2\/types\/product"}],"wp:featuredmedia":[{"embeddable":true,"href":"https:\/\/nbg.eu\/hu\/wp-json\/wp\/v2\/media\/25892"}],"wp:attachment":[{"href":"https:\/\/nbg.eu\/hu\/wp-json\/wp\/v2\/media?parent=694409"}],"wp:term":[{"taxonomy":"product_brand","embeddable":true,"href":"https:\/\/nbg.eu\/hu\/wp-json\/wp\/v2\/product_brand?post=694409"},{"taxonomy":"product_cat","embeddable":true,"href":"https:\/\/nbg.eu\/hu\/wp-json\/wp\/v2\/product_cat?post=694409"},{"taxonomy":"product_tag","embeddable":true,"href":"https:\/\/nbg.eu\/hu\/wp-json\/wp\/v2\/product_tag?post=694409"}],"curies":[{"name":"wp","href":"https:\/\/api.w.org\/{rel}","templated":true}]}}