{"id":694447,"date":"2024-09-16T14:36:57","date_gmt":"2024-09-16T11:36:57","guid":{"rendered":"https:\/\/nbg.eu\/product\/slide-stop-27-kmr\/"},"modified":"2026-02-02T18:40:58","modified_gmt":"2026-02-02T15:40:58","slug":"slide-stop-27-kmr","status":"publish","type":"product","link":"https:\/\/nbg.eu\/hu\/termek\/slide-stop-27-kmr\/","title":{"rendered":"CS\u00daSZ\u00c1SMEG\u00c1LL\u00cdT\u00d3 27 KMR"},"content":{"rendered":"<h2>SLIDE STOP 27 KMR &#8211; Megb\u00edzhat\u00f3 fegyverbiztons\u00e1g \u00e9s \u00fajrat\u00f6lt\u00e9s-jelz\u0151<\/h2>\n<p>A SLIDE STOP 27 KMR egy alapvet\u0151 funkci\u00f3, amely n\u00f6veli a fegyvere biztons\u00e1g\u00e1t \u00e9s m\u0171k\u00f6d\u00e9s\u00e9t. Amikor a t\u00e1r ki\u00fcr\u00fcl, a cs\u00faszka-elkap\u00f3 automatikusan r\u00f6gz\u00edti a cs\u00faszk\u00e1t a h\u00e1ts\u00f3 helyzetben, ami egy\u00e9rtelm\u0171 vizu\u00e1lis jelet ad arra, hogy a t\u00e1rat ki kell cser\u00e9lni.<\/p>\n<p>Ez a funkci\u00f3 lehet\u0151v\u00e9 teszi a z\u00f6kken\u0151mentes \u00fajrat\u00f6lt\u00e9st, mivel a l\u00f6v\u00e9sz egyszer\u0171en lenyomhatja a z\u00e1rkafog\u00f3t, hogy elengedje a cs\u00faszk\u00e1t, \u00e9s bet\u00f6lthesse az els\u0151 l\u0151szert a t\u00e1rb\u00f3l, miut\u00e1n egy \u00faj t\u00e1rat helyezett be. A SLIDE STOP 27 KMR megb\u00edzhat\u00f3 biztons\u00e1gi mechanizmusk\u00e9nt m\u0171k\u00f6dik, megakad\u00e1lyozva a v\u00e9letlen els\u00fct\u00e9st, am\u00edg a t\u00e1r nem ker\u00fclt megfelel\u0151en r\u00f6gz\u00edt\u00e9sre, \u00e9s a fegyver nem \u00e1ll k\u00e9szen a haszn\u00e1latra.<\/p>\n<p>Prec\u00edzi\u00f3s kivitelez\u00e9ssel \u00e9s gondos r\u00e9szletess\u00e9ggel k\u00e9sz\u00fclt, a SLIDE STOP 27 KMR \u00e9rt\u00e9kes kieg\u00e9sz\u00edt\u0151je b\u00e1rmely fegyvernek, biztos\u00edtva a biztons\u00e1gosabb \u00e9s hat\u00e9konyabb l\u00f6v\u00e9sz\u00e9lm\u00e9nyt. F\u00fcggetlen\u00fcl att\u00f3l, hogy tapasztalt l\u00f6v\u0151 vagy kezd\u0151, ez a funkci\u00f3 megnyugv\u00e1ssal \u00e9s magabiztoss\u00e1ggal t\u00f6lt el a l\u0151t\u00e9ren vagy a terepen.<\/p>\n<p>A KMR sorozathoz<br \/>\nKMR L-02 SPECTRA 2023-ig<br \/>\nKMR W-02 CUDA (OR)<br \/>\nKMR W-02 UMBRA<br \/>\nKMR W-02 UMBRA (OR)<\/p>\n","protected":false},"excerpt":{"rendered":"<p>Cs\u00fasz\u00f3z\u00e1r-funkci\u00f3, amely automatikusan reteszel amikor az t\u00e1r \u00fcres, lehet\u0151v\u00e9 teszi \u00faj l\u0151szer bet\u00f6lt\u00e9s\u00e9t, \u00e9s megakad\u00e1lyozza a v\u00e9letlen els\u00fct\u00e9st.<\/p>\n","protected":false},"featured_media":25869,"template":"","meta":{"_acf_changed":false},"product_brand":[11502],"product_cat":[12917],"product_tag":[],"class_list":{"0":"post-694447","1":"product","2":"type-product","3":"status-publish","4":"has-post-thumbnail","6":"product_brand-kmr-precision","7":"product_cat-kmr-alkatreszek","9":"first","10":"instock","11":"taxable","12":"shipping-taxable","13":"product-type-simple"},"acf":[],"_links":{"self":[{"href":"https:\/\/nbg.eu\/hu\/wp-json\/wp\/v2\/product\/694447","targetHints":{"allow":["GET"]}}],"collection":[{"href":"https:\/\/nbg.eu\/hu\/wp-json\/wp\/v2\/product"}],"about":[{"href":"https:\/\/nbg.eu\/hu\/wp-json\/wp\/v2\/types\/product"}],"wp:featuredmedia":[{"embeddable":true,"href":"https:\/\/nbg.eu\/hu\/wp-json\/wp\/v2\/media\/25869"}],"wp:attachment":[{"href":"https:\/\/nbg.eu\/hu\/wp-json\/wp\/v2\/media?parent=694447"}],"wp:term":[{"taxonomy":"product_brand","embeddable":true,"href":"https:\/\/nbg.eu\/hu\/wp-json\/wp\/v2\/product_brand?post=694447"},{"taxonomy":"product_cat","embeddable":true,"href":"https:\/\/nbg.eu\/hu\/wp-json\/wp\/v2\/product_cat?post=694447"},{"taxonomy":"product_tag","embeddable":true,"href":"https:\/\/nbg.eu\/hu\/wp-json\/wp\/v2\/product_tag?post=694447"}],"curies":[{"name":"wp","href":"https:\/\/api.w.org\/{rel}","templated":true}]}}