{"id":694491,"date":"2024-09-17T22:47:08","date_gmt":"2024-09-17T19:47:08","guid":{"rendered":"https:\/\/nbg.eu\/product\/slide-stop-spring-22-lr-kmr\/"},"modified":"2026-02-13T18:49:52","modified_gmt":"2026-02-13T15:49:52","slug":"slide-stop-spring-22-lr-kmr","status":"publish","type":"product","link":"https:\/\/nbg.eu\/hu\/termek\/slide-stop-spring-22-lr-kmr\/","title":{"rendered":"cs\u00fasz\u00e1s le\u00e1ll\u00edt\u00e1si rug\u00f3 22 LR KMR"},"content":{"rendered":"<h2>SLIDE STOP SPRING 22 LR KMR a KMR fegyverekhez<\/h2>\n<p>A KMR fegyversorozathoz tervezett SLIDE STOP SPRING 22 LR KMR egy tart\u00f3s \u00e9s megb\u00edzhat\u00f3 tartoz\u00e9k, amely a sima m\u0171k\u00f6d\u00e9st \u00e9s a funkcionalit\u00e1s fokoz\u00e1s\u00e1t biztos\u00edtja.<\/p>\n<p>Prec\u00edzen \u00e9s r\u00e9szletekbe men\u0151en kidolgozott term\u00e9k, a SLIDE STOP SPRING 22 LR KMR megb\u00edzhat\u00f3 teljes\u00edtm\u00e9nyt \u00e9s hossz\u00fa \u00e9lettartamot garant\u00e1l, ez\u00e1ltal elengedhetetlen alkatr\u00e9sz a KMR fegyverek rajong\u00f3i \u00e9s szakemberei sz\u00e1m\u00e1ra. Ez a rug\u00f3 kompatibilis minden 2023-ig gy\u00e1rtott KMR modellel, \u00edgy tart\u00f3s megold\u00e1st ny\u00fajt a l\u0151fegyver karbantart\u00e1si \u00e9s friss\u00edt\u00e9si ig\u00e9nyeihez.<\/p>\n<p>A KMR fegyverekhez<\/p>\n<p>KMR S-01 LANCE (OR)<\/p>\n<p>KMR S-02 10 (OR) SR ADA<\/p>\n<p>KMR S-02 75 (OR) SR ADA<\/p>\n<p>KMR S-02 SH1 (OR) SR ADA<\/p>\n<p>KMR S-02 SH2 (OR) SR ADA<\/p>\n<p>KMR S-02 TS (OR) SR ADA<\/p>\n<p>KMR S-02 2023-ig<\/p>\n","protected":false},"excerpt":{"rendered":"<p>Cserefelrak\u00f3 cs\u00faszka rug\u00f3 a KMR fegyverekhez.<\/p>\n","protected":false},"featured_media":24900,"template":"","meta":{"_acf_changed":false},"product_brand":[11502],"product_cat":[12917,12935],"product_tag":[],"class_list":{"0":"post-694491","1":"product","2":"type-product","3":"status-publish","4":"has-post-thumbnail","6":"product_brand-kmr-precision","7":"product_cat-kmr-alkatreszek","8":"product_cat-rugok","10":"first","11":"instock","12":"taxable","13":"shipping-taxable","14":"product-type-simple"},"acf":[],"_links":{"self":[{"href":"https:\/\/nbg.eu\/hu\/wp-json\/wp\/v2\/product\/694491","targetHints":{"allow":["GET"]}}],"collection":[{"href":"https:\/\/nbg.eu\/hu\/wp-json\/wp\/v2\/product"}],"about":[{"href":"https:\/\/nbg.eu\/hu\/wp-json\/wp\/v2\/types\/product"}],"wp:featuredmedia":[{"embeddable":true,"href":"https:\/\/nbg.eu\/hu\/wp-json\/wp\/v2\/media\/24900"}],"wp:attachment":[{"href":"https:\/\/nbg.eu\/hu\/wp-json\/wp\/v2\/media?parent=694491"}],"wp:term":[{"taxonomy":"product_brand","embeddable":true,"href":"https:\/\/nbg.eu\/hu\/wp-json\/wp\/v2\/product_brand?post=694491"},{"taxonomy":"product_cat","embeddable":true,"href":"https:\/\/nbg.eu\/hu\/wp-json\/wp\/v2\/product_cat?post=694491"},{"taxonomy":"product_tag","embeddable":true,"href":"https:\/\/nbg.eu\/hu\/wp-json\/wp\/v2\/product_tag?post=694491"}],"curies":[{"name":"wp","href":"https:\/\/api.w.org\/{rel}","templated":true}]}}