{"id":694533,"date":"2024-08-18T12:10:35","date_gmt":"2024-08-18T09:10:35","guid":{"rendered":"https:\/\/nbg.eu\/product\/slide-stop-26-recessed-kmr\/"},"modified":"2026-05-13T16:02:08","modified_gmt":"2026-05-13T13:02:08","slug":"slide-stop-26-recessed-kmr","status":"publish","type":"product","link":"https:\/\/nbg.eu\/hu\/termek\/slide-stop-26-recessed-kmr\/","title":{"rendered":"KMR Tol\u00f3z\u00e1r Fog\u00f3 26 S\u00fcllyesztett"},"content":{"rendered":"<h2>SLIDE STOP 26 RECESSED KMR<\/h2>\n<p>A cs\u00faszkarekeszt \u00fagy tervezt\u00e9k, hogy k\u00f6nnyen el\u00e9rhet\u0151 \u00e9s m\u0171k\u00f6dtethet\u0151 legyen a l\u00f6v\u00e9s \u00e9s a t\u00e1rcsere k\u00f6zben.<\/p>\n<p>A cs\u00faszka r\u00f6gz\u00edt\u00e9s\u00e9re haszn\u00e1lj\u00e1k a h\u00e1ts\u00f3 helyzetben, \u00e1ltal\u00e1ban miut\u00e1n a t\u00e1r ki\u00fcr\u00fclt. Ez a funkci\u00f3 a legt\u00f6bb modern \u00f6nt\u00f6lt\u0151 pisztolyon megtal\u00e1lhat\u00f3.<\/p>\n<p>Cs\u00faszkar\u00f6gz\u00edt\u00e9s a h\u00e1ts\u00f3 helyzetben &#8211; ha a t\u00e1r \u00fcres, a cs\u00faszkaretesz automatikusan r\u00f6gz\u00edti a cs\u00faszk\u00e1t a h\u00e1ts\u00f3 helyzetben, jelezve a l\u00f6v\u00e9sznek, hogy a t\u00e1rat cser\u00e9lni kell.<\/p>\n<p>\u00daj l\u0151szer bet\u00f6lt\u00e9s\u00e9nek lehet\u0151v\u00e9 t\u00e9tele &#8211; miut\u00e1n \u00faj t\u00e1rat t\u00f6lt\u00f6ttek be, a l\u00f6v\u00e9sz \u00e1ltal\u00e1ban lenyomja a z\u00e1rkafog\u00f3t, ami lehet\u0151v\u00e9 teszi a z\u00e1rka el\u0151remozg\u00e1s\u00e1t \u00e9s az els\u0151 l\u0151szer bet\u00f6lt\u00e9s\u00e9t a cs\u0151be.<\/p>\n<p>Biztons\u00e1gi funkci\u00f3 &#8211; A cs\u00faszkarekesz lehet biztons\u00e1gi funkci\u00f3 is, ami megakad\u00e1lyozza a v\u00e9letlen els\u00fct\u00e9st, am\u00edg a t\u00e1r megfelel\u0151en be van helyezve, \u00e9s a fegyver haszn\u00e1latra k\u00e9sz.<\/p>\n<p>A KMR fegyverekhez<br \/>KMR L-02 UMBRA 2023-ig<\/p>\n","protected":false},"excerpt":{"rendered":"<p>A SLIDE STOP 26 RECESSED KMR egy k\u00e9nyelmes \u00e9s biztons\u00e1gos cs\u00fasz\u00f3retesz, amelyet modern, \u00f6nm\u0171k\u00f6d\u0151 pisztolyokhoz terveztek, megk\u00f6nny\u00edtve a t\u00e1rcsere-m\u0171veleteket \u00e9s garant\u00e1lva a biztons\u00e1gos m\u0171k\u00f6d\u00e9st.<\/p>\n","protected":false},"featured_media":25846,"template":"","meta":{"_acf_changed":false},"product_brand":[11502],"product_cat":[12917],"product_tag":[],"class_list":{"0":"post-694533","1":"product","2":"type-product","3":"status-publish","4":"has-post-thumbnail","6":"product_brand-kmr-precision","7":"product_cat-kmr-alkatreszek","9":"first","10":"instock","11":"taxable","12":"shipping-taxable","13":"product-type-simple"},"acf":[],"_links":{"self":[{"href":"https:\/\/nbg.eu\/hu\/wp-json\/wp\/v2\/product\/694533","targetHints":{"allow":["GET"]}}],"collection":[{"href":"https:\/\/nbg.eu\/hu\/wp-json\/wp\/v2\/product"}],"about":[{"href":"https:\/\/nbg.eu\/hu\/wp-json\/wp\/v2\/types\/product"}],"wp:featuredmedia":[{"embeddable":true,"href":"https:\/\/nbg.eu\/hu\/wp-json\/wp\/v2\/media\/25846"}],"wp:attachment":[{"href":"https:\/\/nbg.eu\/hu\/wp-json\/wp\/v2\/media?parent=694533"}],"wp:term":[{"taxonomy":"product_brand","embeddable":true,"href":"https:\/\/nbg.eu\/hu\/wp-json\/wp\/v2\/product_brand?post=694533"},{"taxonomy":"product_cat","embeddable":true,"href":"https:\/\/nbg.eu\/hu\/wp-json\/wp\/v2\/product_cat?post=694533"},{"taxonomy":"product_tag","embeddable":true,"href":"https:\/\/nbg.eu\/hu\/wp-json\/wp\/v2\/product_tag?post=694533"}],"curies":[{"name":"wp","href":"https:\/\/api.w.org\/{rel}","templated":true}]}}