{"id":694557,"date":"2024-08-16T23:20:35","date_gmt":"2024-08-16T20:20:35","guid":{"rendered":"https:\/\/nbg.eu\/product\/slide-stop-pin-kmr\/"},"modified":"2026-05-13T16:03:14","modified_gmt":"2026-05-13T13:03:14","slug":"slide-stop-pin-kmr","status":"publish","type":"product","link":"https:\/\/nbg.eu\/hu\/termek\/slide-stop-pin-kmr\/","title":{"rendered":"KMR Tol\u00f3z\u00e1r Fog\u00f3 Csap"},"content":{"rendered":"<h2>Cs\u00fasz\u00e1smeg\u00e1ll\u00edt\u00f3 t\u0171 a KMR pisztolyokhoz<\/h2>\n<p>N\u00f6velje KMR pisztoly\u00e1nak teljes\u00edtm\u00e9ny\u00e9t a Cs\u00fasz\u00e1smeg\u00e1ll\u00edt\u00f3 t\u0171vel, egy prec\u00edzi\u00f3s m\u00e9rn\u00f6ki alkatr\u00e9sszel, amely optimaliz\u00e1lja a cs\u00fasz\u00e1smeg\u00e1ll\u00edt\u00f3 kar forg\u00e1si tengely\u00e9t \u00e9s a cs\u0151z\u00e1r illeszked\u00e9s\u00e9t. Magas-szil\u00e1rds\u00e1gi edzett ac\u00e9lb\u00f3l k\u00e9sz\u00fclt, prec\u00edzi\u00f3s csiszolt fel\u00fclettel, amely cs\u00f6kkenti a s\u00farl\u00f3d\u00e1st, biztos\u00edtva a fegyver gy\u00e1ri t\u0171r\u00e9shat\u00e1raival val\u00f3 z\u00f6kken\u0151mentes, megb\u00edzhat\u00f3 illeszked\u00e9st.<\/p>\n<p>A KMR ciklikus mechanizmus\u00e1nak k\u00f6zponti elemek\u00e9nt a Cs\u00fasz\u00e1smeg\u00e1ll\u00edt\u00f3 t\u0171 kulcsfontoss\u00e1g\u00fa mechanikus \u00f6sszek\u00f6t\u0151 elem, amely r\u00f6gz\u00edti a cs\u0151fels\u0151 pof\u00e1k \u00e9s a v\u00e1ztest k\u00f6z\u00f6tti kapcsolatot. Nagy ny\u00edr\u00f3szil\u00e1rds\u00e1g\u00e1nak k\u00f6sz\u00f6nhet\u0151en k\u00e9pes ellen\u00e1llni a cs\u00fasz\u00e1s ism\u00e9tl\u0151d\u0151 \u00fctk\u00f6z\u00e9seinek, m\u00edg sima fel\u00fclete lehet\u0151v\u00e9 teszi a cs\u00fasz\u00e1smeg\u00e1ll\u00edt\u00f3 kar z\u00f6kken\u0151mentes mozg\u00e1s\u00e1t, biztos\u00edtva a megb\u00edzhat\u00f3 utols\u00f3 l\u0151szer z\u00e1rol\u00e1st \u00e9s a sima k\u00e9zi m\u0171k\u00f6dtet\u00e9st.<\/p>\n<p>Friss\u00edtse KMR pisztoly\u00e1t a Cs\u00fasz\u00e1smeg\u00e1ll\u00edt\u00f3 t\u0171vel, \u00e9s tapasztalja meg a precizit\u00e1s \u00e9s megb\u00edzhat\u00f3s\u00e1g k\u00fcl\u00f6nbs\u00e9g\u00e9t. Ez a prec\u00edzi\u00f3s m\u00e9rn\u00f6ki alkatr\u00e9sz a legjobb v\u00e1laszt\u00e1s az ig\u00e9nyes l\u00f6v\u00e9szek sz\u00e1m\u00e1ra, akik a legt\u00f6bbet k\u00f6vetelik meg a fegyvereikt\u0151l.<\/p>\n","protected":false},"excerpt":{"rendered":"<p>Prec\u00edz forg\u00f3pont tengely a cs\u00fasz\u00f3 meg\u00e1ll\u00edt\u00f3 kar \u00e9s a hordcs\u0151z\u00e1r sz\u00e1m\u00e1ra. Magas h\u00faz\u00f3szil\u00e1rds\u00e1g\u00fa edzett ac\u00e9lb\u00f3l k\u00e9sz\u00fclt, sima fel\u00fclettel.<\/p>\n","protected":false},"featured_media":23827,"template":"","meta":{"_acf_changed":false},"product_brand":[11502],"product_cat":[12917],"product_tag":[],"class_list":{"0":"post-694557","1":"product","2":"type-product","3":"status-publish","4":"has-post-thumbnail","6":"product_brand-kmr-precision","7":"product_cat-kmr-alkatreszek","9":"first","10":"instock","11":"taxable","12":"shipping-taxable","13":"product-type-simple"},"acf":[],"_links":{"self":[{"href":"https:\/\/nbg.eu\/hu\/wp-json\/wp\/v2\/product\/694557","targetHints":{"allow":["GET"]}}],"collection":[{"href":"https:\/\/nbg.eu\/hu\/wp-json\/wp\/v2\/product"}],"about":[{"href":"https:\/\/nbg.eu\/hu\/wp-json\/wp\/v2\/types\/product"}],"wp:featuredmedia":[{"embeddable":true,"href":"https:\/\/nbg.eu\/hu\/wp-json\/wp\/v2\/media\/23827"}],"wp:attachment":[{"href":"https:\/\/nbg.eu\/hu\/wp-json\/wp\/v2\/media?parent=694557"}],"wp:term":[{"taxonomy":"product_brand","embeddable":true,"href":"https:\/\/nbg.eu\/hu\/wp-json\/wp\/v2\/product_brand?post=694557"},{"taxonomy":"product_cat","embeddable":true,"href":"https:\/\/nbg.eu\/hu\/wp-json\/wp\/v2\/product_cat?post=694557"},{"taxonomy":"product_tag","embeddable":true,"href":"https:\/\/nbg.eu\/hu\/wp-json\/wp\/v2\/product_tag?post=694557"}],"curies":[{"name":"wp","href":"https:\/\/api.w.org\/{rel}","templated":true}]}}