{"id":694581,"date":"2024-08-17T18:04:38","date_gmt":"2024-08-17T15:04:38","guid":{"rendered":"https:\/\/nbg.eu\/product\/slide-stop-spring-kmr\/"},"modified":"2026-05-13T15:09:54","modified_gmt":"2026-05-13T12:09:54","slug":"slide-stop-spring-kmr","status":"publish","type":"product","link":"https:\/\/nbg.eu\/hu\/termek\/slide-stop-spring-kmr\/","title":{"rendered":"KMR Tol\u00f3z\u00e1r Fog\u00f3 Rug\u00f3"},"content":{"rendered":"<h2>Slide Stop Spring KMR<\/h2>\n<p>Ez a rug\u00f3 egy l\u00e9tfontoss\u00e1g\u00fa alkatr\u00e9sz a KMR term\u00e9kcsal\u00e1d sz\u00e9les k\u00f6r\u0171 fegyverrendszerei sz\u00e1m\u00e1ra. Megb\u00edzhat\u00f3 \u00e9s k\u00f6vetkezetes teljes\u00edtm\u00e9nyt biztos\u00edt\u00f3 kialak\u00edt\u00e1ssal rendelkezik.<\/p>\n<p>Prec\u00edzi\u00f3s kivitelez\u00e9ssel \u00e9s alapos odafigyel\u00e9ssel k\u00e9sz\u00fclt, \u00edgy biztos\u00edtja a sima \u00e9s megb\u00edzhat\u00f3 m\u0171k\u00f6d\u00e9st, hozz\u00e1j\u00e1rulva a fegyverrendszer \u00e1ltal\u00e1nos teljes\u00edtm\u00e9ny\u00e9hez \u00e9s megb\u00edzhat\u00f3s\u00e1g\u00e1hoz. Tart\u00f3s konstrukci\u00f3ja \u00e9s pontos m\u00e9rn\u00f6ki kivitele miatt kritikus alkatr\u00e9sz a KMR-kompatibilis fegyverek integrit\u00e1s\u00e1nak \u00e9s m\u0171k\u00f6d\u0151k\u00e9pess\u00e9g\u00e9nek fenntart\u00e1s\u00e1ban.<\/p>\n<p>Ez a rug\u00f3 elengedhetetlen tartoz\u00e9k ahhoz, hogy a KMR-rel felszerelt fegyver a lehet\u0151 legjobb teljes\u00edtm\u00e9nyt ny\u00fajtsa. Ruh\u00e1zzon be ebbe a kiv\u00e1l\u00f3 min\u0151s\u00e9g\u0171 alkatr\u00e9szbe, hogy biztos\u00edtsa fegyvere folyamatos megb\u00edzhat\u00f3s\u00e1g\u00e1t \u00e9s sima m\u0171k\u00f6d\u00e9s\u00e9t.<\/p>\n<p>A k\u00f6vetkez\u0151 KMR fegyverekhez:<\/p>\n<p>KMR L-02 EMIQ<\/p>\n<p>KMR L-02 EMIQ (OR)<\/p>\n<p>KMR L-02 ORCA 2023-ig<\/p>\n<p>KMR L-02 SPECTRA 2024-t\u0151l<\/p>\n<p>KMR L-02 SPECTRA 2023-ig<\/p>\n<p>KMR L-02 UMBRA (OR) SR<\/p>\n<p>KMR S-01 LANCE (OR)<\/p>\n<p>KMR S-02 2024-t\u0151l<\/p>\n<p>KMR S-02 2023-ig<\/p>\n<p>KMR W-02 CUDA (OR)<\/p>\n<p>KMR W-02 UMBRA<\/p>\n<p>KMR W-02 UMBRA (OR)<\/p>\n","protected":false},"excerpt":{"rendered":"<p>Cs\u00fasz\u00e1sg\u00e1tl\u00f3 rug\u00f3 KMR &#8211; Kompatibilis k\u00fcl\u00f6nf\u00e9le KMR fegyverekkel.<\/p>\n","protected":false},"featured_media":24877,"template":"","meta":{"_acf_changed":false},"product_brand":[11502],"product_cat":[12917,12935],"product_tag":[],"class_list":{"0":"post-694581","1":"product","2":"type-product","3":"status-publish","4":"has-post-thumbnail","6":"product_brand-kmr-precision","7":"product_cat-kmr-alkatreszek","8":"product_cat-rugok","10":"first","11":"instock","12":"taxable","13":"shipping-taxable","14":"product-type-simple"},"acf":[],"_links":{"self":[{"href":"https:\/\/nbg.eu\/hu\/wp-json\/wp\/v2\/product\/694581","targetHints":{"allow":["GET"]}}],"collection":[{"href":"https:\/\/nbg.eu\/hu\/wp-json\/wp\/v2\/product"}],"about":[{"href":"https:\/\/nbg.eu\/hu\/wp-json\/wp\/v2\/types\/product"}],"wp:featuredmedia":[{"embeddable":true,"href":"https:\/\/nbg.eu\/hu\/wp-json\/wp\/v2\/media\/24877"}],"wp:attachment":[{"href":"https:\/\/nbg.eu\/hu\/wp-json\/wp\/v2\/media?parent=694581"}],"wp:term":[{"taxonomy":"product_brand","embeddable":true,"href":"https:\/\/nbg.eu\/hu\/wp-json\/wp\/v2\/product_brand?post=694581"},{"taxonomy":"product_cat","embeddable":true,"href":"https:\/\/nbg.eu\/hu\/wp-json\/wp\/v2\/product_cat?post=694581"},{"taxonomy":"product_tag","embeddable":true,"href":"https:\/\/nbg.eu\/hu\/wp-json\/wp\/v2\/product_tag?post=694581"}],"curies":[{"name":"wp","href":"https:\/\/api.w.org\/{rel}","templated":true}]}}