{"id":694617,"date":"2024-08-18T12:24:10","date_gmt":"2024-08-18T09:24:10","guid":{"rendered":"https:\/\/nbg.eu\/product\/thread-cover-kmr-m13x1l-black\/"},"modified":"2026-05-13T16:02:26","modified_gmt":"2026-05-13T13:02:26","slug":"thread-cover-kmr-m13x1l-black","status":"publish","type":"product","link":"https:\/\/nbg.eu\/hu\/termek\/thread-cover-kmr-m13x1l-black\/","title":{"rendered":"KMR Menetsapka M13x1L Fekete"},"content":{"rendered":"<h2>Menetes v\u00e9d\u0151burkolat KMR M13X1L fekete<\/h2>\n<p>N\u00f6velje fegyverei taktikai teljes\u00edtm\u00e9ny\u00e9t a menetes v\u00e9d\u0151burkolattal. A KMR L-02 UMBRA (OR) SR-rel val\u00f3 z\u00f6kken\u0151mentes illeszked\u00e9s \u00e9rdek\u00e9ben tervezt\u00e9k, \u00e9s amikor a fegyvert nem haszn\u00e1lj\u00e1k, v\u00e9delmet ny\u00fajt a meneteknek.<\/p>\n<p>Min\u0151s\u00e9gi anyagokb\u00f3l k\u00e9sz\u00fclt, amely ellen\u00e1ll a taktikai k\u00f6rnyezet ig\u00e9nybev\u00e9tel\u00e9nek. Fekete fel\u00fclete harmonikusan illeszkedik a fegyverhez, biztos\u00edtva a tiszta \u00e9s professzion\u00e1lis megjelen\u00e9st.<\/p>\n","protected":false},"excerpt":{"rendered":"<p>Fon\u00e1lbor\u00edt\u00e1s KMR M13X1L Fekete a KMR L-02 UMBRA (VAGY) SR r\u00e9sz\u00e9re.<\/p>\n","protected":false},"featured_media":26007,"template":"","meta":{"_acf_changed":false},"product_brand":[11502],"product_cat":[12917],"product_tag":[],"class_list":{"0":"post-694617","1":"product","2":"type-product","3":"status-publish","4":"has-post-thumbnail","6":"product_brand-kmr-precision","7":"product_cat-kmr-alkatreszek","9":"first","10":"instock","11":"taxable","12":"shipping-taxable","13":"product-type-simple"},"acf":[],"_links":{"self":[{"href":"https:\/\/nbg.eu\/hu\/wp-json\/wp\/v2\/product\/694617","targetHints":{"allow":["GET"]}}],"collection":[{"href":"https:\/\/nbg.eu\/hu\/wp-json\/wp\/v2\/product"}],"about":[{"href":"https:\/\/nbg.eu\/hu\/wp-json\/wp\/v2\/types\/product"}],"wp:featuredmedia":[{"embeddable":true,"href":"https:\/\/nbg.eu\/hu\/wp-json\/wp\/v2\/media\/26007"}],"wp:attachment":[{"href":"https:\/\/nbg.eu\/hu\/wp-json\/wp\/v2\/media?parent=694617"}],"wp:term":[{"taxonomy":"product_brand","embeddable":true,"href":"https:\/\/nbg.eu\/hu\/wp-json\/wp\/v2\/product_brand?post=694617"},{"taxonomy":"product_cat","embeddable":true,"href":"https:\/\/nbg.eu\/hu\/wp-json\/wp\/v2\/product_cat?post=694617"},{"taxonomy":"product_tag","embeddable":true,"href":"https:\/\/nbg.eu\/hu\/wp-json\/wp\/v2\/product_tag?post=694617"}],"curies":[{"name":"wp","href":"https:\/\/api.w.org\/{rel}","templated":true}]}}