{"id":694677,"date":"2024-09-18T14:06:30","date_gmt":"2024-09-18T11:06:30","guid":{"rendered":"https:\/\/nbg.eu\/product\/thumbrest-3-20-alu-black-kmr\/"},"modified":"2026-05-13T16:02:08","modified_gmt":"2026-05-13T13:02:08","slug":"thumbrest-3-20-alu-black-kmr","status":"publish","type":"product","link":"https:\/\/nbg.eu\/hu\/termek\/thumbrest-3-20-alu-black-kmr\/","title":{"rendered":"KMR H\u00fcvelykujjt\u00e1masz 3-20\u00b0 ALU Fekete"},"content":{"rendered":"<h2>THUMBREST 3-20\u00b0 ALU BLACK KMR<\/h2>\n<p>A THUMBREST 3-20\u00b0 ALU BLACK KMR egy sokoldal\u00fa \u00e9s ergonomikus kieg\u00e9sz\u00edt\u0151, amelyet a KMR fegyverplatform haszn\u00e1l\u00f3inak l\u00f6v\u00e9si \u00e9lm\u00e9ny\u00e9nek jav\u00edt\u00e1s\u00e1ra terveztek. Ez a markolatpr\u00e9s lehet\u0151v\u00e9 teszi a k\u00e9nyelmes \u00e9s stabil fog\u00e1st, seg\u00edtve a l\u00f6v\u0151ket, hogy jobban ir\u00e1ny\u00edts\u00e1k \u00e9s pontosabban t\u00fczeljenek fegyvereiket.<\/p>\n<p>A KMR L-02 ORCA modellel 2023-ig kompatibilis THUMBREST 3-20\u00b0 ALU BLACK KMR egy sokoldal\u00fa \u00e9s megb\u00edzhat\u00f3 kieg\u00e9sz\u00edt\u0151, amely n\u00f6velheti a fegyver funkcionalit\u00e1s\u00e1t \u00e9s ergon\u00f3mi\u00e1j\u00e1t. F\u00fcggetlen\u00fcl att\u00f3l, hogy tapasztalt l\u00f6v\u0151 vagy kezd\u0151, ez a markolatpr\u00e9s seg\u00edthet jobb ir\u00e1ny\u00edt\u00e1st, stabilit\u00e1st \u00e9s pontoss\u00e1got el\u00e9rni, amikor a c\u00e9lpontokra l\u0151.<\/p>\n","protected":false},"excerpt":{"rendered":"<p>K\u00e9nyelmes fog\u00e1s, stabiliz\u00e1lja a fegyvert, jobb ir\u00e1ny\u00edt\u00e1s a KMR L-02 ORCA-hoz.<\/p>\n","protected":false},"featured_media":24225,"template":"","meta":{"_acf_changed":false},"product_brand":[11502],"product_cat":[12917],"product_tag":[],"class_list":{"0":"post-694677","1":"product","2":"type-product","3":"status-publish","4":"has-post-thumbnail","6":"product_brand-kmr-precision","7":"product_cat-kmr-alkatreszek","9":"first","10":"outofstock","11":"taxable","12":"shipping-taxable","13":"product-type-simple"},"acf":[],"_links":{"self":[{"href":"https:\/\/nbg.eu\/hu\/wp-json\/wp\/v2\/product\/694677","targetHints":{"allow":["GET"]}}],"collection":[{"href":"https:\/\/nbg.eu\/hu\/wp-json\/wp\/v2\/product"}],"about":[{"href":"https:\/\/nbg.eu\/hu\/wp-json\/wp\/v2\/types\/product"}],"wp:featuredmedia":[{"embeddable":true,"href":"https:\/\/nbg.eu\/hu\/wp-json\/wp\/v2\/media\/24225"}],"wp:attachment":[{"href":"https:\/\/nbg.eu\/hu\/wp-json\/wp\/v2\/media?parent=694677"}],"wp:term":[{"taxonomy":"product_brand","embeddable":true,"href":"https:\/\/nbg.eu\/hu\/wp-json\/wp\/v2\/product_brand?post=694677"},{"taxonomy":"product_cat","embeddable":true,"href":"https:\/\/nbg.eu\/hu\/wp-json\/wp\/v2\/product_cat?post=694677"},{"taxonomy":"product_tag","embeddable":true,"href":"https:\/\/nbg.eu\/hu\/wp-json\/wp\/v2\/product_tag?post=694677"}],"curies":[{"name":"wp","href":"https:\/\/api.w.org\/{rel}","templated":true}]}}