{"id":694699,"date":"2024-09-18T14:03:06","date_gmt":"2024-09-18T11:03:06","guid":{"rendered":"https:\/\/nbg.eu\/product\/thumbrest-2-205-alu-black-kmr\/"},"modified":"2026-05-13T16:52:11","modified_gmt":"2026-05-13T13:52:11","slug":"thumbrest-2-205-alu-black-kmr","status":"publish","type":"product","link":"https:\/\/nbg.eu\/hu\/termek\/thumbrest-2-205-alu-black-kmr\/","title":{"rendered":"KMR H\u00fcvelykujjt\u00e1masz 2-20.5\u00b0 ALU Fekete"},"content":{"rendered":"<h2>N\u00f6velje a l\u00f6v\u00e9si \u00e9lm\u00e9ny\u00e9t a THUMBREST 2-20,5\u00b0 ALU BLACK KMR-rel<\/h2>\n<p>A THUMBREST 2-20,5\u00b0 ALU BLACK KMR egy n\u00e9lk\u00fcl\u00f6zhetetlen kieg\u00e9sz\u00edt\u0151 a l\u00f6v\u00e9szek sz\u00e1m\u00e1ra, akik pontos ir\u00e1ny\u00edt\u00e1st \u00e9s stabilit\u00e1st k\u00f6vetelnek meg. KMR fegyverekhez tervezt\u00e9k, ez a teny\u00e9rt\u00e1masz k\u00e9nyelmes fog\u00e1st biztos\u00edt, seg\u00edtve a fegyver stabiliz\u00e1l\u00e1s\u00e1t \u00e9s a l\u00f6v\u00e9si pontoss\u00e1g jav\u00edt\u00e1s\u00e1t.<\/p>\n<p>Kiv\u00e1l\u00f3 min\u0151s\u00e9g\u0171 alum\u00edniumb\u00f3l k\u00e9sz\u00fclt, a teny\u00e9rt\u00e1masz 20,5 fokos sz\u00f6ge t\u00f6k\u00e9letesen illeszkedik a k\u00e9z term\u00e9szetes helyzet\u00e9hez, biztons\u00e1gos \u00e9s ergonomikus fog\u00e1st ny\u00fajtva. Ez az innovat\u00edv kialak\u00edt\u00e1s cs\u00f6kkenti a k\u00e9z f\u00e1rad\u00e1s\u00e1t, \u00e9s jobb ir\u00e1ny\u00edt\u00e1st tesz lehet\u0151v\u00e9, m\u00e9g hossz\u00fa l\u00f6v\u00e9szeti szakaszok sor\u00e1n is.<\/p>\n<p>Alkalmazhat\u00f3 a KMR L-02 ORCA eszk\u00f6zzel 2023-ig, ez a teny\u00e9rt\u00e1masz megb\u00edzhat\u00f3 \u00e9s tart\u00f3s megold\u00e1s, amely kib\u00edrja a taktikai \u00e9s versenyl\u00f6v\u00e9szeti k\u00f6rnyezet megterhel\u00e9seit. Prec\u00edz kidolgoz\u00e1s\u00e1val \u00e9s r\u00e9szletes kialak\u00edt\u00e1s\u00e1val a THUMBREST 2-20,5\u00b0 ALU BLACK KMR t\u00f6k\u00e9letes kieg\u00e9sz\u00edt\u0151je a fegyverarzen\u00e1lnak.<\/p>\n<p>Referencia 0581-00202-0101<\/p>\n","protected":false},"excerpt":{"rendered":"<p>K\u00e9nyelmes fog\u00e1s, stabiliz\u00e1lja a fegyvert, jobb ir\u00e1ny\u00edt\u00e1s a KMR L-02 ORCA modellhez 2023-ig.<\/p>\n","protected":false},"featured_media":24202,"template":"","meta":{"_acf_changed":false},"product_brand":[11502],"product_cat":[12917],"product_tag":[],"class_list":{"0":"post-694699","1":"product","2":"type-product","3":"status-publish","4":"has-post-thumbnail","6":"product_brand-kmr-precision","7":"product_cat-kmr-alkatreszek","9":"first","10":"outofstock","11":"taxable","12":"shipping-taxable","13":"product-type-simple"},"acf":[],"_links":{"self":[{"href":"https:\/\/nbg.eu\/hu\/wp-json\/wp\/v2\/product\/694699","targetHints":{"allow":["GET"]}}],"collection":[{"href":"https:\/\/nbg.eu\/hu\/wp-json\/wp\/v2\/product"}],"about":[{"href":"https:\/\/nbg.eu\/hu\/wp-json\/wp\/v2\/types\/product"}],"wp:featuredmedia":[{"embeddable":true,"href":"https:\/\/nbg.eu\/hu\/wp-json\/wp\/v2\/media\/24202"}],"wp:attachment":[{"href":"https:\/\/nbg.eu\/hu\/wp-json\/wp\/v2\/media?parent=694699"}],"wp:term":[{"taxonomy":"product_brand","embeddable":true,"href":"https:\/\/nbg.eu\/hu\/wp-json\/wp\/v2\/product_brand?post=694699"},{"taxonomy":"product_cat","embeddable":true,"href":"https:\/\/nbg.eu\/hu\/wp-json\/wp\/v2\/product_cat?post=694699"},{"taxonomy":"product_tag","embeddable":true,"href":"https:\/\/nbg.eu\/hu\/wp-json\/wp\/v2\/product_tag?post=694699"}],"curies":[{"name":"wp","href":"https:\/\/api.w.org\/{rel}","templated":true}]}}