{"id":694733,"date":"2024-08-17T15:43:53","date_gmt":"2024-08-17T12:43:53","guid":{"rendered":"https:\/\/nbg.eu\/product\/thumbrest-4-48-alu-black-kmr\/"},"modified":"2026-05-13T16:03:17","modified_gmt":"2026-05-13T13:03:17","slug":"thumbrest-4-48-alu-black-kmr","status":"publish","type":"product","link":"https:\/\/nbg.eu\/hu\/termek\/thumbrest-4-48-alu-black-kmr\/","title":{"rendered":"KMR H\u00fcvelykujjt\u00e1masz 4-48\u00b0 ALU Fekete r\u00e9sz\u00e9re Orca 2023"},"content":{"rendered":"<h2>THUMBREST 4-48\u00b0 ALU BLACK KMR<\/h2>\n<p>N\u00f6veld a l\u00f6v\u00e9si \u00e9lm\u00e9nyedet a THUMBREST 4-48\u00b0 ALU BLACK KMR haszn\u00e1lat\u00e1val. Ez az innovat\u00edv tartoz\u00e9k k\u00e9nyelmes \u00e9s stabil fog\u00e1st biztos\u00edt a fegyveredhez, \u00edgy jobb ir\u00e1ny\u00edt\u00e1st \u00e9s pontoss\u00e1got \u00e9rhetsz el a l\u00f6v\u00e9sek sor\u00e1n.<\/p>\n<p>A Weapons KMR, k\u00fcl\u00f6n\u00f6sen a KMR L-02 ORCA modell 2023-ig t\u00f6rt\u00e9n\u0151 haszn\u00e1lat\u00e1ra tervezt\u00e9k. A h\u00fcvelykujj-t\u00e1masz 4-48\u00b0 k\u00f6z\u00f6tti sz\u00f6gbe\u00e1ll\u00edt\u00e1si tartom\u00e1nnyal rendelkezik. Ez a be\u00e1ll\u00edthat\u00f3s\u00e1g egyedi illeszked\u00e9st biztos\u00edt, amely megfelel a szem\u00e9lyes l\u00f6v\u00e9si st\u00edlusodnak \u00e9s preferenci\u00e1idnak.<\/p>\n<p>Fokozd a l\u00f6v\u00e9si teljes\u00edtm\u00e9nyedet \u00e9s n\u00f6veld az ir\u00e1ny\u00edt\u00e1st a THUMBREST 4-48\u00b0 ALU BLACK KMR seg\u00edts\u00e9g\u00e9vel. Emeld a l\u00f6v\u00e9si \u00e9lm\u00e9nyedet, \u00e9s vidd k\u00e9szs\u00e9geidet a k\u00f6vetkez\u0151 szintre.<\/p>\n","protected":false},"excerpt":{"rendered":"<p>K\u00e9nyelmes fog\u00e1s, stabiliz\u00e1lt fegyver, jobb ir\u00e1ny\u00edt\u00e1s a KMR L-02 ORCA eset\u00e9ben.<\/p>\n","protected":false},"featured_media":24248,"template":"","meta":{"_acf_changed":false},"product_brand":[11502],"product_cat":[12917],"product_tag":[],"class_list":{"0":"post-694733","1":"product","2":"type-product","3":"status-publish","4":"has-post-thumbnail","6":"product_brand-kmr-precision","7":"product_cat-kmr-alkatreszek","9":"first","10":"instock","11":"taxable","12":"shipping-taxable","13":"product-type-simple"},"acf":[],"_links":{"self":[{"href":"https:\/\/nbg.eu\/hu\/wp-json\/wp\/v2\/product\/694733","targetHints":{"allow":["GET"]}}],"collection":[{"href":"https:\/\/nbg.eu\/hu\/wp-json\/wp\/v2\/product"}],"about":[{"href":"https:\/\/nbg.eu\/hu\/wp-json\/wp\/v2\/types\/product"}],"wp:featuredmedia":[{"embeddable":true,"href":"https:\/\/nbg.eu\/hu\/wp-json\/wp\/v2\/media\/24248"}],"wp:attachment":[{"href":"https:\/\/nbg.eu\/hu\/wp-json\/wp\/v2\/media?parent=694733"}],"wp:term":[{"taxonomy":"product_brand","embeddable":true,"href":"https:\/\/nbg.eu\/hu\/wp-json\/wp\/v2\/product_brand?post=694733"},{"taxonomy":"product_cat","embeddable":true,"href":"https:\/\/nbg.eu\/hu\/wp-json\/wp\/v2\/product_cat?post=694733"},{"taxonomy":"product_tag","embeddable":true,"href":"https:\/\/nbg.eu\/hu\/wp-json\/wp\/v2\/product_tag?post=694733"}],"curies":[{"name":"wp","href":"https:\/\/api.w.org\/{rel}","templated":true}]}}