{"id":694829,"date":"2024-09-17T08:32:39","date_gmt":"2024-09-17T05:32:39","guid":{"rendered":"https:\/\/nbg.eu\/product\/trigger-bar-sa-da-kmr-w\/"},"modified":"2026-05-13T16:00:54","modified_gmt":"2026-05-13T13:00:54","slug":"trigger-bar-sa-da-kmr-w","status":"publish","type":"product","link":"https:\/\/nbg.eu\/hu\/termek\/trigger-bar-sa-da-kmr-w\/","title":{"rendered":"KMR Els\u00fct\u0151r\u00fad SA\/DA W"},"content":{"rendered":"<h2>Trigger Bar SA\/DA KMR W<\/h2>\n<p>Egy bels\u0151 pisztolyalkatr\u00e9sz, amely a ravaszmozdulatok \u00e1tvitel\u00e9t biztos\u00edtja a t\u0171zfegyver m\u0171k\u00f6dtet\u0151 mechanizmus\u00e1ban az KMR W modell mind egyes-akci\u00f3, mind pedig dupla-akci\u00f3 (SA\/DA) \u00fczemm\u00f3dj\u00e1ban. Ez a sokoldal\u00fa ravaszs\u00edn kialak\u00edt\u00e1sa lehet\u0151v\u00e9 teszi a z\u00f6kken\u0151mentes integr\u00e1ci\u00f3t az al\u00e1bbi KMR fegyvermodellekkel:<\/p>\n<ul>\n<li>KMR S-01 LANCE (OR)<\/li>\n<li>KMR S-02 2024-T\u00d3L<\/li>\n<li>KMR S-02 2023-IG<\/li>\n<li>KMR W-02 CUDA 2023-IG<\/li>\n<li>KMR W-02 UMBRA<\/li>\n<li>KMR W-02 UMBRA (OR)<\/li>\n<\/ul>\n<p>Referenciasz\u00e1m: 0900-00401-0900.<\/p>\n","protected":false},"excerpt":{"rendered":"<p>L\u00f6v\u0151szerkezet mozgat\u00e1s\u00e1t aktiv\u00e1lja a KMR W modellek SA\/DA v\u00e1ltozat\u00e1n\u00e1l.<\/p>\n","protected":false},"featured_media":25523,"template":"","meta":{"_acf_changed":false},"product_brand":[11502],"product_cat":[12917],"product_tag":[],"class_list":{"0":"post-694829","1":"product","2":"type-product","3":"status-publish","4":"has-post-thumbnail","6":"product_brand-kmr-precision","7":"product_cat-kmr-alkatreszek","9":"first","10":"instock","11":"taxable","12":"shipping-taxable","13":"product-type-simple"},"acf":[],"_links":{"self":[{"href":"https:\/\/nbg.eu\/hu\/wp-json\/wp\/v2\/product\/694829","targetHints":{"allow":["GET"]}}],"collection":[{"href":"https:\/\/nbg.eu\/hu\/wp-json\/wp\/v2\/product"}],"about":[{"href":"https:\/\/nbg.eu\/hu\/wp-json\/wp\/v2\/types\/product"}],"wp:featuredmedia":[{"embeddable":true,"href":"https:\/\/nbg.eu\/hu\/wp-json\/wp\/v2\/media\/25523"}],"wp:attachment":[{"href":"https:\/\/nbg.eu\/hu\/wp-json\/wp\/v2\/media?parent=694829"}],"wp:term":[{"taxonomy":"product_brand","embeddable":true,"href":"https:\/\/nbg.eu\/hu\/wp-json\/wp\/v2\/product_brand?post=694829"},{"taxonomy":"product_cat","embeddable":true,"href":"https:\/\/nbg.eu\/hu\/wp-json\/wp\/v2\/product_cat?post=694829"},{"taxonomy":"product_tag","embeddable":true,"href":"https:\/\/nbg.eu\/hu\/wp-json\/wp\/v2\/product_tag?post=694829"}],"curies":[{"name":"wp","href":"https:\/\/api.w.org\/{rel}","templated":true}]}}