{"id":694846,"date":"2024-08-17T17:23:25","date_gmt":"2024-08-17T14:23:25","guid":{"rendered":"https:\/\/nbg.eu\/product\/trigger-bar-spring-kmr\/"},"modified":"2026-02-26T12:13:55","modified_gmt":"2026-02-26T09:13:55","slug":"trigger-bar-spring-kmr","status":"publish","type":"product","link":"https:\/\/nbg.eu\/hu\/termek\/trigger-bar-spring-kmr\/","title":{"rendered":"Ravasz r\u00fag\u00f3 KMR"},"content":{"rendered":"<h2>Fegyvertrigger r\u00fag\u00f3 KMR fegyverekhez<\/h2>\n<p>Pontoss\u00e1ggal \u00e9s tart\u00f3ss\u00e1ggal m\u00e9rn\u00f6ki m\u00f3don kialak\u00edtott, amely gondoskodik a sima, megb\u00edzhat\u00f3 triggerm\u0171k\u00f6d\u00e9sr\u0151l ezekben a fejlett fegyverrendszerekben. Robosztus fel\u00e9p\u00edt\u00e9se \u00e9s gondos tervez\u00e9se k\u00f6vetkezetes teljes\u00edtm\u00e9nyt biztos\u00edt, m\u00e9g a legig\u00e9nyesebb k\u00f6rnyezetekben is.<\/p>\n<p>F\u00fcggetlen\u00fcl att\u00f3l, hogy profi l\u00f6v\u00e9sz vagy szenved\u00e9lyes rajong\u00f3 vagy, ez az alkatr\u00e9sz elengedhetetlen csereeszk\u00f6z a KMR fegyverek optim\u00e1lis m\u0171k\u00f6d\u00e9s\u00e9nek fenntart\u00e1s\u00e1hoz. Fektessen be ebbe a min\u0151s\u00e9gi alkatr\u00e9szbe, hogy fegyverei cs\u00facsteljes\u00edtm\u00e9nyen m\u0171k\u00f6dhessenek.<\/p>\n<p>KMR fegyverekhez:<\/p>\n<p>KMR L-02 SPECTRA 2024-t\u0151l<\/p>\n<p>KMR L-02 SPECTRA 2023-ig<\/p>\n<p>KMR L-02 UMBRA (VAGY) SR<\/p>\n<p>KMR S-01 LANCE (VAGY)<\/p>\n<p>KMR S-02 2024-t\u0151l<\/p>\n<p>KMR S-02 2023-ig<\/p>\n<p>KMR W-02 CUDA (VAGY)<\/p>\n<p>KMR W-02 UMBRA<\/p>\n<p>KMR W-02 UMBRA (VAGY)<\/p>\n","protected":false},"excerpt":{"rendered":"<p>Ravasz r\u00fag\u00f3 a KMR modellekhez.<\/p>\n","protected":false},"featured_media":24641,"template":"","meta":{"_acf_changed":false},"product_brand":[11502],"product_cat":[12917,12935],"product_tag":[],"class_list":{"0":"post-694846","1":"product","2":"type-product","3":"status-publish","4":"has-post-thumbnail","6":"product_brand-kmr-precision","7":"product_cat-kmr-alkatreszek","8":"product_cat-rugok","10":"first","11":"instock","12":"taxable","13":"shipping-taxable","14":"product-type-simple"},"acf":[],"_links":{"self":[{"href":"https:\/\/nbg.eu\/hu\/wp-json\/wp\/v2\/product\/694846","targetHints":{"allow":["GET"]}}],"collection":[{"href":"https:\/\/nbg.eu\/hu\/wp-json\/wp\/v2\/product"}],"about":[{"href":"https:\/\/nbg.eu\/hu\/wp-json\/wp\/v2\/types\/product"}],"wp:featuredmedia":[{"embeddable":true,"href":"https:\/\/nbg.eu\/hu\/wp-json\/wp\/v2\/media\/24641"}],"wp:attachment":[{"href":"https:\/\/nbg.eu\/hu\/wp-json\/wp\/v2\/media?parent=694846"}],"wp:term":[{"taxonomy":"product_brand","embeddable":true,"href":"https:\/\/nbg.eu\/hu\/wp-json\/wp\/v2\/product_brand?post=694846"},{"taxonomy":"product_cat","embeddable":true,"href":"https:\/\/nbg.eu\/hu\/wp-json\/wp\/v2\/product_cat?post=694846"},{"taxonomy":"product_tag","embeddable":true,"href":"https:\/\/nbg.eu\/hu\/wp-json\/wp\/v2\/product_tag?post=694846"}],"curies":[{"name":"wp","href":"https:\/\/api.w.org\/{rel}","templated":true}]}}