{"id":694868,"date":"2025-03-09T15:43:31","date_gmt":"2025-03-09T12:43:31","guid":{"rendered":"https:\/\/nbg.eu\/product\/blue-force-gear-trauma-kit-now-medium-medical-supplies\/"},"modified":"2026-05-13T16:43:13","modified_gmt":"2026-05-13T13:43:13","slug":"blue-force-gear-trauma-kit-now-medium-medical-supplies","status":"publish","type":"product","link":"https:\/\/nbg.eu\/hu\/termek\/blue-force-gear-trauma-kit-now-medium-medical-supplies\/","title":{"rendered":"Blue Force Gear Trauma Kit NOW! Medium Medical Supplies"},"content":{"rendered":"<h2>Blue Force Gear Trauma Kit NOW! (Medium)<\/h2>\n<p>Gyorsan hozz\u00e1f\u00e9rhet\u0151, \u00e9letment\u0151 orvosi felszerel\u00e9s a Blue Force Gear Trauma Kit NOW! (Medium) seg\u00edts\u00e9g\u00e9vel. Egy k\u00e9zzel is gyorsan m\u0171k\u00f6dtethet\u0151, ezt a k\u00e9szletet &#8222;Azonnali Cselekv\u00e9s&#8221; orvosi v\u00e9szhelyzetek kezel\u00e9s\u00e9re tervezt\u00e9k. A h\u00faz\u00f3f\u00fcl kialak\u00edt\u00e1snak k\u00f6sz\u00f6nhet\u0151en az eg\u00e9sz orvosi bet\u00e9t egyetlen mozdulattal kioldhat\u00f3, ak\u00e1r a jobb, ak\u00e1r a bal k\u00e9zzel, biztos\u00edtva, hogy a kritikus k\u00e9szletek, mint a tourniquet, mellkasi t\u00f6m\u00edt\u00e9sek \u00e9s v\u00e9rz\u00e9scsillap\u00edt\u00f3 szerek, pillanatok alatt el\u00e9rhet\u0151k legyenek, amikor minden m\u00e1sodperc sz\u00e1m\u00edt.<\/p>\n<p>A BLIP (Ballistic Line Integrated Pull) foganty\u00fa technol\u00f3gi\u00e1val, Helium Whisper r\u00f6gz\u00edt\u0151rendszerrel \u00e9s MIL-SPEC 500D Cordura kialak\u00edt\u00e1ssal k\u00e9sz\u00fclt Trauma Kit NOW! (Medium) egy tart\u00f3s \u00e9s megb\u00edzhat\u00f3 megold\u00e1s az orvosi felk\u00e9sz\u00fclts\u00e9g ig\u00e9nyeire. K\u00e9tr\u00e9szes kialak\u00edt\u00e1sa, egy k\u00fcls\u0151 t\u00e1ska \u00e9s egy elt\u00e1vol\u00edthat\u00f3 bels\u0151 bet\u00e9t, rugalmass\u00e1got \u00e9s j\u00f3 rendezetts\u00e9get biztos\u00edt, seg\u00edtve, hogy b\u00e1rmely v\u00e9szhelyzetre felk\u00e9sz\u00fclten \u00e1llj.<\/p>\n","protected":false},"excerpt":{"rendered":"<p>Gyors-hozz\u00e1f\u00e9r\u00e9s\u0171 trauma k\u00e9szlet l\u00e9tfontoss\u00e1g\u00fa ment\u0151felszerel\u00e9ssel.<\/p>\n","protected":false},"featured_media":251684,"template":"","meta":{"_acf_changed":false},"product_brand":[11131],"product_cat":[12924],"product_tag":[],"class_list":{"0":"post-694868","1":"product","2":"type-product","3":"status-publish","4":"has-post-thumbnail","6":"product_brand-blue-force-gear","7":"product_cat-orvosi","9":"first","10":"instock","11":"taxable","12":"shipping-taxable","13":"purchasable","14":"product-type-variable","15":"wvs-archive-product-wrapper"},"acf":[],"_links":{"self":[{"href":"https:\/\/nbg.eu\/hu\/wp-json\/wp\/v2\/product\/694868","targetHints":{"allow":["GET"]}}],"collection":[{"href":"https:\/\/nbg.eu\/hu\/wp-json\/wp\/v2\/product"}],"about":[{"href":"https:\/\/nbg.eu\/hu\/wp-json\/wp\/v2\/types\/product"}],"wp:featuredmedia":[{"embeddable":true,"href":"https:\/\/nbg.eu\/hu\/wp-json\/wp\/v2\/media\/251684"}],"wp:attachment":[{"href":"https:\/\/nbg.eu\/hu\/wp-json\/wp\/v2\/media?parent=694868"}],"wp:term":[{"taxonomy":"product_brand","embeddable":true,"href":"https:\/\/nbg.eu\/hu\/wp-json\/wp\/v2\/product_brand?post=694868"},{"taxonomy":"product_cat","embeddable":true,"href":"https:\/\/nbg.eu\/hu\/wp-json\/wp\/v2\/product_cat?post=694868"},{"taxonomy":"product_tag","embeddable":true,"href":"https:\/\/nbg.eu\/hu\/wp-json\/wp\/v2\/product_tag?post=694868"}],"curies":[{"name":"wp","href":"https:\/\/api.w.org\/{rel}","templated":true}]}}