{"id":694891,"date":"2024-08-18T11:20:42","date_gmt":"2024-08-18T08:20:42","guid":{"rendered":"https:\/\/nbg.eu\/product\/trigger-bar-sa-da-kmr-l\/"},"modified":"2026-05-13T16:02:51","modified_gmt":"2026-05-13T13:02:51","slug":"trigger-bar-sa-da-kmr-l","status":"publish","type":"product","link":"https:\/\/nbg.eu\/hu\/termek\/trigger-bar-sa-da-kmr-l\/","title":{"rendered":"KMR Els\u00fct\u0151r\u00fad SA\/DA L"},"content":{"rendered":"<h2>Trigger Bar SA\/DA KMR L<\/h2>\n<p>A Trigger Bar SA\/DA KMR L egy alapvet\u0151 bels\u0151 alkatr\u00e9sz a KMR L modellhez, amely lehet\u0151v\u00e9 teszi mind az egycsap\u00e1sos (SA), mind a dupla csap\u00e1sos (DA) m\u0171k\u00f6d\u00e9st. Ez az alkatr\u00e9sz tov\u00e1bb\u00edtja a ravasz mozg\u00e1s\u00e1t a t\u0171zszerkezetre, biztos\u00edtva a megb\u00edzhat\u00f3 \u00e9s pontos l\u00f6v\u00e9st mindk\u00e9t m\u00f3dban.<\/p>\n<p>A KMR fegyverekhez:<\/p>\n<p>KMR L-02 SPECTRA 2024-t\u0151l<\/p>\n<p>KMR L-02 SPECTRA 2023-ig<\/p>\n<p>KMR L-02 UMBRA 2024-t\u0151l<\/p>\n<p>KMR L-02 UMBRA 2023-ig<\/p>\n","protected":false},"excerpt":{"rendered":"<p>\u00c1tvitelek ind\u00edtj\u00e1k a mozg\u00e1st az SA\/DA-hoz a KMR L modellekben<\/p>\n","protected":false},"featured_media":25546,"template":"","meta":{"_acf_changed":false},"product_brand":[11502],"product_cat":[12917],"product_tag":[],"class_list":{"0":"post-694891","1":"product","2":"type-product","3":"status-publish","4":"has-post-thumbnail","6":"product_brand-kmr-precision","7":"product_cat-kmr-alkatreszek","9":"first","10":"instock","11":"taxable","12":"shipping-taxable","13":"product-type-simple"},"acf":[],"_links":{"self":[{"href":"https:\/\/nbg.eu\/hu\/wp-json\/wp\/v2\/product\/694891","targetHints":{"allow":["GET"]}}],"collection":[{"href":"https:\/\/nbg.eu\/hu\/wp-json\/wp\/v2\/product"}],"about":[{"href":"https:\/\/nbg.eu\/hu\/wp-json\/wp\/v2\/types\/product"}],"wp:featuredmedia":[{"embeddable":true,"href":"https:\/\/nbg.eu\/hu\/wp-json\/wp\/v2\/media\/25546"}],"wp:attachment":[{"href":"https:\/\/nbg.eu\/hu\/wp-json\/wp\/v2\/media?parent=694891"}],"wp:term":[{"taxonomy":"product_brand","embeddable":true,"href":"https:\/\/nbg.eu\/hu\/wp-json\/wp\/v2\/product_brand?post=694891"},{"taxonomy":"product_cat","embeddable":true,"href":"https:\/\/nbg.eu\/hu\/wp-json\/wp\/v2\/product_cat?post=694891"},{"taxonomy":"product_tag","embeddable":true,"href":"https:\/\/nbg.eu\/hu\/wp-json\/wp\/v2\/product_tag?post=694891"}],"curies":[{"name":"wp","href":"https:\/\/api.w.org\/{rel}","templated":true}]}}