{"id":695143,"date":"2024-08-16T23:17:10","date_gmt":"2024-08-16T20:17:10","guid":{"rendered":"https:\/\/nbg.eu\/product\/trigger-hammer-pin-kmr\/"},"modified":"2026-05-13T16:02:03","modified_gmt":"2026-05-13T13:02:03","slug":"trigger-hammer-pin-kmr","status":"publish","type":"product","link":"https:\/\/nbg.eu\/hu\/termek\/trigger-hammer-pin-kmr\/","title":{"rendered":"KMR Els\u00fct\u0151billenty\u0171 &amp; Hammer Pin"},"content":{"rendered":"<h2>RAVASZ \u00c9S KALAP\u00c1CSOS SZ\u00d6G<\/h2>\n<p>Fejlessze l\u0151fegyvere teljes\u00edtm\u00e9ny\u00e9t a RAVASZ \u00c9S KALAP\u00c1CSOS SZ\u00d6G cser\u00e9j\u00e9vel, egy pr\u00e9mium alkatr\u00e9szgel, amelyet a ravasz m\u0171k\u00f6d\u00e9s\u00e9nek \u00e9s az \u00e1ltal\u00e1nos l\u00f6v\u00e9si \u00e9lm\u00e9ny jav\u00edt\u00e1s\u00e1ra terveztek. Kiv\u00e1l\u00f3 min\u0151s\u00e9g\u0171 anyagokb\u00f3l k\u00e9sz\u00fclt, \u00e9s \u00fagy van kialak\u00edtva, hogy jav\u00edtsa a ravasz m\u0171k\u00f6d\u00e9s\u00e9t \u00e9s a pontoss\u00e1got.<\/p>\n<p>A prec\u00edzi\u00f3s megmunk\u00e1l\u00e1s\u00fa kialak\u00edt\u00e1snak k\u00f6sz\u00f6nhet\u0151en a RAVASZ \u00c9S KALAP\u00c1CSOS SZ\u00d6G t\u00f6k\u00e9letesen illeszkedik a fegyver\u00e9be, minimaliz\u00e1lva a j\u00e1t\u00e9kot \u00e9s jav\u00edtva a ravasz reakci\u00f3j\u00e1t. Tart\u00f3s kialak\u00edt\u00e1sa k\u00e9pes ellen\u00e1llni a gyakori haszn\u00e1lat terhel\u00e9s\u00e9nek, biztos\u00edtva a hossz\u00fa t\u00e1v\u00fa megb\u00edzhat\u00f3s\u00e1got \u00e9s teljes\u00edtm\u00e9nyt.<\/p>\n<p>Egyszer\u0171 cser\u00e9hez tervezt\u00e9k, a RAVASZ \u00c9S KALAP\u00c1CSOS SZ\u00d6G gyorsan \u00e9s k\u00f6nnyen telep\u00edthet\u0151, speci\u00e1lis szersz\u00e1mok vagy nagyobb m\u00f3dos\u00edt\u00e1sok n\u00e9lk\u00fcl. F\u00fcggetlen\u00fcl att\u00f3l, hogy versenyz\u0151, taktikai oper\u00e1tor vagy szenved\u00e9lyes hobbista, ez a sz\u00f6g-k\u00e9szlet fejleszti l\u00f6v\u00e9szeti k\u00e9pess\u00e9geit, \u00e9s emeli fegyvere teljes\u00edtm\u00e9ny\u00e9t a k\u00f6vetkez\u0151 szintre.<\/p>\n<p>A k\u00f6vetkez\u0151 KMR fegyverekhez:<br \/>\nKMR L-02 EMIQ<br \/>\nKMR L-02 EMIQ (OR)<br \/>\nKMR L-02 ORCA 2024-T\u0150L<br \/>\nKMR L-02 ORCA 2023-IG<br \/>\nKMR L-02 SPECTRA 2024-T\u0150L<br \/>\nKMR L-02 SPECTRA 2023-IG<br \/>\nKMR L-02 UMBRA 2024-T\u0150L<br \/>\nKMR L-02 UMBRA 2023-IG<br \/>\nKMR S-01 LANCE (OR)<br \/>\nKMR S-02 2024-T\u0150L<br \/>\nKMR S-02 2023-IG<br \/>\nKMR W-02 CUDA 2024-T\u0150L<br \/>\nKMR W-02 CUDA 2023-IG<br \/>\nKMR W-02 UMBRA<br \/>\nKMR W-02 UMBRA (OR)<\/p>\n","protected":false},"excerpt":{"rendered":"<p>Prec\u00edzi\u00f3s m\u00e9rn\u00f6ki kivitelez\u00e9s\u0171, nagy min\u0151s\u00e9g\u0171 ravasz- \u00e9s z\u00e1v\u00e1rzatszeg KMR pisztolyokhoz.<\/p>\n","protected":false},"featured_media":720193,"template":"","meta":{"_acf_changed":false},"product_brand":[11502],"product_cat":[12917],"product_tag":[],"class_list":{"0":"post-695143","1":"product","2":"type-product","3":"status-publish","4":"has-post-thumbnail","6":"product_brand-kmr-precision","7":"product_cat-kmr-alkatreszek","9":"first","10":"instock","11":"taxable","12":"shipping-taxable","13":"product-type-simple"},"acf":[],"_links":{"self":[{"href":"https:\/\/nbg.eu\/hu\/wp-json\/wp\/v2\/product\/695143","targetHints":{"allow":["GET"]}}],"collection":[{"href":"https:\/\/nbg.eu\/hu\/wp-json\/wp\/v2\/product"}],"about":[{"href":"https:\/\/nbg.eu\/hu\/wp-json\/wp\/v2\/types\/product"}],"wp:featuredmedia":[{"embeddable":true,"href":"https:\/\/nbg.eu\/hu\/wp-json\/wp\/v2\/media\/720193"}],"wp:attachment":[{"href":"https:\/\/nbg.eu\/hu\/wp-json\/wp\/v2\/media?parent=695143"}],"wp:term":[{"taxonomy":"product_brand","embeddable":true,"href":"https:\/\/nbg.eu\/hu\/wp-json\/wp\/v2\/product_brand?post=695143"},{"taxonomy":"product_cat","embeddable":true,"href":"https:\/\/nbg.eu\/hu\/wp-json\/wp\/v2\/product_cat?post=695143"},{"taxonomy":"product_tag","embeddable":true,"href":"https:\/\/nbg.eu\/hu\/wp-json\/wp\/v2\/product_tag?post=695143"}],"curies":[{"name":"wp","href":"https:\/\/api.w.org\/{rel}","templated":true}]}}