{"id":695191,"date":"2024-08-16T23:16:32","date_gmt":"2024-08-16T20:16:32","guid":{"rendered":"https:\/\/nbg.eu\/product\/trigger-pin-kmr\/"},"modified":"2026-05-13T16:03:22","modified_gmt":"2026-05-13T13:03:22","slug":"trigger-pin-kmr","status":"publish","type":"product","link":"https:\/\/nbg.eu\/hu\/termek\/trigger-pin-kmr\/","title":{"rendered":"KMR Els\u00fct\u0151 Csap"},"content":{"rendered":"<h2>Prec\u00edzi\u00f3s ind\u00edt\u00f3 csukl\u00f3 a KMR pisztolyokhoz<\/h2>\n<p>Szabad\u00edtsa fel a KMR pisztolya teljes potenci\u00e1lj\u00e1t a pr\u00e9mium Ind\u00edt\u00f3 csappal. Edzett szersz\u00e1mac\u00e9lb\u00f3l k\u00e9sz\u00fclt, \u00e9s gondosan, sim\u00e1ra megmunk\u00e1lt fel\u00fclettel rendelkezik, amely stabil, kis s\u00farl\u00f3d\u00e1s\u00fa forg\u00e1stengely-t biztos\u00edt az ind\u00edt\u00f3 zavartalan m\u0171k\u00f6d\u00e9s\u00e9hez. Szemben a gy\u00e1ri alkatr\u00e9szekkel, az Ind\u00edt\u00f3 csap megsz\u00fcnteti az oldals\u00f3 &#8222;leng\u00e9st&#8221;, ami konzisztens, ism\u00e9telhet\u0151 ind\u00edt\u00e1st \u00e9s a keret kop\u00e1s\u00e1nak megakad\u00e1lyoz\u00e1s\u00e1t eredm\u00e9nyezi, m\u00e9g ezrek ciklus ut\u00e1n is.<\/p>\n<p>A KMR t\u0171r\u00e9sekhez pontosan m\u00e9retezett Ind\u00edt\u00f3 csap t\u00f6k\u00e9letes illeszked\u00e9st biztos\u00edt, \u00e9s z\u00f6kken\u0151mentesen integr\u00e1l\u00f3dik a pisztoly gy\u00e1ri ind\u00edt\u00f3 egys\u00e9g\u00e9be. Ez a nagy szil\u00e1rds\u00e1g\u00fa, tart\u00f3s kialak\u00edt\u00e1s optimaliz\u00e1lja az ujja \u00e9s a t\u0171zszerkezet kritikus kapcsol\u00f3d\u00e1s\u00e1t, ami fokozott pontoss\u00e1got, precizit\u00e1st \u00e9s ir\u00e1ny\u00edt\u00e1st eredm\u00e9nyez minden l\u00f6v\u00e9s sor\u00e1n.<\/p>\n<p>F\u00fcggetlen\u00fcl att\u00f3l, hogy versenysz\u00edv\u00e1nyos keresel az elrendez\u00e9sed finomhangol\u00e1s\u00e1hoz vagy szabadid\u0151s felhaszn\u00e1l\u00f3 vagy, aki friss\u00edteni szeretn\u00e9 a KMR-j\u00e9t, az Ind\u00edt\u00f3 csap az a hi\u00e1nyz\u00f3 l\u00e1ncszem, amely felszabad\u00edtja a l\u0151fegyver teljes potenci\u00e1lj\u00e1t. Tapasztalja meg, milyen k\u00fcl\u00f6nbs\u00e9get tud tenni a val\u00f3ban prec\u00edz, kis s\u00farl\u00f3d\u00e1s\u00fa ind\u00edt\u00f3 csukl\u00f3 a teljes\u00edtm\u00e9nyben \u00e9s a megb\u00edzhat\u00f3s\u00e1gban.<\/p>\n","protected":false},"excerpt":{"rendered":"<p>A ravaszz\u00e1r tengely prec\u00edzi\u00f3s tengelye. Prec\u00edzi\u00f3s csiszol\u00e1s\u00fa, edzett szersz\u00e1mac\u00e9l, ultra-sima fel\u00fcletkik\u00e9sz\u00edt\u00e9ssel \u00e9s pontos \u00e1tm\u00e9r\u0151vel a KMR gy\u00e1ri t\u0171r\u00e9seihez. Stabil, kis s\u00farl\u00f3d\u00e1s\u00fa tengelyt biztos\u00edt, ami a ravasz sima elfordul\u00e1s\u00e1t teszi lehet\u0151v\u00e9; a nagy teherb\u00edr\u00e1s\u00fa kialak\u00edt\u00e1s kik\u00fcsz\u00f6b\u00f6li a oldals\u00f3 &#8220;ide-oda mozg\u00e1st&#8221;, \u00e9s biztos\u00edtja a konzisztens, ism\u00e9telhet\u0151 ravaszh\u00faz\u00e1st, megel\u0151zve a v\u00e1z kop\u00e1s\u00e1t ak\u00e1r ezernyi ciklus alatt is.<\/p>\n","protected":false},"featured_media":23734,"template":"","meta":{"_acf_changed":false},"product_brand":[11502],"product_cat":[12917],"product_tag":[],"class_list":{"0":"post-695191","1":"product","2":"type-product","3":"status-publish","4":"has-post-thumbnail","6":"product_brand-kmr-precision","7":"product_cat-kmr-alkatreszek","9":"first","10":"instock","11":"taxable","12":"shipping-taxable","13":"product-type-simple"},"acf":[],"_links":{"self":[{"href":"https:\/\/nbg.eu\/hu\/wp-json\/wp\/v2\/product\/695191","targetHints":{"allow":["GET"]}}],"collection":[{"href":"https:\/\/nbg.eu\/hu\/wp-json\/wp\/v2\/product"}],"about":[{"href":"https:\/\/nbg.eu\/hu\/wp-json\/wp\/v2\/types\/product"}],"wp:featuredmedia":[{"embeddable":true,"href":"https:\/\/nbg.eu\/hu\/wp-json\/wp\/v2\/media\/23734"}],"wp:attachment":[{"href":"https:\/\/nbg.eu\/hu\/wp-json\/wp\/v2\/media?parent=695191"}],"wp:term":[{"taxonomy":"product_brand","embeddable":true,"href":"https:\/\/nbg.eu\/hu\/wp-json\/wp\/v2\/product_brand?post=695191"},{"taxonomy":"product_cat","embeddable":true,"href":"https:\/\/nbg.eu\/hu\/wp-json\/wp\/v2\/product_cat?post=695191"},{"taxonomy":"product_tag","embeddable":true,"href":"https:\/\/nbg.eu\/hu\/wp-json\/wp\/v2\/product_tag?post=695191"}],"curies":[{"name":"wp","href":"https:\/\/api.w.org\/{rel}","templated":true}]}}